{"id":1112,"date":"2022-07-04T08:58:25","date_gmt":"2022-07-04T08:58:25","guid":{"rendered":"http:\/\/ameliesamson.com\/?page_id=1112"},"modified":"2024-12-26T18:28:32","modified_gmt":"2024-12-26T18:28:32","slug":"teaching","status":"publish","type":"page","link":"http:\/\/ameliesamson.com\/index.php\/en\/teaching\/","title":{"rendered":"teaching"},"content":{"rendered":"\t\t<div data-elementor-type=\"wp-page\" data-elementor-id=\"1112\" class=\"elementor elementor-1112\">\n\t\t\t\t\t\t<section class=\"elementor-section elementor-top-section elementor-element elementor-element-23ecc72 elementor-section-boxed elementor-section-height-default elementor-section-height-default qodef-elementor-content-no\" data-id=\"23ecc72\" data-element_type=\"section\">\n\t\t\t\t\t\t<div class=\"elementor-container elementor-column-gap-default\">\n\t\t\t\t\t<div class=\"elementor-column elementor-col-33 elementor-top-column elementor-element elementor-element-a110730\" data-id=\"a110730\" data-element_type=\"column\">\n\t\t\t<div class=\"elementor-widget-wrap elementor-element-populated\">\n\t\t\t\t\t\t<div class=\"elementor-element elementor-element-5b08c7e elementor-widget elementor-widget-image\" data-id=\"5b08c7e\" data-element_type=\"widget\" data-widget_type=\"image.default\">\n\t\t\t\t<div class=\"elementor-widget-container\">\n\t\t\t<style>\/*! elementor - v3.19.0 - 07-02-2024 *\/\n.elementor-widget-image{text-align:center}.elementor-widget-image a{display:inline-block}.elementor-widget-image a img[src$=\".svg\"]{width:48px}.elementor-widget-image img{vertical-align:middle;display:inline-block}<\/style>\t\t\t\t\t\t\t\t\t\t<img fetchpriority=\"high\" decoding=\"async\" width=\"768\" height=\"1027\" src=\"http:\/\/ameliesamson.com\/wp-content\/uploads\/2022\/07\/tulipomanie.jpg\" class=\"attachment-medium_large size-medium_large wp-image-580\" alt=\"Workshop Tulipomanie\" \/>\t\t\t\t\t\t\t\t\t\t\t\t\t<\/div>\n\t\t\t\t<\/div>\n\t\t\t\t<div class=\"elementor-element elementor-element-dabc3c3 elementor-widget elementor-widget-heading\" data-id=\"dabc3c3\" data-element_type=\"widget\" data-widget_type=\"heading.default\">\n\t\t\t\t<div class=\"elementor-widget-container\">\n\t\t\t<style>\/*! elementor - v3.19.0 - 07-02-2024 *\/\n.elementor-heading-title{padding:0;margin:0;line-height:1}.elementor-widget-heading .elementor-heading-title[class*=elementor-size-]>a{color:inherit;font-size:inherit;line-height:inherit}.elementor-widget-heading .elementor-heading-title.elementor-size-small{font-size:15px}.elementor-widget-heading .elementor-heading-title.elementor-size-medium{font-size:19px}.elementor-widget-heading .elementor-heading-title.elementor-size-large{font-size:29px}.elementor-widget-heading .elementor-heading-title.elementor-size-xl{font-size:39px}.elementor-widget-heading .elementor-heading-title.elementor-size-xxl{font-size:59px}<\/style><h5 class=\"elementor-heading-title elementor-size-medium\">Tulipomanie ( Workshop )<\/h5>\t\t<\/div>\n\t\t\t\t<\/div>\n\t\t\t\t<div class=\"elementor-element elementor-element-490a116 elementor-widget elementor-widget-text-editor\" data-id=\"490a116\" data-element_type=\"widget\" data-widget_type=\"text-editor.default\">\n\t\t\t\t<div class=\"elementor-widget-container\">\n\t\t\t<style>\/*! elementor - v3.19.0 - 07-02-2024 *\/\n.elementor-widget-text-editor.elementor-drop-cap-view-stacked .elementor-drop-cap{background-color:#69727d;color:#fff}.elementor-widget-text-editor.elementor-drop-cap-view-framed .elementor-drop-cap{color:#69727d;border:3px solid;background-color:transparent}.elementor-widget-text-editor:not(.elementor-drop-cap-view-default) .elementor-drop-cap{margin-top:8px}.elementor-widget-text-editor:not(.elementor-drop-cap-view-default) .elementor-drop-cap-letter{width:1em;height:1em}.elementor-widget-text-editor .elementor-drop-cap{float:left;text-align:center;line-height:1;font-size:50px}.elementor-widget-text-editor .elementor-drop-cap-letter{display:inline-block}<\/style>\t\t\t\t<p>\u25ba Introduction to data-sculpture at the exhibition <a href=\"https:\/\/esadorleans.fr\/search_bar_2_exposition_collegiale\/\"><strong>Tant qu&#8217;il y aura des fleurs<\/strong><\/a>, march 2022, Coll\u00e9giale Saint-Pierre-le-Puellier, Orl\u00e9ans (FR)<\/p><p>Audience: Art students <br \/>Date: March 2022<\/p><p>Subject: From Dutch still lifes to Jeff Koons&#8217; monumental Bouquet or Mona Oren&#8217;s Wax Flowers, tulips are an essential element in the history of art. Native originally from the Himalayas, this flower has fascinated people to the point of leading to the first stock market crashet in recorded history&#8230; In a world where everything is being archived, what traces do these flowers leave on the Web? Whether it&#8217;s on Instagram, in countless scientific articles or thanks to Google trend tools, tulip-related data abounds.<\/p><p>As an introduction to the practice of data-sculpture, we will be working at the frontier between digital and traditional techniques, making this &#8216;data&#8217; one of our raw materials, in the same way as coloured inks, Chinese ink and paper. We&#8217;ll be using this data to create a contemporary portrait of the flower, taking care to break away from bar charts and pie charts.<\/p>\t\t\t\t\t\t<\/div>\n\t\t\t\t<\/div>\n\t\t\t\t\t<\/div>\n\t\t<\/div>\n\t\t\t\t<div class=\"elementor-column elementor-col-33 elementor-top-column elementor-element elementor-element-c6a31cb\" data-id=\"c6a31cb\" data-element_type=\"column\">\n\t\t\t<div class=\"elementor-widget-wrap elementor-element-populated\">\n\t\t\t\t\t\t<div class=\"elementor-element elementor-element-f528246 elementor-widget elementor-widget-image\" data-id=\"f528246\" data-element_type=\"widget\" data-widget_type=\"image.default\">\n\t\t\t\t<div class=\"elementor-widget-container\">\n\t\t\t\t\t\t\t\t\t\t\t\t\t<img decoding=\"async\" width=\"766\" height=\"1024\" src=\"http:\/\/ameliesamson.com\/wp-content\/uploads\/2022\/07\/lesformesdutemps.jpg\" class=\"attachment-large size-large wp-image-581\" alt=\"Workshop Les formes du Temps\" \/>\t\t\t\t\t\t\t\t\t\t\t\t\t<\/div>\n\t\t\t\t<\/div>\n\t\t\t\t<div class=\"elementor-element elementor-element-21c6cab elementor-widget elementor-widget-heading\" data-id=\"21c6cab\" data-element_type=\"widget\" data-widget_type=\"heading.default\">\n\t\t\t\t<div class=\"elementor-widget-container\">\n\t\t\t<h5 class=\"elementor-heading-title elementor-size-medium\">Shapes of time ( Workshop \/ Course )<\/h5>\t\t<\/div>\n\t\t\t\t<\/div>\n\t\t\t\t<div class=\"elementor-element elementor-element-f96214a elementor-widget elementor-widget-text-editor\" data-id=\"f96214a\" data-element_type=\"widget\" data-widget_type=\"text-editor.default\">\n\t\t\t\t<div class=\"elementor-widget-container\">\n\t\t\t\t\t\t\t<p>\u25ba Introductory course in design research \/ ceramic work.<br \/>\u25ba As Collectif Ka\u00efros with Eva Vedel<\/p><p>Audience: first-year students at the \u00c9cole Sup\u00e9rieure d&#8217;Art et de Design d&#8217;Orl\u00e9ans.<br \/>Dates : November, December 2021, March 2022<\/p><p>Subject: This workshop is an invitation to reflect on our relationship with time through the medium of ceramics. Working alone or in groups, students will each take it in turns to interpret the three antique figures of time: Chronos, Ka\u00efros and Ai\u00f4n. The aim is not to illustrate, but to work on representations, materializations and echoes of these three Greek symbols in relation to our own society.<\/p><p>How can time be interpreted poetically or politically? How do we experience it in the era of a digitised society, hyper-connectivity and the complete unrestricted availability of information, objects and data? Are we the masters of our own time? Our creative approach is based on short performances, each day participants will take hold of one of the three concepts of time to give it concrete form. The aim is to engage in critical reflection through the demanding process of working with clay, the &#8220;material of memory&#8221;.<\/p>\t\t\t\t\t\t<\/div>\n\t\t\t\t<\/div>\n\t\t\t\t\t<\/div>\n\t\t<\/div>\n\t\t\t\t<div class=\"elementor-column elementor-col-33 elementor-top-column elementor-element elementor-element-b96c1bd\" data-id=\"b96c1bd\" data-element_type=\"column\">\n\t\t\t<div class=\"elementor-widget-wrap elementor-element-populated\">\n\t\t\t\t\t\t<div class=\"elementor-element elementor-element-059f4dc elementor-widget elementor-widget-image\" data-id=\"059f4dc\" data-element_type=\"widget\" data-widget_type=\"image.default\">\n\t\t\t\t<div class=\"elementor-widget-container\">\n\t\t\t\t\t\t\t\t\t\t\t\t\t<img decoding=\"async\" width=\"766\" height=\"1024\" src=\"http:\/\/ameliesamson.com\/wp-content\/uploads\/2024\/02\/Programme-APA-1-1.jpg\" class=\"attachment-large size-large wp-image-1471\" alt=\"\" \/>\t\t\t\t\t\t\t\t\t\t\t\t\t<\/div>\n\t\t\t\t<\/div>\n\t\t\t\t<div class=\"elementor-element elementor-element-f6a8079 elementor-widget elementor-widget-heading\" data-id=\"f6a8079\" data-element_type=\"widget\" data-widget_type=\"heading.default\">\n\t\t\t\t<div class=\"elementor-widget-container\">\n\t\t\t<h5 class=\"elementor-heading-title elementor-size-medium\">Design it Yourself<\/h5>\t\t<\/div>\n\t\t\t\t<\/div>\n\t\t\t\t<div class=\"elementor-element elementor-element-42cda03 elementor-widget elementor-widget-text-editor\" data-id=\"42cda03\" data-element_type=\"widget\" data-widget_type=\"text-editor.default\">\n\t\t\t\t<div class=\"elementor-widget-container\">\n\t\t\t\t\t\t\t<p>\u25ba\u00a0 Introduction to object design (Orl\u00e9ans, France)<\/p><p>Public: Adults (amateur practitioners)<br \/>Date: Academic year 2023 \/ 2024<\/p><p>Subject: This multi-material workshop offers a hands-on approach to the basics of making and designing objects, through an introduction to different techniques for transforming a two-dimensional material into a volume object. Participants will learn the basics of drawing, modelling, design and digital cutting. The workshop will also look at a number of key objects from the history of design in order to introduce practical exercises based on form, technique or material. Various thematic sessions and exercises will prepare participants for the development, at a later stage, of a sculptural or utilitarian object of their own<\/p>\t\t\t\t\t\t<\/div>\n\t\t\t\t<\/div>\n\t\t\t\t\t<\/div>\n\t\t<\/div>\n\t\t\t\t\t<\/div>\n\t\t<\/section>\n\t\t\t\t<section class=\"elementor-section elementor-top-section elementor-element elementor-element-1cbe84a elementor-section-boxed elementor-section-height-default elementor-section-height-default qodef-elementor-content-no\" data-id=\"1cbe84a\" data-element_type=\"section\">\n\t\t\t\t\t\t<div class=\"elementor-container elementor-column-gap-default\">\n\t\t\t\t\t<div class=\"elementor-column elementor-col-33 elementor-top-column elementor-element elementor-element-95497dc\" data-id=\"95497dc\" data-element_type=\"column\">\n\t\t\t<div class=\"elementor-widget-wrap elementor-element-populated\">\n\t\t\t\t\t\t<div class=\"elementor-element elementor-element-e961a2a elementor-widget elementor-widget-image\" data-id=\"e961a2a\" data-element_type=\"widget\" data-widget_type=\"image.default\">\n\t\t\t\t<div class=\"elementor-widget-container\">\n\t\t\t\t\t\t\t\t\t\t\t\t\t<img loading=\"lazy\" decoding=\"async\" width=\"1024\" height=\"576\" src=\"http:\/\/ameliesamson.com\/wp-content\/uploads\/2022\/07\/Sculpture-de-donnees_Kairos_Eva-Vedel7.jpg\" class=\"attachment-large size-large wp-image-582\" alt=\"Sculpture de donn\u00e9es\" \/>\t\t\t\t\t\t\t\t\t\t\t\t\t<\/div>\n\t\t\t\t<\/div>\n\t\t\t\t<div class=\"elementor-element elementor-element-16f861d elementor-widget elementor-widget-heading\" data-id=\"16f861d\" data-element_type=\"widget\" data-widget_type=\"heading.default\">\n\t\t\t\t<div class=\"elementor-widget-container\">\n\t\t\t<h5 class=\"elementor-heading-title elementor-size-medium\">Totem ( Amateur practical workshop )<\/h5>\t\t<\/div>\n\t\t\t\t<\/div>\n\t\t\t\t<div class=\"elementor-element elementor-element-ed2b172 elementor-widget elementor-widget-text-editor\" data-id=\"ed2b172\" data-element_type=\"widget\" data-widget_type=\"text-editor.default\">\n\t\t\t\t<div class=\"elementor-widget-container\">\n\t\t\t\t\t\t\t<p>\u25ba Modelling and data: &#8220;totems&#8221; in the manner of the Amerindians, 108 Maison Bourgogne (Orl\u00e9ans)<br \/>\u25ba As Collectif Ka\u00efros with Eva Vedel<\/p><p>Public: teenagers aged 12-16<br \/>Date: July 2021<\/p><p>Topic: Amerindian peoples preserve the stories of their culture by carving wooden totem poles whose style is unique to each clan. These symbolic representations tell the story of their myths and legends. They embody data (dates, information, ideas) in matter. We will be revisiting this practice, now almost extinct, through ceramic modelling using data as a material of creative expression. In the manner of the Amerindians we will transform the story we have selected into a totem. A number turns into a figure, a date into a texture, an emotion is transformed into colour&#8230; Our stories will take the shape of stackable modules to create vertical sculptures. This way, we can stage our stories and allow ourselves to be surprised by unexpected combinations.<\/p>\t\t\t\t\t\t<\/div>\n\t\t\t\t<\/div>\n\t\t\t\t\t<\/div>\n\t\t<\/div>\n\t\t\t\t<div class=\"elementor-column elementor-col-33 elementor-top-column elementor-element elementor-element-b7ac5c6\" data-id=\"b7ac5c6\" data-element_type=\"column\">\n\t\t\t<div class=\"elementor-widget-wrap\">\n\t\t\t\t\t\t\t<\/div>\n\t\t<\/div>\n\t\t\t\t<div class=\"elementor-column elementor-col-33 elementor-top-column elementor-element elementor-element-f909db8\" data-id=\"f909db8\" data-element_type=\"column\">\n\t\t\t<div class=\"elementor-widget-wrap\">\n\t\t\t\t\t\t\t<\/div>\n\t\t<\/div>\n\t\t\t\t\t<\/div>\n\t\t<\/section>\n\t\t\t\t<section class=\"elementor-section elementor-top-section elementor-element elementor-element-20ccbcb elementor-section-boxed elementor-section-height-default elementor-section-height-default qodef-elementor-content-no\" data-id=\"20ccbcb\" data-element_type=\"section\">\n\t\t\t\t\t\t<div class=\"elementor-container elementor-column-gap-default\">\n\t\t\t\t\t<div class=\"elementor-column elementor-col-50 elementor-top-column elementor-element elementor-element-3cd2fe8\" data-id=\"3cd2fe8\" data-element_type=\"column\">\n\t\t\t<div class=\"elementor-widget-wrap\">\n\t\t\t\t\t\t\t<\/div>\n\t\t<\/div>\n\t\t\t\t<div class=\"elementor-column elementor-col-50 elementor-top-column elementor-element elementor-element-c7038bb\" data-id=\"c7038bb\" data-element_type=\"column\">\n\t\t\t<div class=\"elementor-widget-wrap\">\n\t\t\t\t\t\t\t<\/div>\n\t\t<\/div>\n\t\t\t\t\t<\/div>\n\t\t<\/section>\n\t\t\t\t<\/div>\n\t\t","protected":false},"excerpt":{"rendered":"<p>Tulipomanie ( Workshop ) \u25ba Introduction to data-sculpture at the exhibition Tant qu&#8217;il y aura des fleurs, march 2022, Coll\u00e9giale Saint-Pierre-le-Puellier, Orl\u00e9ans (FR) Audience: Art students Date: March 2022 Subject: From Dutch still lifes to Jeff Koons&#8217; monumental Bouquet or Mona Oren&#8217;s Wax Flowers, tulips are an essential element in the history of art. Native [&hellip;]<\/p>\n","protected":false},"author":1,"featured_media":0,"parent":0,"menu_order":0,"comment_status":"closed","ping_status":"closed","template":"","meta":{"footnotes":""},"class_list":["post-1112","page","type-page","status-publish","hentry"],"yoast_head":"<!-- This site is optimized with the Yoast SEO plugin v26.8 - https:\/\/yoast.com\/product\/yoast-seo-wordpress\/ -->\n<title>teaching - Amelie Samson<\/title>\n<meta name=\"description\" content=\"Workshop - Recherche - Enseignement - Num\u00e9rique - Data - Collectif Ka\u00efros - \u00c9tudiants - Dessin - Sclulpture\" \/>\n<meta name=\"robots\" content=\"index, follow, max-snippet:-1, max-image-preview:large, max-video-preview:-1\" \/>\n<link rel=\"canonical\" href=\"http:\/\/ameliesamson.com\/index.php\/en\/teaching\/\" \/>\n<meta property=\"og:locale\" content=\"fr_FR\" \/>\n<meta property=\"og:type\" content=\"article\" \/>\n<meta property=\"og:title\" content=\"teaching - Amelie Samson\" \/>\n<meta property=\"og:description\" content=\"Workshop - Recherche - Enseignement - Num\u00e9rique - Data - Collectif Ka\u00efros - \u00c9tudiants - Dessin - Sclulpture\" \/>\n<meta property=\"og:url\" content=\"http:\/\/ameliesamson.com\/index.php\/en\/teaching\/\" \/>\n<meta property=\"og:site_name\" content=\"Amelie Samson\" \/>\n<meta property=\"article:modified_time\" content=\"2024-12-26T18:28:32+00:00\" \/>\n<meta property=\"og:image\" content=\"http:\/\/ameliesamson.com\/wp-content\/uploads\/2022\/07\/tulipomanie.jpg\" \/>\n<meta name=\"twitter:card\" content=\"summary_large_image\" \/>\n<meta name=\"twitter:site\" content=\"@AmlieSamson\" \/>\n<meta name=\"twitter:label1\" content=\"Dur\u00e9e de lecture estim\u00e9e\" \/>\n\t<meta name=\"twitter:data1\" content=\"5 minutes\" \/>\n<script type=\"application\/ld+json\" class=\"yoast-schema-graph\">{\"@context\":\"https:\/\/schema.org\",\"@graph\":[{\"@type\":\"WebPage\",\"@id\":\"http:\/\/ameliesamson.com\/index.php\/en\/teaching\/\",\"url\":\"http:\/\/ameliesamson.com\/index.php\/en\/teaching\/\",\"name\":\"teaching - Amelie Samson\",\"isPartOf\":{\"@id\":\"http:\/\/ameliesamson.com\/#website\"},\"primaryImageOfPage\":{\"@id\":\"http:\/\/ameliesamson.com\/index.php\/en\/teaching\/#primaryimage\"},\"image\":{\"@id\":\"http:\/\/ameliesamson.com\/index.php\/en\/teaching\/#primaryimage\"},\"thumbnailUrl\":\"http:\/\/ameliesamson.com\/wp-content\/uploads\/2022\/07\/tulipomanie.jpg\",\"datePublished\":\"2022-07-04T08:58:25+00:00\",\"dateModified\":\"2024-12-26T18:28:32+00:00\",\"description\":\"Workshop - Recherche - Enseignement - Num\u00e9rique - Data - Collectif Ka\u00efros - \u00c9tudiants - Dessin - Sclulpture\",\"breadcrumb\":{\"@id\":\"http:\/\/ameliesamson.com\/index.php\/en\/teaching\/#breadcrumb\"},\"inLanguage\":\"fr-FR\",\"potentialAction\":[{\"@type\":\"ReadAction\",\"target\":[\"http:\/\/ameliesamson.com\/index.php\/en\/teaching\/\"]}]},{\"@type\":\"ImageObject\",\"inLanguage\":\"fr-FR\",\"@id\":\"http:\/\/ameliesamson.com\/index.php\/en\/teaching\/#primaryimage\",\"url\":\"http:\/\/ameliesamson.com\/wp-content\/uploads\/2022\/07\/tulipomanie.jpg\",\"contentUrl\":\"http:\/\/ameliesamson.com\/wp-content\/uploads\/2022\/07\/tulipomanie.jpg\",\"width\":1080,\"height\":1444,\"caption\":\"Workshop Tulipomanie - Enseignement - Data -Dessin - Tulipe\"},{\"@type\":\"BreadcrumbList\",\"@id\":\"http:\/\/ameliesamson.com\/index.php\/en\/teaching\/#breadcrumb\",\"itemListElement\":[{\"@type\":\"ListItem\",\"position\":1,\"name\":\"Accueil\",\"item\":\"http:\/\/ameliesamson.com\/\"},{\"@type\":\"ListItem\",\"position\":2,\"name\":\"teaching\"}]},{\"@type\":\"WebSite\",\"@id\":\"http:\/\/ameliesamson.com\/#website\",\"url\":\"http:\/\/ameliesamson.com\/\",\"name\":\"Amelie Samson\",\"description\":\"\",\"publisher\":{\"@id\":\"http:\/\/ameliesamson.com\/#\/schema\/person\/894f5f1404401bc140412a7266c729ef\"},\"potentialAction\":[{\"@type\":\"SearchAction\",\"target\":{\"@type\":\"EntryPoint\",\"urlTemplate\":\"http:\/\/ameliesamson.com\/?s={search_term_string}\"},\"query-input\":{\"@type\":\"PropertyValueSpecification\",\"valueRequired\":true,\"valueName\":\"search_term_string\"}}],\"inLanguage\":\"fr-FR\"},{\"@type\":[\"Person\",\"Organization\"],\"@id\":\"http:\/\/ameliesamson.com\/#\/schema\/person\/894f5f1404401bc140412a7266c729ef\",\"name\":\"Amelie\",\"image\":{\"@type\":\"ImageObject\",\"inLanguage\":\"fr-FR\",\"@id\":\"http:\/\/ameliesamson.com\/#\/schema\/person\/image\/\",\"url\":\"http:\/\/ameliesamson.com\/wp-content\/uploads\/2024\/09\/LOGO-2024-BQ.jpg\",\"contentUrl\":\"http:\/\/ameliesamson.com\/wp-content\/uploads\/2024\/09\/LOGO-2024-BQ.jpg\",\"width\":1080,\"height\":1080,\"caption\":\"Amelie\"},\"logo\":{\"@id\":\"http:\/\/ameliesamson.com\/#\/schema\/person\/image\/\"},\"sameAs\":[\"http:\/\/ameliesamson.com\/\",\"https:\/\/www.instagram.com\/am.sam_design\/\",\"https:\/\/fr.linkedin.com\/in\/amlie-samson-a4b9ba166\",\"https:\/\/x.com\/https:\/\/twitter.com\/AmlieSamson\"]}]}<\/script>\n<!-- \/ Yoast SEO plugin. -->","yoast_head_json":{"title":"teaching - Amelie Samson","description":"Workshop - Recherche - Enseignement - Num\u00e9rique - Data - Collectif Ka\u00efros - \u00c9tudiants - Dessin - Sclulpture","robots":{"index":"index","follow":"follow","max-snippet":"max-snippet:-1","max-image-preview":"max-image-preview:large","max-video-preview":"max-video-preview:-1"},"canonical":"http:\/\/ameliesamson.com\/index.php\/en\/teaching\/","og_locale":"fr_FR","og_type":"article","og_title":"teaching - Amelie Samson","og_description":"Workshop - Recherche - Enseignement - Num\u00e9rique - Data - Collectif Ka\u00efros - \u00c9tudiants - Dessin - Sclulpture","og_url":"http:\/\/ameliesamson.com\/index.php\/en\/teaching\/","og_site_name":"Amelie Samson","article_modified_time":"2024-12-26T18:28:32+00:00","og_image":[{"url":"http:\/\/ameliesamson.com\/wp-content\/uploads\/2022\/07\/tulipomanie.jpg","type":"","width":"","height":""}],"twitter_card":"summary_large_image","twitter_site":"@AmlieSamson","twitter_misc":{"Dur\u00e9e de lecture estim\u00e9e":"5 minutes"},"schema":{"@context":"https:\/\/schema.org","@graph":[{"@type":"WebPage","@id":"http:\/\/ameliesamson.com\/index.php\/en\/teaching\/","url":"http:\/\/ameliesamson.com\/index.php\/en\/teaching\/","name":"teaching - Amelie Samson","isPartOf":{"@id":"http:\/\/ameliesamson.com\/#website"},"primaryImageOfPage":{"@id":"http:\/\/ameliesamson.com\/index.php\/en\/teaching\/#primaryimage"},"image":{"@id":"http:\/\/ameliesamson.com\/index.php\/en\/teaching\/#primaryimage"},"thumbnailUrl":"http:\/\/ameliesamson.com\/wp-content\/uploads\/2022\/07\/tulipomanie.jpg","datePublished":"2022-07-04T08:58:25+00:00","dateModified":"2024-12-26T18:28:32+00:00","description":"Workshop - Recherche - Enseignement - Num\u00e9rique - Data - Collectif Ka\u00efros - \u00c9tudiants - Dessin - Sclulpture","breadcrumb":{"@id":"http:\/\/ameliesamson.com\/index.php\/en\/teaching\/#breadcrumb"},"inLanguage":"fr-FR","potentialAction":[{"@type":"ReadAction","target":["http:\/\/ameliesamson.com\/index.php\/en\/teaching\/"]}]},{"@type":"ImageObject","inLanguage":"fr-FR","@id":"http:\/\/ameliesamson.com\/index.php\/en\/teaching\/#primaryimage","url":"http:\/\/ameliesamson.com\/wp-content\/uploads\/2022\/07\/tulipomanie.jpg","contentUrl":"http:\/\/ameliesamson.com\/wp-content\/uploads\/2022\/07\/tulipomanie.jpg","width":1080,"height":1444,"caption":"Workshop Tulipomanie - Enseignement - Data -Dessin - Tulipe"},{"@type":"BreadcrumbList","@id":"http:\/\/ameliesamson.com\/index.php\/en\/teaching\/#breadcrumb","itemListElement":[{"@type":"ListItem","position":1,"name":"Accueil","item":"http:\/\/ameliesamson.com\/"},{"@type":"ListItem","position":2,"name":"teaching"}]},{"@type":"WebSite","@id":"http:\/\/ameliesamson.com\/#website","url":"http:\/\/ameliesamson.com\/","name":"Amelie Samson","description":"","publisher":{"@id":"http:\/\/ameliesamson.com\/#\/schema\/person\/894f5f1404401bc140412a7266c729ef"},"potentialAction":[{"@type":"SearchAction","target":{"@type":"EntryPoint","urlTemplate":"http:\/\/ameliesamson.com\/?s={search_term_string}"},"query-input":{"@type":"PropertyValueSpecification","valueRequired":true,"valueName":"search_term_string"}}],"inLanguage":"fr-FR"},{"@type":["Person","Organization"],"@id":"http:\/\/ameliesamson.com\/#\/schema\/person\/894f5f1404401bc140412a7266c729ef","name":"Amelie","image":{"@type":"ImageObject","inLanguage":"fr-FR","@id":"http:\/\/ameliesamson.com\/#\/schema\/person\/image\/","url":"http:\/\/ameliesamson.com\/wp-content\/uploads\/2024\/09\/LOGO-2024-BQ.jpg","contentUrl":"http:\/\/ameliesamson.com\/wp-content\/uploads\/2024\/09\/LOGO-2024-BQ.jpg","width":1080,"height":1080,"caption":"Amelie"},"logo":{"@id":"http:\/\/ameliesamson.com\/#\/schema\/person\/image\/"},"sameAs":["http:\/\/ameliesamson.com\/","https:\/\/www.instagram.com\/am.sam_design\/","https:\/\/fr.linkedin.com\/in\/amlie-samson-a4b9ba166","https:\/\/x.com\/https:\/\/twitter.com\/AmlieSamson"]}]}},"_links":{"self":[{"href":"http:\/\/ameliesamson.com\/index.php\/wp-json\/wp\/v2\/pages\/1112","targetHints":{"allow":["GET"]}}],"collection":[{"href":"http:\/\/ameliesamson.com\/index.php\/wp-json\/wp\/v2\/pages"}],"about":[{"href":"http:\/\/ameliesamson.com\/index.php\/wp-json\/wp\/v2\/types\/page"}],"author":[{"embeddable":true,"href":"http:\/\/ameliesamson.com\/index.php\/wp-json\/wp\/v2\/users\/1"}],"replies":[{"embeddable":true,"href":"http:\/\/ameliesamson.com\/index.php\/wp-json\/wp\/v2\/comments?post=1112"}],"version-history":[{"count":10,"href":"http:\/\/ameliesamson.com\/index.php\/wp-json\/wp\/v2\/pages\/1112\/revisions"}],"predecessor-version":[{"id":1912,"href":"http:\/\/ameliesamson.com\/index.php\/wp-json\/wp\/v2\/pages\/1112\/revisions\/1912"}],"wp:attachment":[{"href":"http:\/\/ameliesamson.com\/index.php\/wp-json\/wp\/v2\/media?parent=1112"}],"curies":[{"name":"wp","href":"https:\/\/api.w.org\/{rel}","templated":true}]}}