{"id":1139,"date":"2023-12-18T20:52:30","date_gmt":"2023-12-18T20:52:30","guid":{"rendered":"http:\/\/ameliesamson.com\/?page_id=1139"},"modified":"2023-12-18T21:24:10","modified_gmt":"2023-12-18T21:24:10","slug":"daedalus-2-0","status":"publish","type":"page","link":"http:\/\/ameliesamson.com\/index.php\/en\/daedalus-2-0\/","title":{"rendered":"Daedalus 2.0"},"content":{"rendered":"\t\t<div data-elementor-type=\"wp-page\" data-elementor-id=\"1139\" class=\"elementor elementor-1139\">\n\t\t\t\t\t\t<section class=\"elementor-section elementor-top-section elementor-element elementor-element-73e1331 elementor-section-boxed elementor-section-height-default elementor-section-height-default qodef-elementor-content-no\" data-id=\"73e1331\" data-element_type=\"section\">\n\t\t\t\t\t\t<div class=\"elementor-container elementor-column-gap-default\">\n\t\t\t\t\t<div class=\"elementor-column elementor-col-66 elementor-top-column elementor-element elementor-element-aadba9d\" data-id=\"aadba9d\" data-element_type=\"column\">\n\t\t\t<div class=\"elementor-widget-wrap elementor-element-populated\">\n\t\t\t\t\t\t<div class=\"elementor-element elementor-element-1d0a3a8 elementor-widget elementor-widget-image\" data-id=\"1d0a3a8\" data-element_type=\"widget\" data-widget_type=\"image.default\">\n\t\t\t\t<div class=\"elementor-widget-container\">\n\t\t\t<style>\/*! elementor - v3.19.0 - 07-02-2024 *\/\n.elementor-widget-image{text-align:center}.elementor-widget-image a{display:inline-block}.elementor-widget-image a img[src$=\".svg\"]{width:48px}.elementor-widget-image img{vertical-align:middle;display:inline-block}<\/style>\t\t\t\t\t\t\t\t\t\t<img fetchpriority=\"high\" decoding=\"async\" width=\"1024\" height=\"1024\" src=\"http:\/\/ameliesamson.com\/wp-content\/uploads\/2022\/06\/Dedale_BQ-1.jpg\" class=\"attachment-large size-large wp-image-244\" alt=\"\" \/>\t\t\t\t\t\t\t\t\t\t\t\t\t<\/div>\n\t\t\t\t<\/div>\n\t\t\t\t\t<\/div>\n\t\t<\/div>\n\t\t\t\t<div class=\"elementor-column elementor-col-33 elementor-top-column elementor-element elementor-element-5c671b0\" data-id=\"5c671b0\" data-element_type=\"column\">\n\t\t\t<div class=\"elementor-widget-wrap elementor-element-populated\">\n\t\t\t\t\t\t<div class=\"elementor-element elementor-element-9bdb83f elementor-widget elementor-widget-heading\" data-id=\"9bdb83f\" data-element_type=\"widget\" data-widget_type=\"heading.default\">\n\t\t\t\t<div class=\"elementor-widget-container\">\n\t\t\t<style>\/*! elementor - v3.19.0 - 07-02-2024 *\/\n.elementor-heading-title{padding:0;margin:0;line-height:1}.elementor-widget-heading .elementor-heading-title[class*=elementor-size-]>a{color:inherit;font-size:inherit;line-height:inherit}.elementor-widget-heading .elementor-heading-title.elementor-size-small{font-size:15px}.elementor-widget-heading .elementor-heading-title.elementor-size-medium{font-size:19px}.elementor-widget-heading .elementor-heading-title.elementor-size-large{font-size:29px}.elementor-widget-heading .elementor-heading-title.elementor-size-xl{font-size:39px}.elementor-widget-heading .elementor-heading-title.elementor-size-xxl{font-size:59px}<\/style><h5 class=\"elementor-heading-title elementor-size-medium\">Daedalus 2.0<\/h5>\t\t<\/div>\n\t\t\t\t<\/div>\n\t\t\t\t<div class=\"elementor-element elementor-element-0257041 elementor-widget elementor-widget-text-editor\" data-id=\"0257041\" data-element_type=\"widget\" data-widget_type=\"text-editor.default\">\n\t\t\t\t<div class=\"elementor-widget-container\">\n\t\t\t<style>\/*! elementor - v3.19.0 - 07-02-2024 *\/\n.elementor-widget-text-editor.elementor-drop-cap-view-stacked .elementor-drop-cap{background-color:#69727d;color:#fff}.elementor-widget-text-editor.elementor-drop-cap-view-framed .elementor-drop-cap{color:#69727d;border:3px solid;background-color:transparent}.elementor-widget-text-editor:not(.elementor-drop-cap-view-default) .elementor-drop-cap{margin-top:8px}.elementor-widget-text-editor:not(.elementor-drop-cap-view-default) .elementor-drop-cap-letter{width:1em;height:1em}.elementor-widget-text-editor .elementor-drop-cap{float:left;text-align:center;line-height:1;font-size:50px}.elementor-widget-text-editor .elementor-drop-cap-letter{display:inline-block}<\/style>\t\t\t\t<p>Title: Daedalus 2.0<br \/>Year: 2022<\/p><p>Exposed at:<br \/>\u25ba <a href=\"https:\/\/asp.gda.pl\/wydzialy\/wydzial-rzezby-i-intermediow\/kierunek-rzezba\/sztuka-numeryczna,1166\"><strong> Sztuka numeryczna &#8211; mi\u0119dzy wolno\u015bci\u0105 a kontrol\u0105<\/strong><\/a>\u00a0( Digital art &#8211; between freedom and control ), Oct. 2022, WL4 &#8211; Przestrze\u0144 Sztuki, Stocznia Cesarska, Gda\u0144sk, Poland<br \/>\u25ba U.S.B. #2 &#8211; + 4, Oct. 2022, \u00c9SAD Orl\u00e9ans, France<\/p><p>We often associate the Web with a labyrinth. How can we not think of the Myth of the Minotaur? Custom-built by Daedalus, it&#8217;s not just the monster&#8217;s palace or his prison: it&#8217;s also his grave, where he dies murdered by Theseus. On the Web, algorithms control potential paths and mathematically define the walls of our labyrinths in which our tracks accumulate. We dig the sanctuary of our digital death, the landscape of our digital life, to reflect our own individual digital life.<\/p><p>Daedalus 2.0 is a research project that proposes to visualise the digital pits that we dig every time we revisit the same web pages. Drawn by an algorithm, this series offers a day-by-day visualisation of the number of times we visit the Google.com page. The visuals will be compiled in a monthly edition. In total, the month of May 2022 brought together 463 visits to the Google page.<\/p>\t\t\t\t\t\t<\/div>\n\t\t\t\t<\/div>\n\t\t\t\t\t<\/div>\n\t\t<\/div>\n\t\t\t\t\t<\/div>\n\t\t<\/section>\n\t\t\t\t<section class=\"elementor-section elementor-top-section elementor-element elementor-element-7296815 elementor-section-boxed elementor-section-height-default elementor-section-height-default qodef-elementor-content-no\" data-id=\"7296815\" data-element_type=\"section\">\n\t\t\t\t\t\t<div class=\"elementor-container elementor-column-gap-default\">\n\t\t\t\t\t<div class=\"elementor-column elementor-col-100 elementor-top-column elementor-element elementor-element-f3f5ae3\" data-id=\"f3f5ae3\" data-element_type=\"column\">\n\t\t\t<div class=\"elementor-widget-wrap elementor-element-populated\">\n\t\t\t\t\t\t<div class=\"elementor-element elementor-element-7d653eb elementor-widget elementor-widget-image-gallery\" data-id=\"7d653eb\" data-element_type=\"widget\" data-widget_type=\"image-gallery.default\">\n\t\t\t\t<div class=\"elementor-widget-container\">\n\t\t\t<style>\/*! elementor - v3.19.0 - 07-02-2024 *\/\n.elementor-image-gallery .gallery-item{display:inline-block;text-align:center;vertical-align:top;width:100%;max-width:100%;margin:0 auto}.elementor-image-gallery .gallery-item img{margin:0 auto}.elementor-image-gallery .gallery-item .gallery-caption{margin:0}.elementor-image-gallery figure img{display:block}.elementor-image-gallery figure figcaption{width:100%}.gallery-spacing-custom .elementor-image-gallery .gallery-icon{padding:0}@media (min-width:768px){.elementor-image-gallery .gallery-columns-2 .gallery-item{max-width:50%}.elementor-image-gallery .gallery-columns-3 .gallery-item{max-width:33.33%}.elementor-image-gallery .gallery-columns-4 .gallery-item{max-width:25%}.elementor-image-gallery .gallery-columns-5 .gallery-item{max-width:20%}.elementor-image-gallery .gallery-columns-6 .gallery-item{max-width:16.666%}.elementor-image-gallery .gallery-columns-7 .gallery-item{max-width:14.28%}.elementor-image-gallery .gallery-columns-8 .gallery-item{max-width:12.5%}.elementor-image-gallery .gallery-columns-9 .gallery-item{max-width:11.11%}.elementor-image-gallery .gallery-columns-10 .gallery-item{max-width:10%}}@media (min-width:480px) and (max-width:767px){.elementor-image-gallery .gallery.gallery-columns-2 .gallery-item,.elementor-image-gallery .gallery.gallery-columns-3 .gallery-item,.elementor-image-gallery .gallery.gallery-columns-4 .gallery-item,.elementor-image-gallery .gallery.gallery-columns-5 .gallery-item,.elementor-image-gallery .gallery.gallery-columns-6 .gallery-item,.elementor-image-gallery .gallery.gallery-columns-7 .gallery-item,.elementor-image-gallery .gallery.gallery-columns-8 .gallery-item,.elementor-image-gallery .gallery.gallery-columns-9 .gallery-item,.elementor-image-gallery .gallery.gallery-columns-10 .gallery-item{max-width:50%}}@media (max-width:479px){.elementor-image-gallery .gallery.gallery-columns-2 .gallery-item,.elementor-image-gallery .gallery.gallery-columns-3 .gallery-item,.elementor-image-gallery .gallery.gallery-columns-4 .gallery-item,.elementor-image-gallery .gallery.gallery-columns-5 .gallery-item,.elementor-image-gallery .gallery.gallery-columns-6 .gallery-item,.elementor-image-gallery .gallery.gallery-columns-7 .gallery-item,.elementor-image-gallery .gallery.gallery-columns-8 .gallery-item,.elementor-image-gallery .gallery.gallery-columns-9 .gallery-item,.elementor-image-gallery .gallery.gallery-columns-10 .gallery-item{max-width:100%}}<\/style>\t\t<div class=\"elementor-image-gallery\">\n\t\t\t\n\t\t<style type=\"text\/css\">\n\t\t\t#gallery-1 {\n\t\t\t\tmargin: auto;\n\t\t\t}\n\t\t\t#gallery-1 .gallery-item {\n\t\t\t\tfloat: left;\n\t\t\t\tmargin-top: 10px;\n\t\t\t\ttext-align: center;\n\t\t\t\twidth: 33%;\n\t\t\t}\n\t\t\t#gallery-1 img {\n\t\t\t\tborder: 2px solid #cfcfcf;\n\t\t\t}\n\t\t\t#gallery-1 .gallery-caption {\n\t\t\t\tmargin-left: 0;\n\t\t\t}\n\t\t\t\/* see gallery_shortcode() in wp-includes\/media.php *\/\n\t\t<\/style>\n\t\t<div id='gallery-1' class='gallery galleryid-1139 gallery-columns-3 gallery-size-large'><dl class='gallery-item'>\n\t\t\t<dt class='gallery-icon landscape'>\n\t\t\t\t<a data-elementor-open-lightbox=\"yes\" data-elementor-lightbox-slideshow=\"7d653eb\" data-elementor-lightbox-title=\"T-Inst-slidesPlan de travail 1\" data-e-action-hash=\"#elementor-action%3Aaction%3Dlightbox%26settings%3DeyJpZCI6NDM1LCJ1cmwiOiJodHRwOlwvXC9hbWVsaWVzYW1zb24uY29tXC93cC1jb250ZW50XC91cGxvYWRzXC8yMDIyXC8wN1wvVC1JbnN0LXNsaWRlc1BsYW4tZGUtdHJhdmFpbC0xLnBuZyIsInNsaWRlc2hvdyI6IjdkNjUzZWIifQ%3D%3D\" href='http:\/\/ameliesamson.com\/wp-content\/uploads\/2022\/07\/T-Inst-slidesPlan-de-travail-1.png'><img decoding=\"async\" width=\"1024\" height=\"1024\" src=\"http:\/\/ameliesamson.com\/wp-content\/uploads\/2022\/07\/T-Inst-slidesPlan-de-travail-1.png\" class=\"attachment-large size-large\" alt=\"\" \/><\/a>\n\t\t\t<\/dt><\/dl><dl class='gallery-item'>\n\t\t\t<dt class='gallery-icon landscape'>\n\t\t\t\t<a data-elementor-open-lightbox=\"yes\" data-elementor-lightbox-slideshow=\"7d653eb\" data-elementor-lightbox-title=\"T-Inst-slidesPlan de travail 2\" data-e-action-hash=\"#elementor-action%3Aaction%3Dlightbox%26settings%3DeyJpZCI6NDMzLCJ1cmwiOiJodHRwOlwvXC9hbWVsaWVzYW1zb24uY29tXC93cC1jb250ZW50XC91cGxvYWRzXC8yMDIyXC8wN1wvVC1JbnN0LXNsaWRlc1BsYW4tZGUtdHJhdmFpbC0yLnBuZyIsInNsaWRlc2hvdyI6IjdkNjUzZWIifQ%3D%3D\" href='http:\/\/ameliesamson.com\/wp-content\/uploads\/2022\/07\/T-Inst-slidesPlan-de-travail-2.png'><img decoding=\"async\" width=\"1024\" height=\"1024\" src=\"http:\/\/ameliesamson.com\/wp-content\/uploads\/2022\/07\/T-Inst-slidesPlan-de-travail-2.png\" class=\"attachment-large size-large\" alt=\"\" \/><\/a>\n\t\t\t<\/dt><\/dl><dl class='gallery-item'>\n\t\t\t<dt class='gallery-icon landscape'>\n\t\t\t\t<a data-elementor-open-lightbox=\"yes\" data-elementor-lightbox-slideshow=\"7d653eb\" data-elementor-lightbox-title=\"T-Inst-slidesPlan de travail 3\" data-e-action-hash=\"#elementor-action%3Aaction%3Dlightbox%26settings%3DeyJpZCI6NDM0LCJ1cmwiOiJodHRwOlwvXC9hbWVsaWVzYW1zb24uY29tXC93cC1jb250ZW50XC91cGxvYWRzXC8yMDIyXC8wN1wvVC1JbnN0LXNsaWRlc1BsYW4tZGUtdHJhdmFpbC0zLnBuZyIsInNsaWRlc2hvdyI6IjdkNjUzZWIifQ%3D%3D\" href='http:\/\/ameliesamson.com\/wp-content\/uploads\/2022\/07\/T-Inst-slidesPlan-de-travail-3.png'><img loading=\"lazy\" decoding=\"async\" width=\"1024\" height=\"1024\" src=\"http:\/\/ameliesamson.com\/wp-content\/uploads\/2022\/07\/T-Inst-slidesPlan-de-travail-3.png\" class=\"attachment-large size-large\" alt=\"\" \/><\/a>\n\t\t\t<\/dt><\/dl><br style=\"clear: both\" \/>\n\t\t<\/div>\n\t\t<\/div>\n\t\t\t\t<\/div>\n\t\t\t\t<\/div>\n\t\t\t\t\t<\/div>\n\t\t<\/div>\n\t\t\t\t\t<\/div>\n\t\t<\/section>\n\t\t\t\t<section class=\"elementor-section elementor-top-section elementor-element elementor-element-58ec05a elementor-section-boxed elementor-section-height-default elementor-section-height-default qodef-elementor-content-no\" data-id=\"58ec05a\" data-element_type=\"section\">\n\t\t\t\t\t\t<div class=\"elementor-container elementor-column-gap-default\">\n\t\t\t\t\t<div class=\"elementor-column elementor-col-100 elementor-top-column elementor-element elementor-element-940fc52\" data-id=\"940fc52\" data-element_type=\"column\">\n\t\t\t<div class=\"elementor-widget-wrap elementor-element-populated\">\n\t\t\t\t\t\t<div class=\"elementor-element elementor-element-1c4ffeb gallery-spacing-custom elementor-widget elementor-widget-image-gallery\" data-id=\"1c4ffeb\" data-element_type=\"widget\" data-widget_type=\"image-gallery.default\">\n\t\t\t\t<div class=\"elementor-widget-container\">\n\t\t\t\t\t<div class=\"elementor-image-gallery\">\n\t\t\t\n\t\t<style type=\"text\/css\">\n\t\t\t#gallery-2 {\n\t\t\t\tmargin: auto;\n\t\t\t}\n\t\t\t#gallery-2 .gallery-item {\n\t\t\t\tfloat: left;\n\t\t\t\tmargin-top: 10px;\n\t\t\t\ttext-align: center;\n\t\t\t\twidth: 50%;\n\t\t\t}\n\t\t\t#gallery-2 img {\n\t\t\t\tborder: 2px solid #cfcfcf;\n\t\t\t}\n\t\t\t#gallery-2 .gallery-caption {\n\t\t\t\tmargin-left: 0;\n\t\t\t}\n\t\t\t\/* see gallery_shortcode() in wp-includes\/media.php *\/\n\t\t<\/style>\n\t\t<div id='gallery-2' class='gallery galleryid-1139 gallery-columns-2 gallery-size-large'><dl class='gallery-item'>\n\t\t\t<dt class='gallery-icon landscape'>\n\t\t\t\t<a data-elementor-open-lightbox=\"yes\" data-elementor-lightbox-slideshow=\"1c4ffeb\" data-elementor-lightbox-title=\"dedale2-4\" data-e-action-hash=\"#elementor-action%3Aaction%3Dlightbox%26settings%3DeyJpZCI6NDM3LCJ1cmwiOiJodHRwOlwvXC9hbWVsaWVzYW1zb24uY29tXC93cC1jb250ZW50XC91cGxvYWRzXC8yMDIyXC8wN1wvZGVkYWxlMi00LmpwZyIsInNsaWRlc2hvdyI6IjFjNGZmZWIifQ%3D%3D\" href='http:\/\/ameliesamson.com\/wp-content\/uploads\/2022\/07\/dedale2-4.jpg'><img loading=\"lazy\" decoding=\"async\" width=\"1024\" height=\"1024\" src=\"http:\/\/ameliesamson.com\/wp-content\/uploads\/2022\/07\/dedale2-4.jpg\" class=\"attachment-large size-large\" alt=\"\" \/><\/a>\n\t\t\t<\/dt><\/dl><dl class='gallery-item'>\n\t\t\t<dt class='gallery-icon landscape'>\n\t\t\t\t<a data-elementor-open-lightbox=\"yes\" data-elementor-lightbox-slideshow=\"1c4ffeb\" data-elementor-lightbox-title=\"dedale2-1\" data-e-action-hash=\"#elementor-action%3Aaction%3Dlightbox%26settings%3DeyJpZCI6NDQwLCJ1cmwiOiJodHRwOlwvXC9hbWVsaWVzYW1zb24uY29tXC93cC1jb250ZW50XC91cGxvYWRzXC8yMDIyXC8wN1wvZGVkYWxlMi0xLmpwZyIsInNsaWRlc2hvdyI6IjFjNGZmZWIifQ%3D%3D\" href='http:\/\/ameliesamson.com\/wp-content\/uploads\/2022\/07\/dedale2-1.jpg'><img loading=\"lazy\" decoding=\"async\" width=\"1024\" height=\"1024\" src=\"http:\/\/ameliesamson.com\/wp-content\/uploads\/2022\/07\/dedale2-1.jpg\" class=\"attachment-large size-large\" alt=\"\" \/><\/a>\n\t\t\t<\/dt><\/dl><br style=\"clear: both\" \/><dl class='gallery-item'>\n\t\t\t<dt class='gallery-icon landscape'>\n\t\t\t\t<a data-elementor-open-lightbox=\"yes\" data-elementor-lightbox-slideshow=\"1c4ffeb\" data-elementor-lightbox-title=\"dedale2-3\" data-e-action-hash=\"#elementor-action%3Aaction%3Dlightbox%26settings%3DeyJpZCI6NDM4LCJ1cmwiOiJodHRwOlwvXC9hbWVsaWVzYW1zb24uY29tXC93cC1jb250ZW50XC91cGxvYWRzXC8yMDIyXC8wN1wvZGVkYWxlMi0zLmpwZyIsInNsaWRlc2hvdyI6IjFjNGZmZWIifQ%3D%3D\" href='http:\/\/ameliesamson.com\/wp-content\/uploads\/2022\/07\/dedale2-3.jpg'><img loading=\"lazy\" decoding=\"async\" width=\"1024\" height=\"1024\" src=\"http:\/\/ameliesamson.com\/wp-content\/uploads\/2022\/07\/dedale2-3.jpg\" class=\"attachment-large size-large\" alt=\"\" \/><\/a>\n\t\t\t<\/dt><\/dl><dl class='gallery-item'>\n\t\t\t<dt class='gallery-icon landscape'>\n\t\t\t\t<a data-elementor-open-lightbox=\"yes\" data-elementor-lightbox-slideshow=\"1c4ffeb\" data-elementor-lightbox-title=\"dedale2-2\" data-e-action-hash=\"#elementor-action%3Aaction%3Dlightbox%26settings%3DeyJpZCI6NDM5LCJ1cmwiOiJodHRwOlwvXC9hbWVsaWVzYW1zb24uY29tXC93cC1jb250ZW50XC91cGxvYWRzXC8yMDIyXC8wN1wvZGVkYWxlMi0yLmpwZyIsInNsaWRlc2hvdyI6IjFjNGZmZWIifQ%3D%3D\" href='http:\/\/ameliesamson.com\/wp-content\/uploads\/2022\/07\/dedale2-2.jpg'><img loading=\"lazy\" decoding=\"async\" width=\"1024\" height=\"1024\" src=\"http:\/\/ameliesamson.com\/wp-content\/uploads\/2022\/07\/dedale2-2.jpg\" class=\"attachment-large size-large\" alt=\"\" \/><\/a>\n\t\t\t<\/dt><\/dl><br style=\"clear: both\" \/>\n\t\t<\/div>\n\t\t<\/div>\n\t\t\t\t<\/div>\n\t\t\t\t<\/div>\n\t\t\t\t\t<\/div>\n\t\t<\/div>\n\t\t\t\t\t<\/div>\n\t\t<\/section>\n\t\t\t\t<\/div>\n\t\t","protected":false},"excerpt":{"rendered":"<p>Daedalus 2.0 Title: Daedalus 2.0Year: 2022 Exposed at:\u25ba Sztuka numeryczna &#8211; mi\u0119dzy wolno\u015bci\u0105 a kontrol\u0105\u00a0( Digital art &#8211; between freedom and control ), Oct. 2022, WL4 &#8211; Przestrze\u0144 Sztuki, Stocznia Cesarska, Gda\u0144sk, Poland\u25ba U.S.B. #2 &#8211; + 4, Oct. 2022, \u00c9SAD Orl\u00e9ans, France We often associate the Web with a labyrinth. How can we not [&hellip;]<\/p>\n","protected":false},"author":1,"featured_media":0,"parent":0,"menu_order":0,"comment_status":"closed","ping_status":"closed","template":"","meta":{"footnotes":""},"class_list":["post-1139","page","type-page","status-publish","hentry"],"yoast_head":"<!-- This site is optimized with the Yoast SEO plugin v26.8 - https:\/\/yoast.com\/product\/yoast-seo-wordpress\/ -->\n<title>Daedalus 2.0 - Amelie Samson<\/title>\n<meta name=\"description\" content=\"\u00c9dition - Data visualisation - Algorithme - Labyrinthe - Web - Mythe - Minotaure - D\u00e9dale - Gouffre - Num\u00e9rique - Google\" \/>\n<meta name=\"robots\" content=\"index, follow, max-snippet:-1, max-image-preview:large, max-video-preview:-1\" \/>\n<link rel=\"canonical\" href=\"http:\/\/ameliesamson.com\/index.php\/en\/daedalus-2-0\/\" \/>\n<meta property=\"og:locale\" content=\"fr_FR\" \/>\n<meta property=\"og:type\" content=\"article\" \/>\n<meta property=\"og:title\" content=\"Daedalus 2.0 - Amelie Samson\" \/>\n<meta property=\"og:description\" content=\"\u00c9dition - Data visualisation - Algorithme - Labyrinthe - Web - Mythe - Minotaure - D\u00e9dale - Gouffre - Num\u00e9rique - Google\" \/>\n<meta property=\"og:url\" content=\"http:\/\/ameliesamson.com\/index.php\/en\/daedalus-2-0\/\" \/>\n<meta property=\"og:site_name\" content=\"Amelie Samson\" \/>\n<meta property=\"article:modified_time\" content=\"2023-12-18T21:24:10+00:00\" \/>\n<meta property=\"og:image\" content=\"http:\/\/ameliesamson.com\/wp-content\/uploads\/2022\/06\/Dedale_BQ-1.jpg\" \/>\n<meta name=\"twitter:card\" content=\"summary_large_image\" \/>\n<meta name=\"twitter:site\" content=\"@AmlieSamson\" \/>\n<meta name=\"twitter:label1\" content=\"Dur\u00e9e de lecture estim\u00e9e\" \/>\n\t<meta name=\"twitter:data1\" content=\"1 minute\" \/>\n<script type=\"application\/ld+json\" class=\"yoast-schema-graph\">{\"@context\":\"https:\/\/schema.org\",\"@graph\":[{\"@type\":\"WebPage\",\"@id\":\"http:\/\/ameliesamson.com\/index.php\/en\/daedalus-2-0\/\",\"url\":\"http:\/\/ameliesamson.com\/index.php\/en\/daedalus-2-0\/\",\"name\":\"Daedalus 2.0 - Amelie Samson\",\"isPartOf\":{\"@id\":\"http:\/\/ameliesamson.com\/#website\"},\"primaryImageOfPage\":{\"@id\":\"http:\/\/ameliesamson.com\/index.php\/en\/daedalus-2-0\/#primaryimage\"},\"image\":{\"@id\":\"http:\/\/ameliesamson.com\/index.php\/en\/daedalus-2-0\/#primaryimage\"},\"thumbnailUrl\":\"http:\/\/ameliesamson.com\/wp-content\/uploads\/2022\/06\/Dedale_BQ-1.jpg\",\"datePublished\":\"2023-12-18T20:52:30+00:00\",\"dateModified\":\"2023-12-18T21:24:10+00:00\",\"description\":\"\u00c9dition - Data visualisation - Algorithme - Labyrinthe - Web - Mythe - Minotaure - D\u00e9dale - Gouffre - Num\u00e9rique - Google\",\"breadcrumb\":{\"@id\":\"http:\/\/ameliesamson.com\/index.php\/en\/daedalus-2-0\/#breadcrumb\"},\"inLanguage\":\"fr-FR\",\"potentialAction\":[{\"@type\":\"ReadAction\",\"target\":[\"http:\/\/ameliesamson.com\/index.php\/en\/daedalus-2-0\/\"]}]},{\"@type\":\"ImageObject\",\"inLanguage\":\"fr-FR\",\"@id\":\"http:\/\/ameliesamson.com\/index.php\/en\/daedalus-2-0\/#primaryimage\",\"url\":\"http:\/\/ameliesamson.com\/wp-content\/uploads\/2022\/06\/Dedale_BQ-1.jpg\",\"contentUrl\":\"http:\/\/ameliesamson.com\/wp-content\/uploads\/2022\/06\/Dedale_BQ-1.jpg\",\"width\":1561,\"height\":1561},{\"@type\":\"BreadcrumbList\",\"@id\":\"http:\/\/ameliesamson.com\/index.php\/en\/daedalus-2-0\/#breadcrumb\",\"itemListElement\":[{\"@type\":\"ListItem\",\"position\":1,\"name\":\"Accueil\",\"item\":\"http:\/\/ameliesamson.com\/\"},{\"@type\":\"ListItem\",\"position\":2,\"name\":\"Daedalus 2.0\"}]},{\"@type\":\"WebSite\",\"@id\":\"http:\/\/ameliesamson.com\/#website\",\"url\":\"http:\/\/ameliesamson.com\/\",\"name\":\"Amelie Samson\",\"description\":\"\",\"publisher\":{\"@id\":\"http:\/\/ameliesamson.com\/#\/schema\/person\/894f5f1404401bc140412a7266c729ef\"},\"potentialAction\":[{\"@type\":\"SearchAction\",\"target\":{\"@type\":\"EntryPoint\",\"urlTemplate\":\"http:\/\/ameliesamson.com\/?s={search_term_string}\"},\"query-input\":{\"@type\":\"PropertyValueSpecification\",\"valueRequired\":true,\"valueName\":\"search_term_string\"}}],\"inLanguage\":\"fr-FR\"},{\"@type\":[\"Person\",\"Organization\"],\"@id\":\"http:\/\/ameliesamson.com\/#\/schema\/person\/894f5f1404401bc140412a7266c729ef\",\"name\":\"Amelie\",\"image\":{\"@type\":\"ImageObject\",\"inLanguage\":\"fr-FR\",\"@id\":\"http:\/\/ameliesamson.com\/#\/schema\/person\/image\/\",\"url\":\"http:\/\/ameliesamson.com\/wp-content\/uploads\/2024\/09\/LOGO-2024-BQ.jpg\",\"contentUrl\":\"http:\/\/ameliesamson.com\/wp-content\/uploads\/2024\/09\/LOGO-2024-BQ.jpg\",\"width\":1080,\"height\":1080,\"caption\":\"Amelie\"},\"logo\":{\"@id\":\"http:\/\/ameliesamson.com\/#\/schema\/person\/image\/\"},\"sameAs\":[\"http:\/\/ameliesamson.com\/\",\"https:\/\/www.instagram.com\/am.sam_design\/\",\"https:\/\/fr.linkedin.com\/in\/amlie-samson-a4b9ba166\",\"https:\/\/x.com\/https:\/\/twitter.com\/AmlieSamson\"]}]}<\/script>\n<!-- \/ Yoast SEO plugin. -->","yoast_head_json":{"title":"Daedalus 2.0 - Amelie Samson","description":"\u00c9dition - Data visualisation - Algorithme - Labyrinthe - Web - Mythe - Minotaure - D\u00e9dale - Gouffre - Num\u00e9rique - Google","robots":{"index":"index","follow":"follow","max-snippet":"max-snippet:-1","max-image-preview":"max-image-preview:large","max-video-preview":"max-video-preview:-1"},"canonical":"http:\/\/ameliesamson.com\/index.php\/en\/daedalus-2-0\/","og_locale":"fr_FR","og_type":"article","og_title":"Daedalus 2.0 - Amelie Samson","og_description":"\u00c9dition - Data visualisation - Algorithme - Labyrinthe - Web - Mythe - Minotaure - D\u00e9dale - Gouffre - Num\u00e9rique - Google","og_url":"http:\/\/ameliesamson.com\/index.php\/en\/daedalus-2-0\/","og_site_name":"Amelie Samson","article_modified_time":"2023-12-18T21:24:10+00:00","og_image":[{"url":"http:\/\/ameliesamson.com\/wp-content\/uploads\/2022\/06\/Dedale_BQ-1.jpg","type":"","width":"","height":""}],"twitter_card":"summary_large_image","twitter_site":"@AmlieSamson","twitter_misc":{"Dur\u00e9e de lecture estim\u00e9e":"1 minute"},"schema":{"@context":"https:\/\/schema.org","@graph":[{"@type":"WebPage","@id":"http:\/\/ameliesamson.com\/index.php\/en\/daedalus-2-0\/","url":"http:\/\/ameliesamson.com\/index.php\/en\/daedalus-2-0\/","name":"Daedalus 2.0 - Amelie Samson","isPartOf":{"@id":"http:\/\/ameliesamson.com\/#website"},"primaryImageOfPage":{"@id":"http:\/\/ameliesamson.com\/index.php\/en\/daedalus-2-0\/#primaryimage"},"image":{"@id":"http:\/\/ameliesamson.com\/index.php\/en\/daedalus-2-0\/#primaryimage"},"thumbnailUrl":"http:\/\/ameliesamson.com\/wp-content\/uploads\/2022\/06\/Dedale_BQ-1.jpg","datePublished":"2023-12-18T20:52:30+00:00","dateModified":"2023-12-18T21:24:10+00:00","description":"\u00c9dition - Data visualisation - Algorithme - Labyrinthe - Web - Mythe - Minotaure - D\u00e9dale - Gouffre - Num\u00e9rique - Google","breadcrumb":{"@id":"http:\/\/ameliesamson.com\/index.php\/en\/daedalus-2-0\/#breadcrumb"},"inLanguage":"fr-FR","potentialAction":[{"@type":"ReadAction","target":["http:\/\/ameliesamson.com\/index.php\/en\/daedalus-2-0\/"]}]},{"@type":"ImageObject","inLanguage":"fr-FR","@id":"http:\/\/ameliesamson.com\/index.php\/en\/daedalus-2-0\/#primaryimage","url":"http:\/\/ameliesamson.com\/wp-content\/uploads\/2022\/06\/Dedale_BQ-1.jpg","contentUrl":"http:\/\/ameliesamson.com\/wp-content\/uploads\/2022\/06\/Dedale_BQ-1.jpg","width":1561,"height":1561},{"@type":"BreadcrumbList","@id":"http:\/\/ameliesamson.com\/index.php\/en\/daedalus-2-0\/#breadcrumb","itemListElement":[{"@type":"ListItem","position":1,"name":"Accueil","item":"http:\/\/ameliesamson.com\/"},{"@type":"ListItem","position":2,"name":"Daedalus 2.0"}]},{"@type":"WebSite","@id":"http:\/\/ameliesamson.com\/#website","url":"http:\/\/ameliesamson.com\/","name":"Amelie Samson","description":"","publisher":{"@id":"http:\/\/ameliesamson.com\/#\/schema\/person\/894f5f1404401bc140412a7266c729ef"},"potentialAction":[{"@type":"SearchAction","target":{"@type":"EntryPoint","urlTemplate":"http:\/\/ameliesamson.com\/?s={search_term_string}"},"query-input":{"@type":"PropertyValueSpecification","valueRequired":true,"valueName":"search_term_string"}}],"inLanguage":"fr-FR"},{"@type":["Person","Organization"],"@id":"http:\/\/ameliesamson.com\/#\/schema\/person\/894f5f1404401bc140412a7266c729ef","name":"Amelie","image":{"@type":"ImageObject","inLanguage":"fr-FR","@id":"http:\/\/ameliesamson.com\/#\/schema\/person\/image\/","url":"http:\/\/ameliesamson.com\/wp-content\/uploads\/2024\/09\/LOGO-2024-BQ.jpg","contentUrl":"http:\/\/ameliesamson.com\/wp-content\/uploads\/2024\/09\/LOGO-2024-BQ.jpg","width":1080,"height":1080,"caption":"Amelie"},"logo":{"@id":"http:\/\/ameliesamson.com\/#\/schema\/person\/image\/"},"sameAs":["http:\/\/ameliesamson.com\/","https:\/\/www.instagram.com\/am.sam_design\/","https:\/\/fr.linkedin.com\/in\/amlie-samson-a4b9ba166","https:\/\/x.com\/https:\/\/twitter.com\/AmlieSamson"]}]}},"_links":{"self":[{"href":"http:\/\/ameliesamson.com\/index.php\/wp-json\/wp\/v2\/pages\/1139","targetHints":{"allow":["GET"]}}],"collection":[{"href":"http:\/\/ameliesamson.com\/index.php\/wp-json\/wp\/v2\/pages"}],"about":[{"href":"http:\/\/ameliesamson.com\/index.php\/wp-json\/wp\/v2\/types\/page"}],"author":[{"embeddable":true,"href":"http:\/\/ameliesamson.com\/index.php\/wp-json\/wp\/v2\/users\/1"}],"replies":[{"embeddable":true,"href":"http:\/\/ameliesamson.com\/index.php\/wp-json\/wp\/v2\/comments?post=1139"}],"version-history":[{"count":4,"href":"http:\/\/ameliesamson.com\/index.php\/wp-json\/wp\/v2\/pages\/1139\/revisions"}],"predecessor-version":[{"id":1144,"href":"http:\/\/ameliesamson.com\/index.php\/wp-json\/wp\/v2\/pages\/1139\/revisions\/1144"}],"wp:attachment":[{"href":"http:\/\/ameliesamson.com\/index.php\/wp-json\/wp\/v2\/media?parent=1139"}],"curies":[{"name":"wp","href":"https:\/\/api.w.org\/{rel}","templated":true}]}}