{"id":1237,"date":"2022-07-04T09:48:37","date_gmt":"2022-07-04T09:48:37","guid":{"rendered":"http:\/\/ameliesamson.com\/?page_id=1237"},"modified":"2024-07-19T15:28:40","modified_gmt":"2024-07-19T15:28:40","slug":"europa-2022","status":"publish","type":"page","link":"http:\/\/ameliesamson.com\/index.php\/en\/europa-2022\/","title":{"rendered":"Europa 2022"},"content":{"rendered":"\t\t<div data-elementor-type=\"wp-page\" data-elementor-id=\"1237\" class=\"elementor elementor-1237\">\n\t\t\t\t\t\t<section class=\"elementor-section elementor-top-section elementor-element elementor-element-34004ae elementor-section-boxed elementor-section-height-default elementor-section-height-default qodef-elementor-content-no\" data-id=\"34004ae\" data-element_type=\"section\">\n\t\t\t\t\t\t<div class=\"elementor-container elementor-column-gap-default\">\n\t\t\t\t\t<div class=\"elementor-column elementor-col-66 elementor-top-column elementor-element elementor-element-e2e8a96\" data-id=\"e2e8a96\" data-element_type=\"column\">\n\t\t\t<div class=\"elementor-widget-wrap elementor-element-populated\">\n\t\t\t\t\t\t<div class=\"elementor-element elementor-element-3453d32 elementor-widget elementor-widget-image\" data-id=\"3453d32\" data-element_type=\"widget\" data-widget_type=\"image.default\">\n\t\t\t\t<div class=\"elementor-widget-container\">\n\t\t\t<style>\/*! elementor - v3.19.0 - 07-02-2024 *\/\n.elementor-widget-image{text-align:center}.elementor-widget-image a{display:inline-block}.elementor-widget-image a img[src$=\".svg\"]{width:48px}.elementor-widget-image img{vertical-align:middle;display:inline-block}<\/style>\t\t\t\t\t\t\t<figure class=\"wp-caption\">\n\t\t\t\t\t\t\t\t\t\t<img fetchpriority=\"high\" decoding=\"async\" width=\"1024\" height=\"684\" src=\"http:\/\/ameliesamson.com\/wp-content\/uploads\/2022\/06\/eurofabrique.jpg\" class=\"attachment-large size-large wp-image-327\" alt=\"Eurofabrique impression 3D c\u00e9ramique\" \/>\t\t\t\t\t\t\t\t\t\t\t<figcaption class=\"widget-image-caption wp-caption-text\">@ Ronan Coquil<\/figcaption>\n\t\t\t\t\t\t\t\t\t\t<\/figure>\n\t\t\t\t\t\t\t<\/div>\n\t\t\t\t<\/div>\n\t\t\t\t\t<\/div>\n\t\t<\/div>\n\t\t\t\t<div class=\"elementor-column elementor-col-33 elementor-top-column elementor-element elementor-element-e277ce6\" data-id=\"e277ce6\" data-element_type=\"column\">\n\t\t\t<div class=\"elementor-widget-wrap elementor-element-populated\">\n\t\t\t\t\t\t<div class=\"elementor-element elementor-element-994d2dc elementor-widget elementor-widget-heading\" data-id=\"994d2dc\" data-element_type=\"widget\" data-widget_type=\"heading.default\">\n\t\t\t\t<div class=\"elementor-widget-container\">\n\t\t\t<style>\/*! elementor - v3.19.0 - 07-02-2024 *\/\n.elementor-heading-title{padding:0;margin:0;line-height:1}.elementor-widget-heading .elementor-heading-title[class*=elementor-size-]>a{color:inherit;font-size:inherit;line-height:inherit}.elementor-widget-heading .elementor-heading-title.elementor-size-small{font-size:15px}.elementor-widget-heading .elementor-heading-title.elementor-size-medium{font-size:19px}.elementor-widget-heading .elementor-heading-title.elementor-size-large{font-size:29px}.elementor-widget-heading .elementor-heading-title.elementor-size-xl{font-size:39px}.elementor-widget-heading .elementor-heading-title.elementor-size-xxl{font-size:59px}<\/style><h5 class=\"elementor-heading-title elementor-size-medium\">Europa 2022 - Eurofabrique<\/h5>\t\t<\/div>\n\t\t\t\t<\/div>\n\t\t\t\t<div class=\"elementor-element elementor-element-417701e elementor-widget elementor-widget-text-editor\" data-id=\"417701e\" data-element_type=\"widget\" data-widget_type=\"text-editor.default\">\n\t\t\t\t<div class=\"elementor-widget-container\">\n\t\t\t<style>\/*! elementor - v3.19.0 - 07-02-2024 *\/\n.elementor-widget-text-editor.elementor-drop-cap-view-stacked .elementor-drop-cap{background-color:#69727d;color:#fff}.elementor-widget-text-editor.elementor-drop-cap-view-framed .elementor-drop-cap{color:#69727d;border:3px solid;background-color:transparent}.elementor-widget-text-editor:not(.elementor-drop-cap-view-default) .elementor-drop-cap{margin-top:8px}.elementor-widget-text-editor:not(.elementor-drop-cap-view-default) .elementor-drop-cap-letter{width:1em;height:1em}.elementor-widget-text-editor .elementor-drop-cap{float:left;text-align:center;line-height:1;font-size:50px}.elementor-widget-text-editor .elementor-drop-cap-letter{display:inline-block}<\/style>\t\t\t\t<p>Title: Europa 2022<br \/>Year: 2021-2022<\/p><p>Exposed at :<\/p><p><strong>\u25ba\u00a0<a href=\"https:\/\/www.gaite-lyrique.net\/evenement\/eurofabrique\">Eurofabrique,\u00a0<\/a><\/strong>feb. 2024, Ga\u00eet\u00e9 Lyrique, Paris<\/p><p><strong>\u25ba Jean Bardin aujourd&#8217;hui. ESAD Orl\u00e9ans : l\u2019h\u00e9ritage. Computation, C\u00e9ramique, Dessin<\/strong>, april 2023, Mus\u00e9e des Beaux-Arts d&#8217;Orl\u00e9ans<\/p><p><strong><a href=\"https:\/\/esadorleans.fr\/usb-1-europa2022\/\">\u25ba U.S.B. #1<\/a><\/strong> <strong>\u00b7 Europa 2022<\/strong>, sept. &#8211; oct. 2022, Galerie de l&#8217;ESAD Orl\u00e9ans, France<br \/><strong><a href=\"https:\/\/antrepeaux.net\/en\/5053-2\/#:~:text=L'exposition%20%C2%AB%20TITRE%20%3F%20(,es%20%C3%A0%20l'%C3%89SAD%20Orl%C3%A9ans.&amp;text=Ils%20r%C3%A9pondent%20aux%20sujets%20actuels,%2C%20%C3%A9conomique%2C%20politique%20et%20priv%C3%A9e.\">\u25ba Titre ?<\/a>,\u00a0<\/strong>may. 2022, Centre d\u2019art Transpalette, Bourges, France<br \/><a href=\"https:\/\/www.grandpalais.fr\/fr\/evenement\/eurofabrique\">\u25ba <strong>Eurofabrique<\/strong><\/a>, feb. 2022 Grand Palais \u00c9ph\u00e9m\u00e8re, Paris, France<\/p><p>Carried out by the &#8220;Objects, Crafts and Computation'&#8221; art and design research programme in dialogue with the ceramics and glass faculty of the Eugeniusz Geppert Academy of Art and Design in Wroc\u0142aw, Europa 2022 is a participatory and generative installation based on a linguistic map of the European continent, incorporating a collection of sculptures generated through a process of physicalising sound data based on recordings of a text by the Czech philosopher Jan Pato\u010dka read in different European languages :<\/p>\t\t\t\t\t\t<\/div>\n\t\t\t\t<\/div>\n\t\t\t\t\t<\/div>\n\t\t<\/div>\n\t\t\t\t\t<\/div>\n\t\t<\/section>\n\t\t\t\t<section class=\"elementor-section elementor-top-section elementor-element elementor-element-8b03dd2 elementor-section-boxed elementor-section-height-default elementor-section-height-default qodef-elementor-content-no\" data-id=\"8b03dd2\" data-element_type=\"section\">\n\t\t\t\t\t\t<div class=\"elementor-container elementor-column-gap-default\">\n\t\t\t\t\t<div class=\"elementor-column elementor-col-100 elementor-top-column elementor-element elementor-element-db473aa\" data-id=\"db473aa\" data-element_type=\"column\">\n\t\t\t<div class=\"elementor-widget-wrap elementor-element-populated\">\n\t\t\t\t\t\t<div class=\"elementor-element elementor-element-7008307 elementor-widget elementor-widget-text-editor\" data-id=\"7008307\" data-element_type=\"widget\" data-widget_type=\"text-editor.default\">\n\t\t\t\t<div class=\"elementor-widget-container\">\n\t\t\t\t\t\t\t<p><em>&#8220;It is the same heritage which persists through disasters, and that is why it seems to me that we can venture to affirm that Europe &#8211; in particular Western Europe, but also what is called &#8220;the other Europe&#8221; &#8211; was born of the care to the soul. &#8211; that is the germ which brought forth what was Europe.&#8221;<\/em><\/p><p>Jan Pato\u010dka, Platon et l&#8217;Europe, seminar of 1973, trad. E. Verdier, 1983, p.99<\/p><p><strong>Further information <a href=\"http:\/\/occ.esadorleans.fr\/europa-2022\/\">\u25baHere<\/a><\/strong><\/p><p><em>\u00a0<\/em><\/p>\t\t\t\t\t\t<\/div>\n\t\t\t\t<\/div>\n\t\t\t\t\t<\/div>\n\t\t<\/div>\n\t\t\t\t\t<\/div>\n\t\t<\/section>\n\t\t\t\t<section class=\"elementor-section elementor-top-section elementor-element elementor-element-1d7b9a3 elementor-section-boxed elementor-section-height-default elementor-section-height-default qodef-elementor-content-no\" data-id=\"1d7b9a3\" data-element_type=\"section\">\n\t\t\t\t\t\t<div class=\"elementor-container elementor-column-gap-default\">\n\t\t\t\t\t<div class=\"elementor-column elementor-col-50 elementor-top-column elementor-element elementor-element-4e3cba4\" data-id=\"4e3cba4\" data-element_type=\"column\">\n\t\t\t<div class=\"elementor-widget-wrap elementor-element-populated\">\n\t\t\t\t\t\t<div class=\"elementor-element elementor-element-1e0567b elementor-widget elementor-widget-image\" data-id=\"1e0567b\" data-element_type=\"widget\" data-widget_type=\"image.default\">\n\t\t\t\t<div class=\"elementor-widget-container\">\n\t\t\t\t\t\t\t\t\t\t<figure class=\"wp-caption\">\n\t\t\t\t\t\t\t\t\t\t<img decoding=\"async\" width=\"1024\" height=\"1024\" src=\"http:\/\/ameliesamson.com\/wp-content\/uploads\/2024\/07\/IMG_20240210_172657-sqr.jpg\" class=\"attachment-large size-large wp-image-1694\" alt=\"\" \/>\t\t\t\t\t\t\t\t\t\t\t<figcaption class=\"widget-image-caption wp-caption-text\">Ga\u00eet\u00e9 lyrique, feb. 2024 @ ESAD Orl\u00e9ans<\/figcaption>\n\t\t\t\t\t\t\t\t\t\t<\/figure>\n\t\t\t\t\t\t\t<\/div>\n\t\t\t\t<\/div>\n\t\t\t\t\t<\/div>\n\t\t<\/div>\n\t\t\t\t<div class=\"elementor-column elementor-col-50 elementor-top-column elementor-element elementor-element-a91c33f\" data-id=\"a91c33f\" data-element_type=\"column\">\n\t\t\t<div class=\"elementor-widget-wrap elementor-element-populated\">\n\t\t\t\t\t\t<div class=\"elementor-element elementor-element-0f94fd1 elementor-widget elementor-widget-image\" data-id=\"0f94fd1\" data-element_type=\"widget\" data-widget_type=\"image.default\">\n\t\t\t\t<div class=\"elementor-widget-container\">\n\t\t\t\t\t\t\t\t\t\t<figure class=\"wp-caption\">\n\t\t\t\t\t\t\t\t\t\t<img decoding=\"async\" width=\"1024\" height=\"1024\" src=\"http:\/\/ameliesamson.com\/wp-content\/uploads\/2024\/07\/DSC0043-2048x2048-1.jpg\" class=\"attachment-large size-large wp-image-1695\" alt=\"\" \/>\t\t\t\t\t\t\t\t\t\t\t<figcaption class=\"widget-image-caption wp-caption-text\">Transpalette, may 2022, @ESAD Orl\u00e9ans<\/figcaption>\n\t\t\t\t\t\t\t\t\t\t<\/figure>\n\t\t\t\t\t\t\t<\/div>\n\t\t\t\t<\/div>\n\t\t\t\t\t<\/div>\n\t\t<\/div>\n\t\t\t\t\t<\/div>\n\t\t<\/section>\n\t\t\t\t<section class=\"elementor-section elementor-top-section elementor-element elementor-element-9e7e3bf elementor-section-boxed elementor-section-height-default elementor-section-height-default qodef-elementor-content-no\" data-id=\"9e7e3bf\" data-element_type=\"section\">\n\t\t\t\t\t\t<div class=\"elementor-container elementor-column-gap-default\">\n\t\t\t\t\t<div class=\"elementor-column elementor-col-50 elementor-top-column elementor-element elementor-element-9e24bd1\" data-id=\"9e24bd1\" data-element_type=\"column\">\n\t\t\t<div class=\"elementor-widget-wrap elementor-element-populated\">\n\t\t\t\t\t\t<div class=\"elementor-element elementor-element-0429be8 elementor-widget elementor-widget-image\" data-id=\"0429be8\" data-element_type=\"widget\" data-widget_type=\"image.default\">\n\t\t\t\t<div class=\"elementor-widget-container\">\n\t\t\t\t\t\t\t\t\t\t<figure class=\"wp-caption\">\n\t\t\t\t\t\t\t\t\t\t<img loading=\"lazy\" decoding=\"async\" width=\"1024\" height=\"1024\" src=\"http:\/\/ameliesamson.com\/wp-content\/uploads\/2022\/07\/eurofabrique2.jpg\" class=\"attachment-large size-large wp-image-541\" alt=\"Eurofabrique \/ OCC \/ installation\" \/>\t\t\t\t\t\t\t\t\t\t\t<figcaption class=\"widget-image-caption wp-caption-text\">Grand Palais \u00c9ph\u00e9m\u00e8re, feb. 2022, @ESAD Orl\u00e9ans<\/figcaption>\n\t\t\t\t\t\t\t\t\t\t<\/figure>\n\t\t\t\t\t\t\t<\/div>\n\t\t\t\t<\/div>\n\t\t\t\t\t<\/div>\n\t\t<\/div>\n\t\t\t\t<div class=\"elementor-column elementor-col-50 elementor-top-column elementor-element elementor-element-ef82e29\" data-id=\"ef82e29\" data-element_type=\"column\">\n\t\t\t<div class=\"elementor-widget-wrap elementor-element-populated\">\n\t\t\t\t\t\t<div class=\"elementor-element elementor-element-aa3a1c0 elementor-widget elementor-widget-image\" data-id=\"aa3a1c0\" data-element_type=\"widget\" data-widget_type=\"image.default\">\n\t\t\t\t<div class=\"elementor-widget-container\">\n\t\t\t\t\t\t\t\t\t\t\t\t\t<img loading=\"lazy\" decoding=\"async\" width=\"1024\" height=\"1024\" src=\"http:\/\/ameliesamson.com\/wp-content\/uploads\/2022\/07\/EuroFabrique_Esad_Orleans_Polonais-1024x1024-1.jpeg\" class=\"attachment-large size-large wp-image-542\" alt=\"Eurofabrique \/ Gcode \/ Impression 3D c\u00e9ramique \/ Data\" \/>\t\t\t\t\t\t\t\t\t\t\t\t\t<\/div>\n\t\t\t\t<\/div>\n\t\t\t\t\t<\/div>\n\t\t<\/div>\n\t\t\t\t\t<\/div>\n\t\t<\/section>\n\t\t\t\t<\/div>\n\t\t","protected":false},"excerpt":{"rendered":"<p>@ Ronan Coquil Europa 2022 &#8211; Eurofabrique Title: Europa 2022Year: 2021-2022 Exposed at : \u25ba\u00a0Eurofabrique,\u00a0feb. 2024, Ga\u00eet\u00e9 Lyrique, Paris \u25ba Jean Bardin aujourd&#8217;hui. ESAD Orl\u00e9ans : l\u2019h\u00e9ritage. Computation, C\u00e9ramique, Dessin, april 2023, Mus\u00e9e des Beaux-Arts d&#8217;Orl\u00e9ans \u25ba U.S.B. #1 \u00b7 Europa 2022, sept. &#8211; oct. 2022, Galerie de l&#8217;ESAD Orl\u00e9ans, France\u25ba Titre ?,\u00a0may. 2022, Centre [&hellip;]<\/p>\n","protected":false},"author":1,"featured_media":0,"parent":0,"menu_order":0,"comment_status":"closed","ping_status":"closed","template":"","meta":{"footnotes":""},"class_list":["post-1237","page","type-page","status-publish","hentry"],"yoast_head":"<!-- This site is optimized with the Yoast SEO plugin v26.8 - https:\/\/yoast.com\/product\/yoast-seo-wordpress\/ -->\n<title>Europa 2022 - Amelie Samson<\/title>\n<meta name=\"description\" content=\"Eurofabrique - Grand palais \u00e9ph\u00e9m\u00e8re Paris - Impression 3D c\u00e9ramique - Objects, Crafts and Computation - Jan Patocka - Dispositif participatif\" \/>\n<meta name=\"robots\" content=\"index, follow, max-snippet:-1, max-image-preview:large, max-video-preview:-1\" \/>\n<link rel=\"canonical\" href=\"http:\/\/ameliesamson.com\/index.php\/en\/europa-2022\/\" \/>\n<meta property=\"og:locale\" content=\"fr_FR\" \/>\n<meta property=\"og:type\" content=\"article\" \/>\n<meta property=\"og:title\" content=\"Europa 2022 - Amelie Samson\" \/>\n<meta property=\"og:description\" content=\"Eurofabrique - Grand palais \u00e9ph\u00e9m\u00e8re Paris - Impression 3D c\u00e9ramique - Objects, Crafts and Computation - Jan Patocka - Dispositif participatif\" \/>\n<meta property=\"og:url\" content=\"http:\/\/ameliesamson.com\/index.php\/en\/europa-2022\/\" \/>\n<meta property=\"og:site_name\" content=\"Amelie Samson\" \/>\n<meta property=\"article:modified_time\" content=\"2024-07-19T15:28:40+00:00\" \/>\n<meta property=\"og:image\" content=\"http:\/\/ameliesamson.com\/wp-content\/uploads\/2022\/06\/eurofabrique.jpg\" \/>\n<meta name=\"twitter:card\" content=\"summary_large_image\" \/>\n<meta name=\"twitter:site\" content=\"@AmlieSamson\" \/>\n<meta name=\"twitter:label1\" content=\"Dur\u00e9e de lecture estim\u00e9e\" \/>\n\t<meta name=\"twitter:data1\" content=\"3 minutes\" \/>\n<script type=\"application\/ld+json\" class=\"yoast-schema-graph\">{\"@context\":\"https:\/\/schema.org\",\"@graph\":[{\"@type\":\"WebPage\",\"@id\":\"http:\/\/ameliesamson.com\/index.php\/en\/europa-2022\/\",\"url\":\"http:\/\/ameliesamson.com\/index.php\/en\/europa-2022\/\",\"name\":\"Europa 2022 - Amelie Samson\",\"isPartOf\":{\"@id\":\"http:\/\/ameliesamson.com\/#website\"},\"primaryImageOfPage\":{\"@id\":\"http:\/\/ameliesamson.com\/index.php\/en\/europa-2022\/#primaryimage\"},\"image\":{\"@id\":\"http:\/\/ameliesamson.com\/index.php\/en\/europa-2022\/#primaryimage\"},\"thumbnailUrl\":\"http:\/\/ameliesamson.com\/wp-content\/uploads\/2022\/06\/eurofabrique.jpg\",\"datePublished\":\"2022-07-04T09:48:37+00:00\",\"dateModified\":\"2024-07-19T15:28:40+00:00\",\"description\":\"Eurofabrique - Grand palais \u00e9ph\u00e9m\u00e8re Paris - Impression 3D c\u00e9ramique - Objects, Crafts and Computation - Jan Patocka - Dispositif participatif\",\"breadcrumb\":{\"@id\":\"http:\/\/ameliesamson.com\/index.php\/en\/europa-2022\/#breadcrumb\"},\"inLanguage\":\"fr-FR\",\"potentialAction\":[{\"@type\":\"ReadAction\",\"target\":[\"http:\/\/ameliesamson.com\/index.php\/en\/europa-2022\/\"]}]},{\"@type\":\"ImageObject\",\"inLanguage\":\"fr-FR\",\"@id\":\"http:\/\/ameliesamson.com\/index.php\/en\/europa-2022\/#primaryimage\",\"url\":\"http:\/\/ameliesamson.com\/wp-content\/uploads\/2022\/06\/eurofabrique.jpg\",\"contentUrl\":\"http:\/\/ameliesamson.com\/wp-content\/uploads\/2022\/06\/eurofabrique.jpg\",\"width\":2016,\"height\":1346,\"caption\":\"Impression 3D c\u00e9ramique \/ Eurofabrique \/ Terre \/ Grand Palais \u00e9ph\u00e9m\u00e8re \/ Data\"},{\"@type\":\"BreadcrumbList\",\"@id\":\"http:\/\/ameliesamson.com\/index.php\/en\/europa-2022\/#breadcrumb\",\"itemListElement\":[{\"@type\":\"ListItem\",\"position\":1,\"name\":\"Accueil\",\"item\":\"http:\/\/ameliesamson.com\/\"},{\"@type\":\"ListItem\",\"position\":2,\"name\":\"Europa 2022\"}]},{\"@type\":\"WebSite\",\"@id\":\"http:\/\/ameliesamson.com\/#website\",\"url\":\"http:\/\/ameliesamson.com\/\",\"name\":\"Amelie Samson\",\"description\":\"\",\"publisher\":{\"@id\":\"http:\/\/ameliesamson.com\/#\/schema\/person\/894f5f1404401bc140412a7266c729ef\"},\"potentialAction\":[{\"@type\":\"SearchAction\",\"target\":{\"@type\":\"EntryPoint\",\"urlTemplate\":\"http:\/\/ameliesamson.com\/?s={search_term_string}\"},\"query-input\":{\"@type\":\"PropertyValueSpecification\",\"valueRequired\":true,\"valueName\":\"search_term_string\"}}],\"inLanguage\":\"fr-FR\"},{\"@type\":[\"Person\",\"Organization\"],\"@id\":\"http:\/\/ameliesamson.com\/#\/schema\/person\/894f5f1404401bc140412a7266c729ef\",\"name\":\"Amelie\",\"image\":{\"@type\":\"ImageObject\",\"inLanguage\":\"fr-FR\",\"@id\":\"http:\/\/ameliesamson.com\/#\/schema\/person\/image\/\",\"url\":\"http:\/\/ameliesamson.com\/wp-content\/uploads\/2024\/09\/LOGO-2024-BQ.jpg\",\"contentUrl\":\"http:\/\/ameliesamson.com\/wp-content\/uploads\/2024\/09\/LOGO-2024-BQ.jpg\",\"width\":1080,\"height\":1080,\"caption\":\"Amelie\"},\"logo\":{\"@id\":\"http:\/\/ameliesamson.com\/#\/schema\/person\/image\/\"},\"sameAs\":[\"http:\/\/ameliesamson.com\/\",\"https:\/\/www.instagram.com\/am.sam_design\/\",\"https:\/\/fr.linkedin.com\/in\/amlie-samson-a4b9ba166\",\"https:\/\/x.com\/https:\/\/twitter.com\/AmlieSamson\"]}]}<\/script>\n<!-- \/ Yoast SEO plugin. -->","yoast_head_json":{"title":"Europa 2022 - Amelie Samson","description":"Eurofabrique - Grand palais \u00e9ph\u00e9m\u00e8re Paris - Impression 3D c\u00e9ramique - Objects, Crafts and Computation - Jan Patocka - Dispositif participatif","robots":{"index":"index","follow":"follow","max-snippet":"max-snippet:-1","max-image-preview":"max-image-preview:large","max-video-preview":"max-video-preview:-1"},"canonical":"http:\/\/ameliesamson.com\/index.php\/en\/europa-2022\/","og_locale":"fr_FR","og_type":"article","og_title":"Europa 2022 - Amelie Samson","og_description":"Eurofabrique - Grand palais \u00e9ph\u00e9m\u00e8re Paris - Impression 3D c\u00e9ramique - Objects, Crafts and Computation - Jan Patocka - Dispositif participatif","og_url":"http:\/\/ameliesamson.com\/index.php\/en\/europa-2022\/","og_site_name":"Amelie Samson","article_modified_time":"2024-07-19T15:28:40+00:00","og_image":[{"url":"http:\/\/ameliesamson.com\/wp-content\/uploads\/2022\/06\/eurofabrique.jpg","type":"","width":"","height":""}],"twitter_card":"summary_large_image","twitter_site":"@AmlieSamson","twitter_misc":{"Dur\u00e9e de lecture estim\u00e9e":"3 minutes"},"schema":{"@context":"https:\/\/schema.org","@graph":[{"@type":"WebPage","@id":"http:\/\/ameliesamson.com\/index.php\/en\/europa-2022\/","url":"http:\/\/ameliesamson.com\/index.php\/en\/europa-2022\/","name":"Europa 2022 - Amelie Samson","isPartOf":{"@id":"http:\/\/ameliesamson.com\/#website"},"primaryImageOfPage":{"@id":"http:\/\/ameliesamson.com\/index.php\/en\/europa-2022\/#primaryimage"},"image":{"@id":"http:\/\/ameliesamson.com\/index.php\/en\/europa-2022\/#primaryimage"},"thumbnailUrl":"http:\/\/ameliesamson.com\/wp-content\/uploads\/2022\/06\/eurofabrique.jpg","datePublished":"2022-07-04T09:48:37+00:00","dateModified":"2024-07-19T15:28:40+00:00","description":"Eurofabrique - Grand palais \u00e9ph\u00e9m\u00e8re Paris - Impression 3D c\u00e9ramique - Objects, Crafts and Computation - Jan Patocka - Dispositif participatif","breadcrumb":{"@id":"http:\/\/ameliesamson.com\/index.php\/en\/europa-2022\/#breadcrumb"},"inLanguage":"fr-FR","potentialAction":[{"@type":"ReadAction","target":["http:\/\/ameliesamson.com\/index.php\/en\/europa-2022\/"]}]},{"@type":"ImageObject","inLanguage":"fr-FR","@id":"http:\/\/ameliesamson.com\/index.php\/en\/europa-2022\/#primaryimage","url":"http:\/\/ameliesamson.com\/wp-content\/uploads\/2022\/06\/eurofabrique.jpg","contentUrl":"http:\/\/ameliesamson.com\/wp-content\/uploads\/2022\/06\/eurofabrique.jpg","width":2016,"height":1346,"caption":"Impression 3D c\u00e9ramique \/ Eurofabrique \/ Terre \/ Grand Palais \u00e9ph\u00e9m\u00e8re \/ Data"},{"@type":"BreadcrumbList","@id":"http:\/\/ameliesamson.com\/index.php\/en\/europa-2022\/#breadcrumb","itemListElement":[{"@type":"ListItem","position":1,"name":"Accueil","item":"http:\/\/ameliesamson.com\/"},{"@type":"ListItem","position":2,"name":"Europa 2022"}]},{"@type":"WebSite","@id":"http:\/\/ameliesamson.com\/#website","url":"http:\/\/ameliesamson.com\/","name":"Amelie Samson","description":"","publisher":{"@id":"http:\/\/ameliesamson.com\/#\/schema\/person\/894f5f1404401bc140412a7266c729ef"},"potentialAction":[{"@type":"SearchAction","target":{"@type":"EntryPoint","urlTemplate":"http:\/\/ameliesamson.com\/?s={search_term_string}"},"query-input":{"@type":"PropertyValueSpecification","valueRequired":true,"valueName":"search_term_string"}}],"inLanguage":"fr-FR"},{"@type":["Person","Organization"],"@id":"http:\/\/ameliesamson.com\/#\/schema\/person\/894f5f1404401bc140412a7266c729ef","name":"Amelie","image":{"@type":"ImageObject","inLanguage":"fr-FR","@id":"http:\/\/ameliesamson.com\/#\/schema\/person\/image\/","url":"http:\/\/ameliesamson.com\/wp-content\/uploads\/2024\/09\/LOGO-2024-BQ.jpg","contentUrl":"http:\/\/ameliesamson.com\/wp-content\/uploads\/2024\/09\/LOGO-2024-BQ.jpg","width":1080,"height":1080,"caption":"Amelie"},"logo":{"@id":"http:\/\/ameliesamson.com\/#\/schema\/person\/image\/"},"sameAs":["http:\/\/ameliesamson.com\/","https:\/\/www.instagram.com\/am.sam_design\/","https:\/\/fr.linkedin.com\/in\/amlie-samson-a4b9ba166","https:\/\/x.com\/https:\/\/twitter.com\/AmlieSamson"]}]}},"_links":{"self":[{"href":"http:\/\/ameliesamson.com\/index.php\/wp-json\/wp\/v2\/pages\/1237","targetHints":{"allow":["GET"]}}],"collection":[{"href":"http:\/\/ameliesamson.com\/index.php\/wp-json\/wp\/v2\/pages"}],"about":[{"href":"http:\/\/ameliesamson.com\/index.php\/wp-json\/wp\/v2\/types\/page"}],"author":[{"embeddable":true,"href":"http:\/\/ameliesamson.com\/index.php\/wp-json\/wp\/v2\/users\/1"}],"replies":[{"embeddable":true,"href":"http:\/\/ameliesamson.com\/index.php\/wp-json\/wp\/v2\/comments?post=1237"}],"version-history":[{"count":25,"href":"http:\/\/ameliesamson.com\/index.php\/wp-json\/wp\/v2\/pages\/1237\/revisions"}],"predecessor-version":[{"id":1722,"href":"http:\/\/ameliesamson.com\/index.php\/wp-json\/wp\/v2\/pages\/1237\/revisions\/1722"}],"wp:attachment":[{"href":"http:\/\/ameliesamson.com\/index.php\/wp-json\/wp\/v2\/media?parent=1237"}],"curies":[{"name":"wp","href":"https:\/\/api.w.org\/{rel}","templated":true}]}}