{"id":1455,"date":"2024-02-15T16:49:49","date_gmt":"2024-02-15T16:49:49","guid":{"rendered":"http:\/\/ameliesamson.com\/?page_id=1455"},"modified":"2024-02-21T09:30:53","modified_gmt":"2024-02-21T09:30:53","slug":"data_vessel","status":"publish","type":"page","link":"http:\/\/ameliesamson.com\/index.php\/data_vessel\/","title":{"rendered":"Data_Vessel"},"content":{"rendered":"\t\t<div data-elementor-type=\"wp-page\" data-elementor-id=\"1455\" class=\"elementor elementor-1455\">\n\t\t\t\t\t\t<section class=\"elementor-section elementor-top-section elementor-element elementor-element-df096da elementor-section-boxed elementor-section-height-default elementor-section-height-default qodef-elementor-content-no\" data-id=\"df096da\" data-element_type=\"section\">\n\t\t\t\t\t\t<div class=\"elementor-container elementor-column-gap-default\">\n\t\t\t\t\t<div class=\"elementor-column elementor-col-66 elementor-top-column elementor-element elementor-element-a4bb4fc\" data-id=\"a4bb4fc\" data-element_type=\"column\">\n\t\t\t<div class=\"elementor-widget-wrap elementor-element-populated\">\n\t\t\t\t\t\t<div class=\"elementor-element elementor-element-2b24854 elementor-widget elementor-widget-image\" data-id=\"2b24854\" data-element_type=\"widget\" data-widget_type=\"image.default\">\n\t\t\t\t<div class=\"elementor-widget-container\">\n\t\t\t<style>\/*! elementor - v3.19.0 - 07-02-2024 *\/\n.elementor-widget-image{text-align:center}.elementor-widget-image a{display:inline-block}.elementor-widget-image a img[src$=\".svg\"]{width:48px}.elementor-widget-image img{vertical-align:middle;display:inline-block}<\/style>\t\t\t\t\t\t\t\t\t\t<img fetchpriority=\"high\" decoding=\"async\" width=\"640\" height=\"1024\" src=\"http:\/\/ameliesamson.com\/wp-content\/uploads\/2024\/02\/Data-vessel-Kairos.jpg\" class=\"attachment-large size-large wp-image-1458\" alt=\"\" \/>\t\t\t\t\t\t\t\t\t\t\t\t\t<\/div>\n\t\t\t\t<\/div>\n\t\t\t\t\t<\/div>\n\t\t<\/div>\n\t\t\t\t<div class=\"elementor-column elementor-col-33 elementor-top-column elementor-element elementor-element-47515b4\" data-id=\"47515b4\" data-element_type=\"column\">\n\t\t\t<div class=\"elementor-widget-wrap elementor-element-populated\">\n\t\t\t\t\t\t<div class=\"elementor-element elementor-element-fad8a0a elementor-widget elementor-widget-heading\" data-id=\"fad8a0a\" data-element_type=\"widget\" data-widget_type=\"heading.default\">\n\t\t\t\t<div class=\"elementor-widget-container\">\n\t\t\t<style>\/*! elementor - v3.19.0 - 07-02-2024 *\/\n.elementor-heading-title{padding:0;margin:0;line-height:1}.elementor-widget-heading .elementor-heading-title[class*=elementor-size-]>a{color:inherit;font-size:inherit;line-height:inherit}.elementor-widget-heading .elementor-heading-title.elementor-size-small{font-size:15px}.elementor-widget-heading .elementor-heading-title.elementor-size-medium{font-size:19px}.elementor-widget-heading .elementor-heading-title.elementor-size-large{font-size:29px}.elementor-widget-heading .elementor-heading-title.elementor-size-xl{font-size:39px}.elementor-widget-heading .elementor-heading-title.elementor-size-xxl{font-size:59px}<\/style><h5 class=\"elementor-heading-title elementor-size-default\">Data_Vessel<\/h5>\t\t<\/div>\n\t\t\t\t<\/div>\n\t\t\t\t<div class=\"elementor-element elementor-element-c10fe4f elementor-widget elementor-widget-text-editor\" data-id=\"c10fe4f\" data-element_type=\"widget\" data-widget_type=\"text-editor.default\">\n\t\t\t\t<div class=\"elementor-widget-container\">\n\t\t\t<style>\/*! elementor - v3.19.0 - 07-02-2024 *\/\n.elementor-widget-text-editor.elementor-drop-cap-view-stacked .elementor-drop-cap{background-color:#69727d;color:#fff}.elementor-widget-text-editor.elementor-drop-cap-view-framed .elementor-drop-cap{color:#69727d;border:3px solid;background-color:transparent}.elementor-widget-text-editor:not(.elementor-drop-cap-view-default) .elementor-drop-cap{margin-top:8px}.elementor-widget-text-editor:not(.elementor-drop-cap-view-default) .elementor-drop-cap-letter{width:1em;height:1em}.elementor-widget-text-editor .elementor-drop-cap{float:left;text-align:center;line-height:1;font-size:50px}.elementor-widget-text-editor .elementor-drop-cap-letter{display:inline-block}<\/style>\t\t\t\t<p><strong>\/\/\/ Projet en cours \/\/\/<\/strong><\/p><p>Titre : Data_Vessel<br \/>Ann\u00e9e : 2023 &#8211; Auj.<br \/>Signature : Collectif Ka\u00efros ( au sein du PAD OCC, unit\u00e9 de recherche ECOLAB )<\/p><p>Plus d&#8217;infos <a href=\"https:\/\/collectifkairos.com\/index.php\/data_vessel\/\">-&gt; ici<\/a><\/p><p>Lorsque vient la question de s\u2019int\u00e9resser \u00e0 \u201cce qui reste\u201d d\u2019un\u00b7e d\u00e9funt\u00b7e, certain\u00b7e\u00b7s pensent \u00e0 la tombe, certains pensent aux cendres, aux os. D\u2019autres penseront aux divers biens mat\u00e9riels ayant appartenu \u00e0 la personne. D\u2019autres encore r\u00e9pondront qu\u2019assur\u00e9ment il leur reste des souvenirs, des r\u00e9cits qui construisent la l\u00e9gende d\u2019un \u00eatre qui a v\u00e9cu. Par les mots, les vivants permettent aux morts de continuer d\u2019exister. C\u2019est ce qu\u2019appuie Vinciane Despret dans son enqu\u00eate \u201cAu bonheur des morts\u201d : il faut consid\u00e9rer le mort comme engag\u00e9 dans des processus de transformation conjointe avec le vivant.<\/p><p>Nous utilisons les donn\u00e9es pour qu\u2019elles s\u2019incarnent dans la mati\u00e8re, les datas comme un moyen de former, d\u2019informer des objets. Notre d\u00e9marche est ici une qu\u00eate de t\u00e9moignages, de donn\u00e9es sensibles, mots, \u00e9motions, souvenirs. Comment ces donn\u00e9es immat\u00e9rielles peuvent-elles prendre corps dans la mati\u00e8re et former un objet de comm\u00e9moration ?<\/p>\t\t\t\t\t\t<\/div>\n\t\t\t\t<\/div>\n\t\t\t\t\t<\/div>\n\t\t<\/div>\n\t\t\t\t\t<\/div>\n\t\t<\/section>\n\t\t\t\t<section class=\"elementor-section elementor-top-section elementor-element elementor-element-3d5d542 elementor-section-boxed elementor-section-height-default elementor-section-height-default qodef-elementor-content-no\" data-id=\"3d5d542\" data-element_type=\"section\">\n\t\t\t\t\t\t<div class=\"elementor-container elementor-column-gap-default\">\n\t\t\t\t\t<div class=\"elementor-column elementor-col-50 elementor-top-column elementor-element elementor-element-15d1e52\" data-id=\"15d1e52\" data-element_type=\"column\">\n\t\t\t<div class=\"elementor-widget-wrap elementor-element-populated\">\n\t\t\t\t\t\t<div class=\"elementor-element elementor-element-8048abb elementor-widget elementor-widget-image\" data-id=\"8048abb\" data-element_type=\"widget\" data-widget_type=\"image.default\">\n\t\t\t\t<div class=\"elementor-widget-container\">\n\t\t\t\t\t\t\t\t\t\t\t\t\t<img decoding=\"async\" width=\"1024\" height=\"683\" src=\"http:\/\/ameliesamson.com\/wp-content\/uploads\/2024\/02\/IMG_6519-crop.jpg\" class=\"attachment-large size-large wp-image-1418\" alt=\"\" \/>\t\t\t\t\t\t\t\t\t\t\t\t\t<\/div>\n\t\t\t\t<\/div>\n\t\t\t\t\t<\/div>\n\t\t<\/div>\n\t\t\t\t<div class=\"elementor-column elementor-col-50 elementor-top-column elementor-element elementor-element-67a8f29\" data-id=\"67a8f29\" data-element_type=\"column\">\n\t\t\t<div class=\"elementor-widget-wrap elementor-element-populated\">\n\t\t\t\t\t\t<div class=\"elementor-element elementor-element-4079412 elementor-widget elementor-widget-image\" data-id=\"4079412\" data-element_type=\"widget\" data-widget_type=\"image.default\">\n\t\t\t\t<div class=\"elementor-widget-container\">\n\t\t\t\t\t\t\t\t\t\t\t\t\t<img decoding=\"async\" width=\"1024\" height=\"683\" src=\"http:\/\/ameliesamson.com\/wp-content\/uploads\/2024\/02\/stele_spirale.jpg\" class=\"attachment-large size-large wp-image-1495\" alt=\"\" \/>\t\t\t\t\t\t\t\t\t\t\t\t\t<\/div>\n\t\t\t\t<\/div>\n\t\t\t\t\t<\/div>\n\t\t<\/div>\n\t\t\t\t\t<\/div>\n\t\t<\/section>\n\t\t\t\t<\/div>\n\t\t","protected":false},"excerpt":{"rendered":"<p>Data_Vessel \/\/\/ Projet en cours \/\/\/ Titre : Data_VesselAnn\u00e9e : 2023 &#8211; Auj.Signature : Collectif Ka\u00efros ( au sein du PAD OCC, unit\u00e9 de recherche ECOLAB ) Plus d&#8217;infos -&gt; ici Lorsque vient la question de s\u2019int\u00e9resser \u00e0 \u201cce qui reste\u201d d\u2019un\u00b7e d\u00e9funt\u00b7e, certain\u00b7e\u00b7s pensent \u00e0 la tombe, certains pensent aux cendres, aux os. D\u2019autres [&hellip;]<\/p>\n","protected":false},"author":1,"featured_media":0,"parent":0,"menu_order":0,"comment_status":"closed","ping_status":"closed","template":"","meta":{"footnotes":""},"class_list":["post-1455","page","type-page","status-publish","hentry"],"yoast_head":"<!-- This site is optimized with the Yoast SEO plugin v26.8 - https:\/\/yoast.com\/product\/yoast-seo-wordpress\/ -->\n<title>Data_Vessel - Amelie Samson<\/title>\n<meta name=\"robots\" content=\"index, follow, max-snippet:-1, max-image-preview:large, max-video-preview:-1\" \/>\n<link rel=\"canonical\" href=\"http:\/\/ameliesamson.com\/index.php\/data_vessel\/\" \/>\n<meta property=\"og:locale\" content=\"fr_FR\" \/>\n<meta property=\"og:type\" content=\"article\" \/>\n<meta property=\"og:title\" content=\"Data_Vessel - Amelie Samson\" \/>\n<meta property=\"og:description\" content=\"Data_Vessel \/\/\/ Projet en cours \/\/\/ Titre : Data_VesselAnn\u00e9e : 2023 &#8211; Auj.Signature : Collectif Ka\u00efros ( au sein du PAD OCC, unit\u00e9 de recherche ECOLAB ) Plus d&#8217;infos -&gt; ici Lorsque vient la question de s\u2019int\u00e9resser \u00e0 \u201cce qui reste\u201d d\u2019un\u00b7e d\u00e9funt\u00b7e, certain\u00b7e\u00b7s pensent \u00e0 la tombe, certains pensent aux cendres, aux os. D\u2019autres [&hellip;]\" \/>\n<meta property=\"og:url\" content=\"http:\/\/ameliesamson.com\/index.php\/data_vessel\/\" \/>\n<meta property=\"og:site_name\" content=\"Amelie Samson\" \/>\n<meta property=\"article:modified_time\" content=\"2024-02-21T09:30:53+00:00\" \/>\n<meta property=\"og:image\" content=\"http:\/\/ameliesamson.com\/wp-content\/uploads\/2024\/02\/Data-vessel-Kairos.jpg\" \/>\n<meta name=\"twitter:card\" content=\"summary_large_image\" \/>\n<meta name=\"twitter:site\" content=\"@AmlieSamson\" \/>\n<meta name=\"twitter:label1\" content=\"Dur\u00e9e de lecture estim\u00e9e\" \/>\n\t<meta name=\"twitter:data1\" content=\"2 minutes\" \/>\n<script type=\"application\/ld+json\" class=\"yoast-schema-graph\">{\"@context\":\"https:\/\/schema.org\",\"@graph\":[{\"@type\":\"WebPage\",\"@id\":\"http:\/\/ameliesamson.com\/index.php\/data_vessel\/\",\"url\":\"http:\/\/ameliesamson.com\/index.php\/data_vessel\/\",\"name\":\"Data_Vessel - Amelie Samson\",\"isPartOf\":{\"@id\":\"http:\/\/ameliesamson.com\/#website\"},\"primaryImageOfPage\":{\"@id\":\"http:\/\/ameliesamson.com\/index.php\/data_vessel\/#primaryimage\"},\"image\":{\"@id\":\"http:\/\/ameliesamson.com\/index.php\/data_vessel\/#primaryimage\"},\"thumbnailUrl\":\"http:\/\/ameliesamson.com\/wp-content\/uploads\/2024\/02\/Data-vessel-Kairos.jpg\",\"datePublished\":\"2024-02-15T16:49:49+00:00\",\"dateModified\":\"2024-02-21T09:30:53+00:00\",\"breadcrumb\":{\"@id\":\"http:\/\/ameliesamson.com\/index.php\/data_vessel\/#breadcrumb\"},\"inLanguage\":\"fr-FR\",\"potentialAction\":[{\"@type\":\"ReadAction\",\"target\":[\"http:\/\/ameliesamson.com\/index.php\/data_vessel\/\"]}]},{\"@type\":\"ImageObject\",\"inLanguage\":\"fr-FR\",\"@id\":\"http:\/\/ameliesamson.com\/index.php\/data_vessel\/#primaryimage\",\"url\":\"http:\/\/ameliesamson.com\/wp-content\/uploads\/2024\/02\/Data-vessel-Kairos.jpg\",\"contentUrl\":\"http:\/\/ameliesamson.com\/wp-content\/uploads\/2024\/02\/Data-vessel-Kairos.jpg\",\"width\":900,\"height\":1440},{\"@type\":\"BreadcrumbList\",\"@id\":\"http:\/\/ameliesamson.com\/index.php\/data_vessel\/#breadcrumb\",\"itemListElement\":[{\"@type\":\"ListItem\",\"position\":1,\"name\":\"Accueil\",\"item\":\"http:\/\/ameliesamson.com\/\"},{\"@type\":\"ListItem\",\"position\":2,\"name\":\"Data_Vessel\"}]},{\"@type\":\"WebSite\",\"@id\":\"http:\/\/ameliesamson.com\/#website\",\"url\":\"http:\/\/ameliesamson.com\/\",\"name\":\"Amelie Samson\",\"description\":\"\",\"publisher\":{\"@id\":\"http:\/\/ameliesamson.com\/#\/schema\/person\/894f5f1404401bc140412a7266c729ef\"},\"potentialAction\":[{\"@type\":\"SearchAction\",\"target\":{\"@type\":\"EntryPoint\",\"urlTemplate\":\"http:\/\/ameliesamson.com\/?s={search_term_string}\"},\"query-input\":{\"@type\":\"PropertyValueSpecification\",\"valueRequired\":true,\"valueName\":\"search_term_string\"}}],\"inLanguage\":\"fr-FR\"},{\"@type\":[\"Person\",\"Organization\"],\"@id\":\"http:\/\/ameliesamson.com\/#\/schema\/person\/894f5f1404401bc140412a7266c729ef\",\"name\":\"Amelie\",\"image\":{\"@type\":\"ImageObject\",\"inLanguage\":\"fr-FR\",\"@id\":\"http:\/\/ameliesamson.com\/#\/schema\/person\/image\/\",\"url\":\"http:\/\/ameliesamson.com\/wp-content\/uploads\/2024\/09\/LOGO-2024-BQ.jpg\",\"contentUrl\":\"http:\/\/ameliesamson.com\/wp-content\/uploads\/2024\/09\/LOGO-2024-BQ.jpg\",\"width\":1080,\"height\":1080,\"caption\":\"Amelie\"},\"logo\":{\"@id\":\"http:\/\/ameliesamson.com\/#\/schema\/person\/image\/\"},\"sameAs\":[\"http:\/\/ameliesamson.com\/\",\"https:\/\/www.instagram.com\/am.sam_design\/\",\"https:\/\/fr.linkedin.com\/in\/amlie-samson-a4b9ba166\",\"https:\/\/x.com\/https:\/\/twitter.com\/AmlieSamson\"]}]}<\/script>\n<!-- \/ Yoast SEO plugin. -->","yoast_head_json":{"title":"Data_Vessel - Amelie Samson","robots":{"index":"index","follow":"follow","max-snippet":"max-snippet:-1","max-image-preview":"max-image-preview:large","max-video-preview":"max-video-preview:-1"},"canonical":"http:\/\/ameliesamson.com\/index.php\/data_vessel\/","og_locale":"fr_FR","og_type":"article","og_title":"Data_Vessel - Amelie Samson","og_description":"Data_Vessel \/\/\/ Projet en cours \/\/\/ Titre : Data_VesselAnn\u00e9e : 2023 &#8211; Auj.Signature : Collectif Ka\u00efros ( au sein du PAD OCC, unit\u00e9 de recherche ECOLAB ) Plus d&#8217;infos -&gt; ici Lorsque vient la question de s\u2019int\u00e9resser \u00e0 \u201cce qui reste\u201d d\u2019un\u00b7e d\u00e9funt\u00b7e, certain\u00b7e\u00b7s pensent \u00e0 la tombe, certains pensent aux cendres, aux os. D\u2019autres [&hellip;]","og_url":"http:\/\/ameliesamson.com\/index.php\/data_vessel\/","og_site_name":"Amelie Samson","article_modified_time":"2024-02-21T09:30:53+00:00","og_image":[{"url":"http:\/\/ameliesamson.com\/wp-content\/uploads\/2024\/02\/Data-vessel-Kairos.jpg","type":"","width":"","height":""}],"twitter_card":"summary_large_image","twitter_site":"@AmlieSamson","twitter_misc":{"Dur\u00e9e de lecture estim\u00e9e":"2 minutes"},"schema":{"@context":"https:\/\/schema.org","@graph":[{"@type":"WebPage","@id":"http:\/\/ameliesamson.com\/index.php\/data_vessel\/","url":"http:\/\/ameliesamson.com\/index.php\/data_vessel\/","name":"Data_Vessel - Amelie Samson","isPartOf":{"@id":"http:\/\/ameliesamson.com\/#website"},"primaryImageOfPage":{"@id":"http:\/\/ameliesamson.com\/index.php\/data_vessel\/#primaryimage"},"image":{"@id":"http:\/\/ameliesamson.com\/index.php\/data_vessel\/#primaryimage"},"thumbnailUrl":"http:\/\/ameliesamson.com\/wp-content\/uploads\/2024\/02\/Data-vessel-Kairos.jpg","datePublished":"2024-02-15T16:49:49+00:00","dateModified":"2024-02-21T09:30:53+00:00","breadcrumb":{"@id":"http:\/\/ameliesamson.com\/index.php\/data_vessel\/#breadcrumb"},"inLanguage":"fr-FR","potentialAction":[{"@type":"ReadAction","target":["http:\/\/ameliesamson.com\/index.php\/data_vessel\/"]}]},{"@type":"ImageObject","inLanguage":"fr-FR","@id":"http:\/\/ameliesamson.com\/index.php\/data_vessel\/#primaryimage","url":"http:\/\/ameliesamson.com\/wp-content\/uploads\/2024\/02\/Data-vessel-Kairos.jpg","contentUrl":"http:\/\/ameliesamson.com\/wp-content\/uploads\/2024\/02\/Data-vessel-Kairos.jpg","width":900,"height":1440},{"@type":"BreadcrumbList","@id":"http:\/\/ameliesamson.com\/index.php\/data_vessel\/#breadcrumb","itemListElement":[{"@type":"ListItem","position":1,"name":"Accueil","item":"http:\/\/ameliesamson.com\/"},{"@type":"ListItem","position":2,"name":"Data_Vessel"}]},{"@type":"WebSite","@id":"http:\/\/ameliesamson.com\/#website","url":"http:\/\/ameliesamson.com\/","name":"Amelie Samson","description":"","publisher":{"@id":"http:\/\/ameliesamson.com\/#\/schema\/person\/894f5f1404401bc140412a7266c729ef"},"potentialAction":[{"@type":"SearchAction","target":{"@type":"EntryPoint","urlTemplate":"http:\/\/ameliesamson.com\/?s={search_term_string}"},"query-input":{"@type":"PropertyValueSpecification","valueRequired":true,"valueName":"search_term_string"}}],"inLanguage":"fr-FR"},{"@type":["Person","Organization"],"@id":"http:\/\/ameliesamson.com\/#\/schema\/person\/894f5f1404401bc140412a7266c729ef","name":"Amelie","image":{"@type":"ImageObject","inLanguage":"fr-FR","@id":"http:\/\/ameliesamson.com\/#\/schema\/person\/image\/","url":"http:\/\/ameliesamson.com\/wp-content\/uploads\/2024\/09\/LOGO-2024-BQ.jpg","contentUrl":"http:\/\/ameliesamson.com\/wp-content\/uploads\/2024\/09\/LOGO-2024-BQ.jpg","width":1080,"height":1080,"caption":"Amelie"},"logo":{"@id":"http:\/\/ameliesamson.com\/#\/schema\/person\/image\/"},"sameAs":["http:\/\/ameliesamson.com\/","https:\/\/www.instagram.com\/am.sam_design\/","https:\/\/fr.linkedin.com\/in\/amlie-samson-a4b9ba166","https:\/\/x.com\/https:\/\/twitter.com\/AmlieSamson"]}]}},"_links":{"self":[{"href":"http:\/\/ameliesamson.com\/index.php\/wp-json\/wp\/v2\/pages\/1455","targetHints":{"allow":["GET"]}}],"collection":[{"href":"http:\/\/ameliesamson.com\/index.php\/wp-json\/wp\/v2\/pages"}],"about":[{"href":"http:\/\/ameliesamson.com\/index.php\/wp-json\/wp\/v2\/types\/page"}],"author":[{"embeddable":true,"href":"http:\/\/ameliesamson.com\/index.php\/wp-json\/wp\/v2\/users\/1"}],"replies":[{"embeddable":true,"href":"http:\/\/ameliesamson.com\/index.php\/wp-json\/wp\/v2\/comments?post=1455"}],"version-history":[{"count":13,"href":"http:\/\/ameliesamson.com\/index.php\/wp-json\/wp\/v2\/pages\/1455\/revisions"}],"predecessor-version":[{"id":1505,"href":"http:\/\/ameliesamson.com\/index.php\/wp-json\/wp\/v2\/pages\/1455\/revisions\/1505"}],"wp:attachment":[{"href":"http:\/\/ameliesamson.com\/index.php\/wp-json\/wp\/v2\/media?parent=1455"}],"curies":[{"name":"wp","href":"https:\/\/api.w.org\/{rel}","templated":true}]}}