{"id":1645,"date":"2024-07-11T14:12:20","date_gmt":"2024-07-11T14:12:20","guid":{"rendered":"http:\/\/ameliesamson.com\/?page_id=1645"},"modified":"2024-09-23T07:56:05","modified_gmt":"2024-09-23T07:56:05","slug":"residence-matex","status":"publish","type":"page","link":"http:\/\/ameliesamson.com\/index.php\/residence-matex\/","title":{"rendered":"R\u00e9sidence &#8211; MATEX"},"content":{"rendered":"\t\t<div data-elementor-type=\"wp-page\" data-elementor-id=\"1645\" class=\"elementor elementor-1645\">\n\t\t\t\t\t\t<section class=\"elementor-section elementor-top-section elementor-element elementor-element-70e329a elementor-section-boxed elementor-section-height-default elementor-section-height-default qodef-elementor-content-no\" data-id=\"70e329a\" data-element_type=\"section\">\n\t\t\t\t\t\t<div class=\"elementor-container elementor-column-gap-default\">\n\t\t\t\t\t<div class=\"elementor-column elementor-col-66 elementor-top-column elementor-element elementor-element-bc039cc\" data-id=\"bc039cc\" data-element_type=\"column\">\n\t\t\t<div class=\"elementor-widget-wrap elementor-element-populated\">\n\t\t\t\t\t\t<div class=\"elementor-element elementor-element-e2e58ac elementor-widget elementor-widget-image\" data-id=\"e2e58ac\" data-element_type=\"widget\" data-widget_type=\"image.default\">\n\t\t\t\t<div class=\"elementor-widget-container\">\n\t\t\t<style>\/*! elementor - v3.19.0 - 07-02-2024 *\/\n.elementor-widget-image{text-align:center}.elementor-widget-image a{display:inline-block}.elementor-widget-image a img[src$=\".svg\"]{width:48px}.elementor-widget-image img{vertical-align:middle;display:inline-block}<\/style>\t\t\t\t\t\t\t<figure class=\"wp-caption\">\n\t\t\t\t\t\t\t\t\t\t<img fetchpriority=\"high\" decoding=\"async\" width=\"1024\" height=\"684\" src=\"http:\/\/ameliesamson.com\/wp-content\/uploads\/2024\/07\/VernissageResidenceMATEX_MLThurier_7.jpg\" class=\"attachment-large size-large wp-image-1654\" alt=\"\" \/>\t\t\t\t\t\t\t\t\t\t\t<figcaption class=\"widget-image-caption wp-caption-text\">@ Marie-Laure Thurier<\/figcaption>\n\t\t\t\t\t\t\t\t\t\t<\/figure>\n\t\t\t\t\t\t\t<\/div>\n\t\t\t\t<\/div>\n\t\t\t\t\t<\/div>\n\t\t<\/div>\n\t\t\t\t<div class=\"elementor-column elementor-col-33 elementor-top-column elementor-element elementor-element-e4084ba\" data-id=\"e4084ba\" data-element_type=\"column\">\n\t\t\t<div class=\"elementor-widget-wrap elementor-element-populated\">\n\t\t\t\t\t\t<div class=\"elementor-element elementor-element-885eed2 elementor-widget elementor-widget-heading\" data-id=\"885eed2\" data-element_type=\"widget\" data-widget_type=\"heading.default\">\n\t\t\t\t<div class=\"elementor-widget-container\">\n\t\t\t<style>\/*! elementor - v3.19.0 - 07-02-2024 *\/\n.elementor-heading-title{padding:0;margin:0;line-height:1}.elementor-widget-heading .elementor-heading-title[class*=elementor-size-]>a{color:inherit;font-size:inherit;line-height:inherit}.elementor-widget-heading .elementor-heading-title.elementor-size-small{font-size:15px}.elementor-widget-heading .elementor-heading-title.elementor-size-medium{font-size:19px}.elementor-widget-heading .elementor-heading-title.elementor-size-large{font-size:29px}.elementor-widget-heading .elementor-heading-title.elementor-size-xl{font-size:39px}.elementor-widget-heading .elementor-heading-title.elementor-size-xxl{font-size:59px}<\/style><h2 class=\"elementor-heading-title elementor-size-default\">R\u00e9sidence - MATEX<\/h2>\t\t<\/div>\n\t\t\t\t<\/div>\n\t\t\t\t<div class=\"elementor-element elementor-element-62b71ef elementor-widget elementor-widget-text-editor\" data-id=\"62b71ef\" data-element_type=\"widget\" data-widget_type=\"text-editor.default\">\n\t\t\t\t<div class=\"elementor-widget-container\">\n\t\t\t<style>\/*! elementor - v3.19.0 - 07-02-2024 *\/\n.elementor-widget-text-editor.elementor-drop-cap-view-stacked .elementor-drop-cap{background-color:#69727d;color:#fff}.elementor-widget-text-editor.elementor-drop-cap-view-framed .elementor-drop-cap{color:#69727d;border:3px solid;background-color:transparent}.elementor-widget-text-editor:not(.elementor-drop-cap-view-default) .elementor-drop-cap{margin-top:8px}.elementor-widget-text-editor:not(.elementor-drop-cap-view-default) .elementor-drop-cap-letter{width:1em;height:1em}.elementor-widget-text-editor .elementor-drop-cap{float:left;text-align:center;line-height:1;font-size:50px}.elementor-widget-text-editor .elementor-drop-cap-letter{display:inline-block}<\/style>\t\t\t\t<p>R\u00e9sidence de recherche et de cr\u00e9ation au sein des laboratoires du CNRS faisant partie de<a href=\"https:\/\/www.ard-matex.fr\/\"> l&#8217;ARD Multimat\u00e9riaux en conditions extr\u00eames<\/a> et au sein de l&#8217;ESAD Orl\u00e9ans<\/p><p>Ann\u00e9e : 2024<br \/>Signature : <a href=\"https:\/\/collectifkairos.com\/\">Collectif Ka\u00efros<\/a><\/p><p>Expos\u00e9 \u00e0 :\u00a0<\/p><p><strong>\u25ba Restitution de r\u00e9sidence, <\/strong>juin 2024, Campus CNRS, Orl\u00e9ans<\/p>\t\t\t\t\t\t<\/div>\n\t\t\t\t<\/div>\n\t\t\t\t\t<\/div>\n\t\t<\/div>\n\t\t\t\t\t<\/div>\n\t\t<\/section>\n\t\t\t\t<section class=\"elementor-section elementor-top-section elementor-element elementor-element-5d1b013 elementor-section-boxed elementor-section-height-default elementor-section-height-default qodef-elementor-content-no\" data-id=\"5d1b013\" data-element_type=\"section\">\n\t\t\t\t\t\t<div class=\"elementor-container elementor-column-gap-default\">\n\t\t\t\t\t<div class=\"elementor-column elementor-col-33 elementor-top-column elementor-element elementor-element-86db58f\" data-id=\"86db58f\" data-element_type=\"column\">\n\t\t\t<div class=\"elementor-widget-wrap elementor-element-populated\">\n\t\t\t\t\t\t<div class=\"elementor-element elementor-element-cdef94a elementor-widget elementor-widget-image\" data-id=\"cdef94a\" data-element_type=\"widget\" data-widget_type=\"image.default\">\n\t\t\t\t<div class=\"elementor-widget-container\">\n\t\t\t\t\t\t\t\t\t\t\t\t\t<img decoding=\"async\" width=\"1024\" height=\"1024\" src=\"http:\/\/ameliesamson.com\/wp-content\/uploads\/2024\/07\/IMG_9528_Sqr.jpg\" class=\"attachment-large size-large wp-image-1657\" alt=\"\" \/>\t\t\t\t\t\t\t\t\t\t\t\t\t<\/div>\n\t\t\t\t<\/div>\n\t\t\t\t\t<\/div>\n\t\t<\/div>\n\t\t\t\t<div class=\"elementor-column elementor-col-33 elementor-top-column elementor-element elementor-element-7e42e48\" data-id=\"7e42e48\" data-element_type=\"column\">\n\t\t\t<div class=\"elementor-widget-wrap elementor-element-populated\">\n\t\t\t\t\t\t<div class=\"elementor-element elementor-element-b9a17e8 elementor-widget elementor-widget-image\" data-id=\"b9a17e8\" data-element_type=\"widget\" data-widget_type=\"image.default\">\n\t\t\t\t<div class=\"elementor-widget-container\">\n\t\t\t\t\t\t\t\t\t\t\t\t\t<img decoding=\"async\" width=\"1024\" height=\"1024\" src=\"http:\/\/ameliesamson.com\/wp-content\/uploads\/2024\/07\/IMG_9524_sqr.jpg\" class=\"attachment-large size-large wp-image-1656\" alt=\"\" \/>\t\t\t\t\t\t\t\t\t\t\t\t\t<\/div>\n\t\t\t\t<\/div>\n\t\t\t\t\t<\/div>\n\t\t<\/div>\n\t\t\t\t<div class=\"elementor-column elementor-col-33 elementor-top-column elementor-element elementor-element-7e785b6\" data-id=\"7e785b6\" data-element_type=\"column\">\n\t\t\t<div class=\"elementor-widget-wrap elementor-element-populated\">\n\t\t\t\t\t\t<div class=\"elementor-element elementor-element-72c1581 elementor-widget elementor-widget-image\" data-id=\"72c1581\" data-element_type=\"widget\" data-widget_type=\"image.default\">\n\t\t\t\t<div class=\"elementor-widget-container\">\n\t\t\t\t\t\t\t\t\t\t\t\t\t<img loading=\"lazy\" decoding=\"async\" width=\"1024\" height=\"1024\" src=\"http:\/\/ameliesamson.com\/wp-content\/uploads\/2024\/07\/IMG_9540_sqr.jpg\" class=\"attachment-large size-large wp-image-1655\" alt=\"\" \/>\t\t\t\t\t\t\t\t\t\t\t\t\t<\/div>\n\t\t\t\t<\/div>\n\t\t\t\t\t<\/div>\n\t\t<\/div>\n\t\t\t\t\t<\/div>\n\t\t<\/section>\n\t\t\t\t<section class=\"elementor-section elementor-top-section elementor-element elementor-element-a75fe6d elementor-section-boxed elementor-section-height-default elementor-section-height-default qodef-elementor-content-no\" data-id=\"a75fe6d\" data-element_type=\"section\">\n\t\t\t\t\t\t<div class=\"elementor-container elementor-column-gap-default\">\n\t\t\t\t\t<div class=\"elementor-column elementor-col-33 elementor-top-column elementor-element elementor-element-8228c3d\" data-id=\"8228c3d\" data-element_type=\"column\">\n\t\t\t<div class=\"elementor-widget-wrap elementor-element-populated\">\n\t\t\t\t\t\t<div class=\"elementor-element elementor-element-8a34293 elementor-widget elementor-widget-image\" data-id=\"8a34293\" data-element_type=\"widget\" data-widget_type=\"image.default\">\n\t\t\t\t<div class=\"elementor-widget-container\">\n\t\t\t\t\t\t\t\t\t\t<figure class=\"wp-caption\">\n\t\t\t\t\t\t\t\t\t\t<img loading=\"lazy\" decoding=\"async\" width=\"1024\" height=\"1024\" src=\"http:\/\/ameliesamson.com\/wp-content\/uploads\/2024\/07\/InstallationResidenceMATEX_MLThurier_5-sqr.jpg\" class=\"attachment-large size-large wp-image-1653\" alt=\"\" \/>\t\t\t\t\t\t\t\t\t\t\t<figcaption class=\"widget-image-caption wp-caption-text\">@ Marie-Laure Thurier<\/figcaption>\n\t\t\t\t\t\t\t\t\t\t<\/figure>\n\t\t\t\t\t\t\t<\/div>\n\t\t\t\t<\/div>\n\t\t\t\t\t<\/div>\n\t\t<\/div>\n\t\t\t\t<div class=\"elementor-column elementor-col-33 elementor-top-column elementor-element elementor-element-359d607\" data-id=\"359d607\" data-element_type=\"column\">\n\t\t\t<div class=\"elementor-widget-wrap elementor-element-populated\">\n\t\t\t\t\t\t<div class=\"elementor-element elementor-element-3cb56b1 elementor-widget elementor-widget-image\" data-id=\"3cb56b1\" data-element_type=\"widget\" data-widget_type=\"image.default\">\n\t\t\t\t<div class=\"elementor-widget-container\">\n\t\t\t\t\t\t\t\t\t\t<figure class=\"wp-caption\">\n\t\t\t\t\t\t\t\t\t\t<img loading=\"lazy\" decoding=\"async\" width=\"1024\" height=\"1024\" src=\"http:\/\/ameliesamson.com\/wp-content\/uploads\/2024\/07\/InstallationResidenceMATEX_MLThurier_11-sqr.jpg\" class=\"attachment-large size-large wp-image-1652\" alt=\"\" \/>\t\t\t\t\t\t\t\t\t\t\t<figcaption class=\"widget-image-caption wp-caption-text\">@ Marie-Laure Thurier<\/figcaption>\n\t\t\t\t\t\t\t\t\t\t<\/figure>\n\t\t\t\t\t\t\t<\/div>\n\t\t\t\t<\/div>\n\t\t\t\t\t<\/div>\n\t\t<\/div>\n\t\t\t\t<div class=\"elementor-column elementor-col-33 elementor-top-column elementor-element elementor-element-4cf1a0d\" data-id=\"4cf1a0d\" data-element_type=\"column\">\n\t\t\t<div class=\"elementor-widget-wrap elementor-element-populated\">\n\t\t\t\t\t\t<div class=\"elementor-element elementor-element-a52e300 elementor-widget elementor-widget-image\" data-id=\"a52e300\" data-element_type=\"widget\" data-widget_type=\"image.default\">\n\t\t\t\t<div class=\"elementor-widget-container\">\n\t\t\t\t\t\t\t\t\t\t<figure class=\"wp-caption\">\n\t\t\t\t\t\t\t\t\t\t<img loading=\"lazy\" decoding=\"async\" width=\"1024\" height=\"1024\" src=\"http:\/\/ameliesamson.com\/wp-content\/uploads\/2024\/07\/InstallationResidenceMATEX_MLThurier_12-sqr.jpg\" class=\"attachment-large size-large wp-image-1651\" alt=\"\" \/>\t\t\t\t\t\t\t\t\t\t\t<figcaption class=\"widget-image-caption wp-caption-text\">@ Marie-Laure Thurier<\/figcaption>\n\t\t\t\t\t\t\t\t\t\t<\/figure>\n\t\t\t\t\t\t\t<\/div>\n\t\t\t\t<\/div>\n\t\t\t\t\t<\/div>\n\t\t<\/div>\n\t\t\t\t\t<\/div>\n\t\t<\/section>\n\t\t\t\t<section class=\"elementor-section elementor-top-section elementor-element elementor-element-c5aa8c4 elementor-section-boxed elementor-section-height-default elementor-section-height-default qodef-elementor-content-no\" data-id=\"c5aa8c4\" data-element_type=\"section\">\n\t\t\t\t\t\t<div class=\"elementor-container elementor-column-gap-default\">\n\t\t\t\t\t<div class=\"elementor-column elementor-col-100 elementor-top-column elementor-element elementor-element-b73746c\" data-id=\"b73746c\" data-element_type=\"column\">\n\t\t\t<div class=\"elementor-widget-wrap elementor-element-populated\">\n\t\t\t\t\t\t<div class=\"elementor-element elementor-element-96331c0 elementor-widget elementor-widget-text-editor\" data-id=\"96331c0\" data-element_type=\"widget\" data-widget_type=\"text-editor.default\">\n\t\t\t\t<div class=\"elementor-widget-container\">\n\t\t\t\t\t\t\t<p>Explorant les divers placards poussi\u00e9reux et coins de bureaux abandonn\u00e9s, le collectif a commenc\u00e9 sa r\u00e9sidence par un inventaire photographique de ce que les chercheurs lui ont fait d\u00e9couvrir au sein des locaux du CEHMTI. Une mani\u00e8re pour les artistes de proposer un autre regard sur des pi\u00e8ces consid\u00e9r\u00e9es comme des \u00e9chantillons ou des r\u00e9sultats d\u2019exp\u00e9riences. Dans la suite de son questionnement r\u00e9cent \u00e0 propos de la fiabilit\u00e9 de l\u2019archivage num\u00e9rique, le collectif a ensuite produit des scans 3D de certaines pi\u00e8ces, r\u00e9v\u00e9lant ainsi les limites des technologies laser face aux surfaces lisses et r\u00e9fl\u00e9chissantes des mat\u00e9riaux vitrifi\u00e9s \u00e0 haute temp\u00e9ratures issus des laboratoires.<\/p><p>De nombreux objets sont abandonn\u00e9s dans les placards des labos au fil des projets qui se succ\u00e8dent au cours des ann\u00e9es. Les artistes se sont donc empar\u00e9es de certains tubes d\u2019alumine laiss\u00e9s \u00e0 l\u2019abandon, autrefois utilis\u00e9s dans des fours haute temp\u00e9ratures, afin de cr\u00e9er un dispositif mettant en valeur par la lumi\u00e8re les images actuelles produites par la technologie de pointe du microscope \u00e0 balayage \u00e9lectronique.<\/p><p>Intrigu\u00e9es par la pr\u00e9sentation de chercheurs travaillant sur la cr\u00e9ation de nanoparticules d\u2019argent gr\u00e2ce aux UV, les artistes ont cherch\u00e9 \u00e0 combiner cette innovation avec leur app\u00e9tence r\u00e9guli\u00e8re pour le mat\u00e9riau c\u00e9ramique. Dans le but de cr\u00e9er une installation interactive alliant mat\u00e9riau mill\u00e9naire associ\u00e9 \u00e0 l\u2019artisanat et recherches chimiques de pointe elles ont ainsi cherch\u00e9 avec les chercheurs \u00e0 cr\u00e9er des circuits imprim\u00e9s en nanoparticules d\u2019argents sur des pi\u00e8ces de leur conception en gr\u00e8s, porcelaine ou fa\u00efence. Cependant, si l\u2019effet miroir fascinant est bien pr\u00e9sent, cr\u00e9ant des pi\u00e8ces singuli\u00e8res, l\u2019aspect conducteur n\u2019a malheureusement pas abouti.<\/p><p>En parall\u00e8le, le collectif s\u2019int\u00e9resse \u00e9galement \u00e0 des \u00e9chantillons de pi\u00e8ces \u00ab impr\u00e9gn\u00e9es \u00bb issues de recherches sur des mat\u00e9riaux r\u00e9fractaires utilis\u00e9s en fonderie par exemple. En m\u00e9langeant des oxydes issus du travail traditionnel de la terre aux mat\u00e9riaux utilis\u00e9s par le CNRS, elles cherchent \u00e0 impr\u00e9gner volontairement des plaques d\u2019alumine pour cr\u00e9er des textures et couleurs surprenantes apr\u00e8s cuisson \u00e0 haute temp\u00e9rature.<\/p><p>Pour finir, le collectif s\u2019est int\u00e9ress\u00e9 \u00e0 la mati\u00e8re sonore qui peuple les laboratoires du GREMI o\u00f9 cohabitent de multiples pompes, laser, boutons en tout genre. Des bruits de fond pour les chercheurs, mais bien plus particuliers pour les non initi\u00e9s. Cherchant \u00e0 mettre en valeur ces sons qui deviennent le quotidien des acteurs de MATEX, le collectif a l\u2019id\u00e9e de cr\u00e9er un dispositif d\u2019\u00e9coute, mais aussi de jeu interactif de ces sons. Apr\u00e8s une phase d\u2019enregistrement en laboratoire, elles mod\u00e9lisent des visualisations 3D de ces sons qu\u2019elles impriment en 3D dans l\u2019espace tangible. L\u2019exposition met donc en sc\u00e8ne un dispositif tactile permettant de jouer les sons enregistr\u00e9s en touchant les modules imprim\u00e9s en 3D correspondants.\u00a0<\/p>\t\t\t\t\t\t<\/div>\n\t\t\t\t<\/div>\n\t\t\t\t\t<\/div>\n\t\t<\/div>\n\t\t\t\t\t<\/div>\n\t\t<\/section>\n\t\t\t\t<\/div>\n\t\t","protected":false},"excerpt":{"rendered":"<p>@ Marie-Laure Thurier R\u00e9sidence &#8211; MATEX R\u00e9sidence de recherche et de cr\u00e9ation au sein des laboratoires du CNRS faisant partie de l&#8217;ARD Multimat\u00e9riaux en conditions extr\u00eames et au sein de l&#8217;ESAD Orl\u00e9ans Ann\u00e9e : 2024Signature : Collectif Ka\u00efros Expos\u00e9 \u00e0 :\u00a0 \u25ba Restitution de r\u00e9sidence, juin 2024, Campus CNRS, Orl\u00e9ans @ Marie-Laure Thurier @ Marie-Laure [&hellip;]<\/p>\n","protected":false},"author":1,"featured_media":0,"parent":0,"menu_order":0,"comment_status":"closed","ping_status":"closed","template":"","meta":{"footnotes":""},"class_list":["post-1645","page","type-page","status-publish","hentry"],"yoast_head":"<!-- This site is optimized with the Yoast SEO plugin v26.8 - https:\/\/yoast.com\/product\/yoast-seo-wordpress\/ -->\n<title>R\u00e9sidence - MATEX - Amelie Samson<\/title>\n<meta name=\"robots\" content=\"index, follow, max-snippet:-1, max-image-preview:large, max-video-preview:-1\" \/>\n<link rel=\"canonical\" href=\"http:\/\/ameliesamson.com\/index.php\/residence-matex\/\" \/>\n<meta property=\"og:locale\" content=\"fr_FR\" \/>\n<meta property=\"og:type\" content=\"article\" \/>\n<meta property=\"og:title\" content=\"R\u00e9sidence - MATEX - Amelie Samson\" \/>\n<meta property=\"og:description\" content=\"@ Marie-Laure Thurier R\u00e9sidence &#8211; MATEX R\u00e9sidence de recherche et de cr\u00e9ation au sein des laboratoires du CNRS faisant partie de l&#8217;ARD Multimat\u00e9riaux en conditions extr\u00eames et au sein de l&#8217;ESAD Orl\u00e9ans Ann\u00e9e : 2024Signature : Collectif Ka\u00efros Expos\u00e9 \u00e0 :\u00a0 \u25ba Restitution de r\u00e9sidence, juin 2024, Campus CNRS, Orl\u00e9ans @ Marie-Laure Thurier @ Marie-Laure [&hellip;]\" \/>\n<meta property=\"og:url\" content=\"http:\/\/ameliesamson.com\/index.php\/residence-matex\/\" \/>\n<meta property=\"og:site_name\" content=\"Amelie Samson\" \/>\n<meta property=\"article:modified_time\" content=\"2024-09-23T07:56:05+00:00\" \/>\n<meta property=\"og:image\" content=\"http:\/\/ameliesamson.com\/wp-content\/uploads\/2024\/07\/VernissageResidenceMATEX_MLThurier_7.jpg\" \/>\n<meta name=\"twitter:card\" content=\"summary_large_image\" \/>\n<meta name=\"twitter:site\" content=\"@AmlieSamson\" \/>\n<meta name=\"twitter:label1\" content=\"Dur\u00e9e de lecture estim\u00e9e\" \/>\n\t<meta name=\"twitter:data1\" content=\"4 minutes\" \/>\n<script type=\"application\/ld+json\" class=\"yoast-schema-graph\">{\"@context\":\"https:\/\/schema.org\",\"@graph\":[{\"@type\":\"WebPage\",\"@id\":\"http:\/\/ameliesamson.com\/index.php\/residence-matex\/\",\"url\":\"http:\/\/ameliesamson.com\/index.php\/residence-matex\/\",\"name\":\"R\u00e9sidence - MATEX - Amelie Samson\",\"isPartOf\":{\"@id\":\"http:\/\/ameliesamson.com\/#website\"},\"primaryImageOfPage\":{\"@id\":\"http:\/\/ameliesamson.com\/index.php\/residence-matex\/#primaryimage\"},\"image\":{\"@id\":\"http:\/\/ameliesamson.com\/index.php\/residence-matex\/#primaryimage\"},\"thumbnailUrl\":\"http:\/\/ameliesamson.com\/wp-content\/uploads\/2024\/07\/VernissageResidenceMATEX_MLThurier_7.jpg\",\"datePublished\":\"2024-07-11T14:12:20+00:00\",\"dateModified\":\"2024-09-23T07:56:05+00:00\",\"breadcrumb\":{\"@id\":\"http:\/\/ameliesamson.com\/index.php\/residence-matex\/#breadcrumb\"},\"inLanguage\":\"fr-FR\",\"potentialAction\":[{\"@type\":\"ReadAction\",\"target\":[\"http:\/\/ameliesamson.com\/index.php\/residence-matex\/\"]}]},{\"@type\":\"ImageObject\",\"inLanguage\":\"fr-FR\",\"@id\":\"http:\/\/ameliesamson.com\/index.php\/residence-matex\/#primaryimage\",\"url\":\"http:\/\/ameliesamson.com\/wp-content\/uploads\/2024\/07\/VernissageResidenceMATEX_MLThurier_7.jpg\",\"contentUrl\":\"http:\/\/ameliesamson.com\/wp-content\/uploads\/2024\/07\/VernissageResidenceMATEX_MLThurier_7.jpg\",\"width\":1920,\"height\":1282},{\"@type\":\"BreadcrumbList\",\"@id\":\"http:\/\/ameliesamson.com\/index.php\/residence-matex\/#breadcrumb\",\"itemListElement\":[{\"@type\":\"ListItem\",\"position\":1,\"name\":\"Accueil\",\"item\":\"http:\/\/ameliesamson.com\/\"},{\"@type\":\"ListItem\",\"position\":2,\"name\":\"R\u00e9sidence &#8211; MATEX\"}]},{\"@type\":\"WebSite\",\"@id\":\"http:\/\/ameliesamson.com\/#website\",\"url\":\"http:\/\/ameliesamson.com\/\",\"name\":\"Amelie Samson\",\"description\":\"\",\"publisher\":{\"@id\":\"http:\/\/ameliesamson.com\/#\/schema\/person\/894f5f1404401bc140412a7266c729ef\"},\"potentialAction\":[{\"@type\":\"SearchAction\",\"target\":{\"@type\":\"EntryPoint\",\"urlTemplate\":\"http:\/\/ameliesamson.com\/?s={search_term_string}\"},\"query-input\":{\"@type\":\"PropertyValueSpecification\",\"valueRequired\":true,\"valueName\":\"search_term_string\"}}],\"inLanguage\":\"fr-FR\"},{\"@type\":[\"Person\",\"Organization\"],\"@id\":\"http:\/\/ameliesamson.com\/#\/schema\/person\/894f5f1404401bc140412a7266c729ef\",\"name\":\"Amelie\",\"image\":{\"@type\":\"ImageObject\",\"inLanguage\":\"fr-FR\",\"@id\":\"http:\/\/ameliesamson.com\/#\/schema\/person\/image\/\",\"url\":\"http:\/\/ameliesamson.com\/wp-content\/uploads\/2024\/09\/LOGO-2024-BQ.jpg\",\"contentUrl\":\"http:\/\/ameliesamson.com\/wp-content\/uploads\/2024\/09\/LOGO-2024-BQ.jpg\",\"width\":1080,\"height\":1080,\"caption\":\"Amelie\"},\"logo\":{\"@id\":\"http:\/\/ameliesamson.com\/#\/schema\/person\/image\/\"},\"sameAs\":[\"http:\/\/ameliesamson.com\/\",\"https:\/\/www.instagram.com\/am.sam_design\/\",\"https:\/\/fr.linkedin.com\/in\/amlie-samson-a4b9ba166\",\"https:\/\/x.com\/https:\/\/twitter.com\/AmlieSamson\"]}]}<\/script>\n<!-- \/ Yoast SEO plugin. -->","yoast_head_json":{"title":"R\u00e9sidence - MATEX - Amelie Samson","robots":{"index":"index","follow":"follow","max-snippet":"max-snippet:-1","max-image-preview":"max-image-preview:large","max-video-preview":"max-video-preview:-1"},"canonical":"http:\/\/ameliesamson.com\/index.php\/residence-matex\/","og_locale":"fr_FR","og_type":"article","og_title":"R\u00e9sidence - MATEX - Amelie Samson","og_description":"@ Marie-Laure Thurier R\u00e9sidence &#8211; MATEX R\u00e9sidence de recherche et de cr\u00e9ation au sein des laboratoires du CNRS faisant partie de l&#8217;ARD Multimat\u00e9riaux en conditions extr\u00eames et au sein de l&#8217;ESAD Orl\u00e9ans Ann\u00e9e : 2024Signature : Collectif Ka\u00efros Expos\u00e9 \u00e0 :\u00a0 \u25ba Restitution de r\u00e9sidence, juin 2024, Campus CNRS, Orl\u00e9ans @ Marie-Laure Thurier @ Marie-Laure [&hellip;]","og_url":"http:\/\/ameliesamson.com\/index.php\/residence-matex\/","og_site_name":"Amelie Samson","article_modified_time":"2024-09-23T07:56:05+00:00","og_image":[{"url":"http:\/\/ameliesamson.com\/wp-content\/uploads\/2024\/07\/VernissageResidenceMATEX_MLThurier_7.jpg","type":"","width":"","height":""}],"twitter_card":"summary_large_image","twitter_site":"@AmlieSamson","twitter_misc":{"Dur\u00e9e de lecture estim\u00e9e":"4 minutes"},"schema":{"@context":"https:\/\/schema.org","@graph":[{"@type":"WebPage","@id":"http:\/\/ameliesamson.com\/index.php\/residence-matex\/","url":"http:\/\/ameliesamson.com\/index.php\/residence-matex\/","name":"R\u00e9sidence - MATEX - Amelie Samson","isPartOf":{"@id":"http:\/\/ameliesamson.com\/#website"},"primaryImageOfPage":{"@id":"http:\/\/ameliesamson.com\/index.php\/residence-matex\/#primaryimage"},"image":{"@id":"http:\/\/ameliesamson.com\/index.php\/residence-matex\/#primaryimage"},"thumbnailUrl":"http:\/\/ameliesamson.com\/wp-content\/uploads\/2024\/07\/VernissageResidenceMATEX_MLThurier_7.jpg","datePublished":"2024-07-11T14:12:20+00:00","dateModified":"2024-09-23T07:56:05+00:00","breadcrumb":{"@id":"http:\/\/ameliesamson.com\/index.php\/residence-matex\/#breadcrumb"},"inLanguage":"fr-FR","potentialAction":[{"@type":"ReadAction","target":["http:\/\/ameliesamson.com\/index.php\/residence-matex\/"]}]},{"@type":"ImageObject","inLanguage":"fr-FR","@id":"http:\/\/ameliesamson.com\/index.php\/residence-matex\/#primaryimage","url":"http:\/\/ameliesamson.com\/wp-content\/uploads\/2024\/07\/VernissageResidenceMATEX_MLThurier_7.jpg","contentUrl":"http:\/\/ameliesamson.com\/wp-content\/uploads\/2024\/07\/VernissageResidenceMATEX_MLThurier_7.jpg","width":1920,"height":1282},{"@type":"BreadcrumbList","@id":"http:\/\/ameliesamson.com\/index.php\/residence-matex\/#breadcrumb","itemListElement":[{"@type":"ListItem","position":1,"name":"Accueil","item":"http:\/\/ameliesamson.com\/"},{"@type":"ListItem","position":2,"name":"R\u00e9sidence &#8211; MATEX"}]},{"@type":"WebSite","@id":"http:\/\/ameliesamson.com\/#website","url":"http:\/\/ameliesamson.com\/","name":"Amelie Samson","description":"","publisher":{"@id":"http:\/\/ameliesamson.com\/#\/schema\/person\/894f5f1404401bc140412a7266c729ef"},"potentialAction":[{"@type":"SearchAction","target":{"@type":"EntryPoint","urlTemplate":"http:\/\/ameliesamson.com\/?s={search_term_string}"},"query-input":{"@type":"PropertyValueSpecification","valueRequired":true,"valueName":"search_term_string"}}],"inLanguage":"fr-FR"},{"@type":["Person","Organization"],"@id":"http:\/\/ameliesamson.com\/#\/schema\/person\/894f5f1404401bc140412a7266c729ef","name":"Amelie","image":{"@type":"ImageObject","inLanguage":"fr-FR","@id":"http:\/\/ameliesamson.com\/#\/schema\/person\/image\/","url":"http:\/\/ameliesamson.com\/wp-content\/uploads\/2024\/09\/LOGO-2024-BQ.jpg","contentUrl":"http:\/\/ameliesamson.com\/wp-content\/uploads\/2024\/09\/LOGO-2024-BQ.jpg","width":1080,"height":1080,"caption":"Amelie"},"logo":{"@id":"http:\/\/ameliesamson.com\/#\/schema\/person\/image\/"},"sameAs":["http:\/\/ameliesamson.com\/","https:\/\/www.instagram.com\/am.sam_design\/","https:\/\/fr.linkedin.com\/in\/amlie-samson-a4b9ba166","https:\/\/x.com\/https:\/\/twitter.com\/AmlieSamson"]}]}},"_links":{"self":[{"href":"http:\/\/ameliesamson.com\/index.php\/wp-json\/wp\/v2\/pages\/1645","targetHints":{"allow":["GET"]}}],"collection":[{"href":"http:\/\/ameliesamson.com\/index.php\/wp-json\/wp\/v2\/pages"}],"about":[{"href":"http:\/\/ameliesamson.com\/index.php\/wp-json\/wp\/v2\/types\/page"}],"author":[{"embeddable":true,"href":"http:\/\/ameliesamson.com\/index.php\/wp-json\/wp\/v2\/users\/1"}],"replies":[{"embeddable":true,"href":"http:\/\/ameliesamson.com\/index.php\/wp-json\/wp\/v2\/comments?post=1645"}],"version-history":[{"count":25,"href":"http:\/\/ameliesamson.com\/index.php\/wp-json\/wp\/v2\/pages\/1645\/revisions"}],"predecessor-version":[{"id":1811,"href":"http:\/\/ameliesamson.com\/index.php\/wp-json\/wp\/v2\/pages\/1645\/revisions\/1811"}],"wp:attachment":[{"href":"http:\/\/ameliesamson.com\/index.php\/wp-json\/wp\/v2\/media?parent=1645"}],"curies":[{"name":"wp","href":"https:\/\/api.w.org\/{rel}","templated":true}]}}