{"id":354,"date":"2022-06-29T14:59:27","date_gmt":"2022-06-29T14:59:27","guid":{"rendered":"http:\/\/ameliesamson.com\/?page_id=354"},"modified":"2024-12-26T16:09:03","modified_gmt":"2024-12-26T16:09:03","slug":"dedale-1-0","status":"publish","type":"page","link":"http:\/\/ameliesamson.com\/index.php\/dedale-1-0\/","title":{"rendered":"D\u00e9dale 1.0"},"content":{"rendered":"\t\t<div data-elementor-type=\"wp-page\" data-elementor-id=\"354\" class=\"elementor elementor-354\">\n\t\t\t\t\t\t<section class=\"elementor-section elementor-top-section elementor-element elementor-element-f176963 elementor-section-boxed elementor-section-height-default elementor-section-height-default qodef-elementor-content-no\" data-id=\"f176963\" data-element_type=\"section\">\n\t\t\t\t\t\t<div class=\"elementor-container elementor-column-gap-default\">\n\t\t\t\t\t<div class=\"elementor-column elementor-col-66 elementor-top-column elementor-element elementor-element-b786135\" data-id=\"b786135\" data-element_type=\"column\">\n\t\t\t<div class=\"elementor-widget-wrap elementor-element-populated\">\n\t\t\t\t\t\t<div class=\"elementor-element elementor-element-b6df843 elementor-widget elementor-widget-image\" data-id=\"b6df843\" data-element_type=\"widget\" data-widget_type=\"image.default\">\n\t\t\t\t<div class=\"elementor-widget-container\">\n\t\t\t<style>\/*! elementor - v3.19.0 - 07-02-2024 *\/\n.elementor-widget-image{text-align:center}.elementor-widget-image a{display:inline-block}.elementor-widget-image a img[src$=\".svg\"]{width:48px}.elementor-widget-image img{vertical-align:middle;display:inline-block}<\/style>\t\t\t\t\t\t\t<figure class=\"wp-caption\">\n\t\t\t\t\t\t\t\t\t\t<img fetchpriority=\"high\" decoding=\"async\" width=\"1024\" height=\"1024\" src=\"http:\/\/ameliesamson.com\/wp-content\/uploads\/2022\/06\/Dedale1.0.jpg\" class=\"attachment-large size-large wp-image-322\" alt=\"\" \/>\t\t\t\t\t\t\t\t\t\t\t<figcaption class=\"widget-image-caption wp-caption-text\">@Hugo du Roure<\/figcaption>\n\t\t\t\t\t\t\t\t\t\t<\/figure>\n\t\t\t\t\t\t\t<\/div>\n\t\t\t\t<\/div>\n\t\t\t\t\t<\/div>\n\t\t<\/div>\n\t\t\t\t<div class=\"elementor-column elementor-col-33 elementor-top-column elementor-element elementor-element-f8b98f7\" data-id=\"f8b98f7\" data-element_type=\"column\">\n\t\t\t<div class=\"elementor-widget-wrap elementor-element-populated\">\n\t\t\t\t\t\t<div class=\"elementor-element elementor-element-ba9d609 elementor-widget elementor-widget-heading\" data-id=\"ba9d609\" data-element_type=\"widget\" data-widget_type=\"heading.default\">\n\t\t\t\t<div class=\"elementor-widget-container\">\n\t\t\t<style>\/*! elementor - v3.19.0 - 07-02-2024 *\/\n.elementor-heading-title{padding:0;margin:0;line-height:1}.elementor-widget-heading .elementor-heading-title[class*=elementor-size-]>a{color:inherit;font-size:inherit;line-height:inherit}.elementor-widget-heading .elementor-heading-title.elementor-size-small{font-size:15px}.elementor-widget-heading .elementor-heading-title.elementor-size-medium{font-size:19px}.elementor-widget-heading .elementor-heading-title.elementor-size-large{font-size:29px}.elementor-widget-heading .elementor-heading-title.elementor-size-xl{font-size:39px}.elementor-widget-heading .elementor-heading-title.elementor-size-xxl{font-size:59px}<\/style><h5 class=\"elementor-heading-title elementor-size-medium\">D\u00c9DALE 1.0<\/h5>\t\t<\/div>\n\t\t\t\t<\/div>\n\t\t\t\t<div class=\"elementor-element elementor-element-607e3bd elementor-widget elementor-widget-text-editor\" data-id=\"607e3bd\" data-element_type=\"widget\" data-widget_type=\"text-editor.default\">\n\t\t\t\t<div class=\"elementor-widget-container\">\n\t\t\t<style>\/*! elementor - v3.19.0 - 07-02-2024 *\/\n.elementor-widget-text-editor.elementor-drop-cap-view-stacked .elementor-drop-cap{background-color:#69727d;color:#fff}.elementor-widget-text-editor.elementor-drop-cap-view-framed .elementor-drop-cap{color:#69727d;border:3px solid;background-color:transparent}.elementor-widget-text-editor:not(.elementor-drop-cap-view-default) .elementor-drop-cap{margin-top:8px}.elementor-widget-text-editor:not(.elementor-drop-cap-view-default) .elementor-drop-cap-letter{width:1em;height:1em}.elementor-widget-text-editor .elementor-drop-cap{float:left;text-align:center;line-height:1;font-size:50px}.elementor-widget-text-editor .elementor-drop-cap-letter{display:inline-block}<\/style>\t\t\t\t<p>Titre : D\u00e9dale 1.0<br \/>Ann\u00e9e : 2021<\/p><p>Expos\u00e9 \u00e0 :<br \/><strong>\u25ba <a href=\"https:\/\/expo.esadorleans.fr\/search_bar_1-exposition-diplomes-2021\/\">Search_Bar #1 : Exposition des diplom\u00e9\u00b7e\u00b7s 2021<\/a>,<\/strong> sept 2021, Galerie de L\u2019\u00c9SAD (Orl\u00e9ans)<br \/><strong><a href=\"https:\/\/antrepeaux.net\/en\/5053-2\/#:~:text=L'exposition%20%C2%AB%20TITRE%20%3F%20(,es%20%C3%A0%20l'%C3%89SAD%20Orl%C3%A9ans.&amp;text=Ils%20r%C3%A9pondent%20aux%20sujets%20actuels,%2C%20%C3%A9conomique%2C%20politique%20et%20priv%C3%A9e.\">\u25baTitre ?<\/a>, <\/strong>mai. 2022, Centre d\u2019art Transpalette (Bourges)<br \/><a href=\"https:\/\/www.hoppophop.fr\/\">\u25ba<strong> Festival Hop Pop Hop<\/strong><\/a>, sept. 2022 (Orl\u00e9ans)<br \/>\u25ba <strong><a href=\"https:\/\/esadorleans.fr\/usb-2-4\/\">U.S.B. #2 \u00b7 + 4<\/a><\/strong><span style=\"background-color: #ffffff; font-weight: bolder;\">,<\/span><span style=\"background-color: #ffffff;\"> oct. 2022, \u00c9SAD Orl\u00e9ans<\/span><\/p><p>Souvent, on associe le Web \u00e0 un labyrinthe, \u00e0 un rhizome ou un r\u00e9seau, une structure mouvante sans entr\u00e9e ni sortie, o\u00f9 chaque chemin est potentiellement le bon. Pour \u00e9viter de perdre du temps et de s\u2019y perdre, des \u201cintelligences\u201d artificielles cr\u00e9ent des profils personnalis\u00e9s aliment\u00e9s aux donn\u00e9es d\u2019analyse de nos comportements. Les algorithmes nous proposent des itin\u00e9raires calcul\u00e9s, ils construisent nos palais, nos prisons, nos cocons num\u00e9riques dont le but est d\u2019all\u00e9ger nos d\u00e9ambulations en fournissant toujours la bonne information.<\/p><p>Une \u00e9tymologie possible de labyrinthe est \u201clabirion\u201d, galerie creus\u00e9e, comment ne pas penser au Mythe du Minotaure ? Ce labyrinthe, construit sur mesure par D\u00e9dale, n\u2019est pas seulement le Palais du Monstre, ou sa prison : c\u2019est aussi sa tombe, c\u2019est l\u00e0 qu\u2019il meurt assassin\u00e9 par Th\u00e9s\u00e9e. Les algorithmes contr\u00f4lent les chemins potentiels, ils d\u00e9finissent math\u00e9matiquement les murs de nos labyrinthes, dans lesquels nos traces s\u2019accumulent et o\u00f9 on creuse \u00e0 notre image le sanctuaire de notre mort num\u00e9rique, le paysage de notre vie num\u00e9rique.<\/p><p>Tags : <a href=\"http:\/\/ameliesamson.com\/index.php\/numerique\/\">#Num\u00e9rique<\/a> <a href=\"http:\/\/ameliesamson.com\/index.php\/algorithme\/\">#Algorithme<\/a>\u00a0<a href=\"http:\/\/ameliesamson.com\/index.php\/data\/\">#Data<\/a><\/p>\t\t\t\t\t\t<\/div>\n\t\t\t\t<\/div>\n\t\t\t\t\t<\/div>\n\t\t<\/div>\n\t\t\t\t\t<\/div>\n\t\t<\/section>\n\t\t\t\t<section class=\"elementor-section elementor-top-section elementor-element elementor-element-5840178 elementor-section-boxed elementor-section-height-default elementor-section-height-default qodef-elementor-content-no\" data-id=\"5840178\" data-element_type=\"section\">\n\t\t\t\t\t\t<div class=\"elementor-container elementor-column-gap-default\">\n\t\t\t\t\t<div class=\"elementor-column elementor-col-100 elementor-top-column elementor-element elementor-element-df44a46\" data-id=\"df44a46\" data-element_type=\"column\">\n\t\t\t<div class=\"elementor-widget-wrap elementor-element-populated\">\n\t\t\t\t\t\t<div class=\"elementor-element elementor-element-6d78f55 elementor-widget elementor-widget-image\" data-id=\"6d78f55\" data-element_type=\"widget\" data-widget_type=\"image.default\">\n\t\t\t\t<div class=\"elementor-widget-container\">\n\t\t\t\t\t\t\t\t\t\t\t\t\t<img decoding=\"async\" width=\"1024\" height=\"683\" src=\"http:\/\/ameliesamson.com\/wp-content\/uploads\/2024\/12\/IMG_7417.jpg\" class=\"attachment-large size-large wp-image-1885\" alt=\"\" \/>\t\t\t\t\t\t\t\t\t\t\t\t\t<\/div>\n\t\t\t\t<\/div>\n\t\t\t\t\t<\/div>\n\t\t<\/div>\n\t\t\t\t\t<\/div>\n\t\t<\/section>\n\t\t\t\t<section class=\"elementor-section elementor-top-section elementor-element elementor-element-4345417 elementor-section-boxed elementor-section-height-default elementor-section-height-default qodef-elementor-content-no\" data-id=\"4345417\" data-element_type=\"section\">\n\t\t\t\t\t\t<div class=\"elementor-container elementor-column-gap-default\">\n\t\t\t\t\t<div class=\"elementor-column elementor-col-50 elementor-top-column elementor-element elementor-element-c4564c1\" data-id=\"c4564c1\" data-element_type=\"column\">\n\t\t\t<div class=\"elementor-widget-wrap elementor-element-populated\">\n\t\t\t\t\t\t<div class=\"elementor-element elementor-element-89cd4d9 elementor-widget elementor-widget-text-editor\" data-id=\"89cd4d9\" data-element_type=\"widget\" data-widget_type=\"text-editor.default\">\n\t\t\t\t<div class=\"elementor-widget-container\">\n\t\t\t\t\t\t\t<p><span style=\"font-family: 'Zilla Slab', sans-serif; background-color: #ffffff;\">Comment donner \u00e0 voir ce paysage creus\u00e9 par nos passages successifs sur le web ? Ce projet de recherche a pour but de cr\u00e9er un protocole permettant de dessiner des data-visualisations \u00e0 l\u2019aide de la technique classique du lavis \u00e0 l\u2019encre de Chine. Le gaufrage donne la l\u00e9gende. Le 26 mai 2021 la page Google.com a \u00e9t\u00e9 visit\u00e9e 31 fois, sont donc superpos\u00e9es 31 couches, ou 31 strates d\u2019encre pour creuser ce profil.<\/span><\/p>\t\t\t\t\t\t<\/div>\n\t\t\t\t<\/div>\n\t\t\t\t<div class=\"elementor-element elementor-element-a6b2168 elementor-widget elementor-widget-image\" data-id=\"a6b2168\" data-element_type=\"widget\" data-widget_type=\"image.default\">\n\t\t\t\t<div class=\"elementor-widget-container\">\n\t\t\t\t\t\t\t\t\t\t<figure class=\"wp-caption\">\n\t\t\t\t\t\t\t\t\t\t<img decoding=\"async\" width=\"768\" height=\"1024\" src=\"http:\/\/ameliesamson.com\/wp-content\/uploads\/2022\/07\/Dedale_Ame\u0301lieSamson4_\u00a9HugoDUROURE.jpg\" class=\"attachment-large size-large wp-image-416\" alt=\"\" \/>\t\t\t\t\t\t\t\t\t\t\t<figcaption class=\"widget-image-caption wp-caption-text\">@Hugo du Roure<\/figcaption>\n\t\t\t\t\t\t\t\t\t\t<\/figure>\n\t\t\t\t\t\t\t<\/div>\n\t\t\t\t<\/div>\n\t\t\t\t\t<\/div>\n\t\t<\/div>\n\t\t\t\t<div class=\"elementor-column elementor-col-50 elementor-top-column elementor-element elementor-element-b43c166\" data-id=\"b43c166\" data-element_type=\"column\">\n\t\t\t<div class=\"elementor-widget-wrap elementor-element-populated\">\n\t\t\t\t\t\t<div class=\"elementor-element elementor-element-e7376e6 elementor-widget elementor-widget-image\" data-id=\"e7376e6\" data-element_type=\"widget\" data-widget_type=\"image.default\">\n\t\t\t\t<div class=\"elementor-widget-container\">\n\t\t\t\t\t\t\t\t\t\t<figure class=\"wp-caption\">\n\t\t\t\t\t\t\t\t\t\t<img loading=\"lazy\" decoding=\"async\" width=\"1024\" height=\"683\" src=\"http:\/\/ameliesamson.com\/wp-content\/uploads\/2022\/07\/Dedale_Ame\u0301lie-Samson2_\u00a9LucieBretonneau.jpg\" class=\"attachment-large size-large wp-image-415\" alt=\"\" \/>\t\t\t\t\t\t\t\t\t\t\t<figcaption class=\"widget-image-caption wp-caption-text\">@Lucie Bretonneau<\/figcaption>\n\t\t\t\t\t\t\t\t\t\t<\/figure>\n\t\t\t\t\t\t\t<\/div>\n\t\t\t\t<\/div>\n\t\t\t\t<div class=\"elementor-element elementor-element-d892be1 elementor-widget elementor-widget-image\" data-id=\"d892be1\" data-element_type=\"widget\" data-widget_type=\"image.default\">\n\t\t\t\t<div class=\"elementor-widget-container\">\n\t\t\t\t\t\t\t\t\t\t<figure class=\"wp-caption\">\n\t\t\t\t\t\t\t\t\t\t<img loading=\"lazy\" decoding=\"async\" width=\"768\" height=\"1024\" src=\"http:\/\/ameliesamson.com\/wp-content\/uploads\/2022\/07\/dedale-g.jpg\" class=\"attachment-large size-large wp-image-414\" alt=\"\" \/>\t\t\t\t\t\t\t\t\t\t\t<figcaption class=\"widget-image-caption wp-caption-text\">@ESAD Orl\u00e9ans<\/figcaption>\n\t\t\t\t\t\t\t\t\t\t<\/figure>\n\t\t\t\t\t\t\t<\/div>\n\t\t\t\t<\/div>\n\t\t\t\t\t<\/div>\n\t\t<\/div>\n\t\t\t\t\t<\/div>\n\t\t<\/section>\n\t\t\t\t<\/div>\n\t\t","protected":false},"excerpt":{"rendered":"<p>@Hugo du Roure D\u00c9DALE 1.0 Titre : D\u00e9dale 1.0Ann\u00e9e : 2021 Expos\u00e9 \u00e0 :\u25ba Search_Bar #1 : Exposition des diplom\u00e9\u00b7e\u00b7s 2021, sept 2021, Galerie de L\u2019\u00c9SAD (Orl\u00e9ans)\u25baTitre ?, mai. 2022, Centre d\u2019art Transpalette (Bourges)\u25ba Festival Hop Pop Hop, sept. 2022 (Orl\u00e9ans)\u25ba U.S.B. #2 \u00b7 + 4, oct. 2022, \u00c9SAD Orl\u00e9ans Souvent, on associe le Web [&hellip;]<\/p>\n","protected":false},"author":1,"featured_media":0,"parent":0,"menu_order":0,"comment_status":"closed","ping_status":"closed","template":"","meta":{"footnotes":""},"class_list":["post-354","page","type-page","status-publish","hentry"],"yoast_head":"<!-- This site is optimized with the Yoast SEO plugin v26.8 - https:\/\/yoast.com\/product\/yoast-seo-wordpress\/ -->\n<title>D\u00e9dale 1.0 - Amelie Samson<\/title>\n<meta name=\"description\" content=\"Encre de Chine - Lavis - Data visualisation - Algorithme - Labyrinthe - Web - Mythe - Minotaure - D\u00e9dale - Gouffre - Num\u00e9rique - Google\" \/>\n<meta name=\"robots\" content=\"index, follow, max-snippet:-1, max-image-preview:large, max-video-preview:-1\" \/>\n<link rel=\"canonical\" href=\"http:\/\/ameliesamson.com\/index.php\/dedale-1-0\/\" \/>\n<meta property=\"og:locale\" content=\"fr_FR\" \/>\n<meta property=\"og:type\" content=\"article\" \/>\n<meta property=\"og:title\" content=\"D\u00e9dale 1.0 - Amelie Samson\" \/>\n<meta property=\"og:description\" content=\"Encre de Chine - Lavis - Data visualisation - Algorithme - Labyrinthe - Web - Mythe - Minotaure - D\u00e9dale - Gouffre - Num\u00e9rique - Google\" \/>\n<meta property=\"og:url\" content=\"http:\/\/ameliesamson.com\/index.php\/dedale-1-0\/\" \/>\n<meta property=\"og:site_name\" content=\"Amelie Samson\" \/>\n<meta property=\"article:modified_time\" content=\"2024-12-26T16:09:03+00:00\" \/>\n<meta property=\"og:image\" content=\"http:\/\/ameliesamson.com\/wp-content\/uploads\/2022\/06\/Dedale1.0.jpg\" \/>\n<meta name=\"twitter:card\" content=\"summary_large_image\" \/>\n<meta name=\"twitter:site\" content=\"@AmlieSamson\" \/>\n<meta name=\"twitter:label1\" content=\"Dur\u00e9e de lecture estim\u00e9e\" \/>\n\t<meta name=\"twitter:data1\" content=\"3 minutes\" \/>\n<script type=\"application\/ld+json\" class=\"yoast-schema-graph\">{\"@context\":\"https:\/\/schema.org\",\"@graph\":[{\"@type\":\"WebPage\",\"@id\":\"http:\/\/ameliesamson.com\/index.php\/dedale-1-0\/\",\"url\":\"http:\/\/ameliesamson.com\/index.php\/dedale-1-0\/\",\"name\":\"D\u00e9dale 1.0 - Amelie Samson\",\"isPartOf\":{\"@id\":\"http:\/\/ameliesamson.com\/#website\"},\"primaryImageOfPage\":{\"@id\":\"http:\/\/ameliesamson.com\/index.php\/dedale-1-0\/#primaryimage\"},\"image\":{\"@id\":\"http:\/\/ameliesamson.com\/index.php\/dedale-1-0\/#primaryimage\"},\"thumbnailUrl\":\"http:\/\/ameliesamson.com\/wp-content\/uploads\/2022\/06\/Dedale1.0.jpg\",\"datePublished\":\"2022-06-29T14:59:27+00:00\",\"dateModified\":\"2024-12-26T16:09:03+00:00\",\"description\":\"Encre de Chine - Lavis - Data visualisation - Algorithme - Labyrinthe - Web - Mythe - Minotaure - D\u00e9dale - Gouffre - Num\u00e9rique - Google\",\"breadcrumb\":{\"@id\":\"http:\/\/ameliesamson.com\/index.php\/dedale-1-0\/#breadcrumb\"},\"inLanguage\":\"fr-FR\",\"potentialAction\":[{\"@type\":\"ReadAction\",\"target\":[\"http:\/\/ameliesamson.com\/index.php\/dedale-1-0\/\"]}]},{\"@type\":\"ImageObject\",\"inLanguage\":\"fr-FR\",\"@id\":\"http:\/\/ameliesamson.com\/index.php\/dedale-1-0\/#primaryimage\",\"url\":\"http:\/\/ameliesamson.com\/wp-content\/uploads\/2022\/06\/Dedale1.0.jpg\",\"contentUrl\":\"http:\/\/ameliesamson.com\/wp-content\/uploads\/2022\/06\/Dedale1.0.jpg\",\"width\":1080,\"height\":1080},{\"@type\":\"BreadcrumbList\",\"@id\":\"http:\/\/ameliesamson.com\/index.php\/dedale-1-0\/#breadcrumb\",\"itemListElement\":[{\"@type\":\"ListItem\",\"position\":1,\"name\":\"Accueil\",\"item\":\"http:\/\/ameliesamson.com\/\"},{\"@type\":\"ListItem\",\"position\":2,\"name\":\"D\u00e9dale 1.0\"}]},{\"@type\":\"WebSite\",\"@id\":\"http:\/\/ameliesamson.com\/#website\",\"url\":\"http:\/\/ameliesamson.com\/\",\"name\":\"Amelie Samson\",\"description\":\"\",\"publisher\":{\"@id\":\"http:\/\/ameliesamson.com\/#\/schema\/person\/894f5f1404401bc140412a7266c729ef\"},\"potentialAction\":[{\"@type\":\"SearchAction\",\"target\":{\"@type\":\"EntryPoint\",\"urlTemplate\":\"http:\/\/ameliesamson.com\/?s={search_term_string}\"},\"query-input\":{\"@type\":\"PropertyValueSpecification\",\"valueRequired\":true,\"valueName\":\"search_term_string\"}}],\"inLanguage\":\"fr-FR\"},{\"@type\":[\"Person\",\"Organization\"],\"@id\":\"http:\/\/ameliesamson.com\/#\/schema\/person\/894f5f1404401bc140412a7266c729ef\",\"name\":\"Amelie\",\"image\":{\"@type\":\"ImageObject\",\"inLanguage\":\"fr-FR\",\"@id\":\"http:\/\/ameliesamson.com\/#\/schema\/person\/image\/\",\"url\":\"http:\/\/ameliesamson.com\/wp-content\/uploads\/2024\/09\/LOGO-2024-BQ.jpg\",\"contentUrl\":\"http:\/\/ameliesamson.com\/wp-content\/uploads\/2024\/09\/LOGO-2024-BQ.jpg\",\"width\":1080,\"height\":1080,\"caption\":\"Amelie\"},\"logo\":{\"@id\":\"http:\/\/ameliesamson.com\/#\/schema\/person\/image\/\"},\"sameAs\":[\"http:\/\/ameliesamson.com\/\",\"https:\/\/www.instagram.com\/am.sam_design\/\",\"https:\/\/fr.linkedin.com\/in\/amlie-samson-a4b9ba166\",\"https:\/\/x.com\/https:\/\/twitter.com\/AmlieSamson\"]}]}<\/script>\n<!-- \/ Yoast SEO plugin. -->","yoast_head_json":{"title":"D\u00e9dale 1.0 - Amelie Samson","description":"Encre de Chine - Lavis - Data visualisation - Algorithme - Labyrinthe - Web - Mythe - Minotaure - D\u00e9dale - Gouffre - Num\u00e9rique - Google","robots":{"index":"index","follow":"follow","max-snippet":"max-snippet:-1","max-image-preview":"max-image-preview:large","max-video-preview":"max-video-preview:-1"},"canonical":"http:\/\/ameliesamson.com\/index.php\/dedale-1-0\/","og_locale":"fr_FR","og_type":"article","og_title":"D\u00e9dale 1.0 - Amelie Samson","og_description":"Encre de Chine - Lavis - Data visualisation - Algorithme - Labyrinthe - Web - Mythe - Minotaure - D\u00e9dale - Gouffre - Num\u00e9rique - Google","og_url":"http:\/\/ameliesamson.com\/index.php\/dedale-1-0\/","og_site_name":"Amelie Samson","article_modified_time":"2024-12-26T16:09:03+00:00","og_image":[{"url":"http:\/\/ameliesamson.com\/wp-content\/uploads\/2022\/06\/Dedale1.0.jpg","type":"","width":"","height":""}],"twitter_card":"summary_large_image","twitter_site":"@AmlieSamson","twitter_misc":{"Dur\u00e9e de lecture estim\u00e9e":"3 minutes"},"schema":{"@context":"https:\/\/schema.org","@graph":[{"@type":"WebPage","@id":"http:\/\/ameliesamson.com\/index.php\/dedale-1-0\/","url":"http:\/\/ameliesamson.com\/index.php\/dedale-1-0\/","name":"D\u00e9dale 1.0 - Amelie Samson","isPartOf":{"@id":"http:\/\/ameliesamson.com\/#website"},"primaryImageOfPage":{"@id":"http:\/\/ameliesamson.com\/index.php\/dedale-1-0\/#primaryimage"},"image":{"@id":"http:\/\/ameliesamson.com\/index.php\/dedale-1-0\/#primaryimage"},"thumbnailUrl":"http:\/\/ameliesamson.com\/wp-content\/uploads\/2022\/06\/Dedale1.0.jpg","datePublished":"2022-06-29T14:59:27+00:00","dateModified":"2024-12-26T16:09:03+00:00","description":"Encre de Chine - Lavis - Data visualisation - Algorithme - Labyrinthe - Web - Mythe - Minotaure - D\u00e9dale - Gouffre - Num\u00e9rique - Google","breadcrumb":{"@id":"http:\/\/ameliesamson.com\/index.php\/dedale-1-0\/#breadcrumb"},"inLanguage":"fr-FR","potentialAction":[{"@type":"ReadAction","target":["http:\/\/ameliesamson.com\/index.php\/dedale-1-0\/"]}]},{"@type":"ImageObject","inLanguage":"fr-FR","@id":"http:\/\/ameliesamson.com\/index.php\/dedale-1-0\/#primaryimage","url":"http:\/\/ameliesamson.com\/wp-content\/uploads\/2022\/06\/Dedale1.0.jpg","contentUrl":"http:\/\/ameliesamson.com\/wp-content\/uploads\/2022\/06\/Dedale1.0.jpg","width":1080,"height":1080},{"@type":"BreadcrumbList","@id":"http:\/\/ameliesamson.com\/index.php\/dedale-1-0\/#breadcrumb","itemListElement":[{"@type":"ListItem","position":1,"name":"Accueil","item":"http:\/\/ameliesamson.com\/"},{"@type":"ListItem","position":2,"name":"D\u00e9dale 1.0"}]},{"@type":"WebSite","@id":"http:\/\/ameliesamson.com\/#website","url":"http:\/\/ameliesamson.com\/","name":"Amelie Samson","description":"","publisher":{"@id":"http:\/\/ameliesamson.com\/#\/schema\/person\/894f5f1404401bc140412a7266c729ef"},"potentialAction":[{"@type":"SearchAction","target":{"@type":"EntryPoint","urlTemplate":"http:\/\/ameliesamson.com\/?s={search_term_string}"},"query-input":{"@type":"PropertyValueSpecification","valueRequired":true,"valueName":"search_term_string"}}],"inLanguage":"fr-FR"},{"@type":["Person","Organization"],"@id":"http:\/\/ameliesamson.com\/#\/schema\/person\/894f5f1404401bc140412a7266c729ef","name":"Amelie","image":{"@type":"ImageObject","inLanguage":"fr-FR","@id":"http:\/\/ameliesamson.com\/#\/schema\/person\/image\/","url":"http:\/\/ameliesamson.com\/wp-content\/uploads\/2024\/09\/LOGO-2024-BQ.jpg","contentUrl":"http:\/\/ameliesamson.com\/wp-content\/uploads\/2024\/09\/LOGO-2024-BQ.jpg","width":1080,"height":1080,"caption":"Amelie"},"logo":{"@id":"http:\/\/ameliesamson.com\/#\/schema\/person\/image\/"},"sameAs":["http:\/\/ameliesamson.com\/","https:\/\/www.instagram.com\/am.sam_design\/","https:\/\/fr.linkedin.com\/in\/amlie-samson-a4b9ba166","https:\/\/x.com\/https:\/\/twitter.com\/AmlieSamson"]}]}},"_links":{"self":[{"href":"http:\/\/ameliesamson.com\/index.php\/wp-json\/wp\/v2\/pages\/354","targetHints":{"allow":["GET"]}}],"collection":[{"href":"http:\/\/ameliesamson.com\/index.php\/wp-json\/wp\/v2\/pages"}],"about":[{"href":"http:\/\/ameliesamson.com\/index.php\/wp-json\/wp\/v2\/types\/page"}],"author":[{"embeddable":true,"href":"http:\/\/ameliesamson.com\/index.php\/wp-json\/wp\/v2\/users\/1"}],"replies":[{"embeddable":true,"href":"http:\/\/ameliesamson.com\/index.php\/wp-json\/wp\/v2\/comments?post=354"}],"version-history":[{"count":50,"href":"http:\/\/ameliesamson.com\/index.php\/wp-json\/wp\/v2\/pages\/354\/revisions"}],"predecessor-version":[{"id":1888,"href":"http:\/\/ameliesamson.com\/index.php\/wp-json\/wp\/v2\/pages\/354\/revisions\/1888"}],"wp:attachment":[{"href":"http:\/\/ameliesamson.com\/index.php\/wp-json\/wp\/v2\/media?parent=354"}],"curies":[{"name":"wp","href":"https:\/\/api.w.org\/{rel}","templated":true}]}}