{"id":505,"date":"2022-07-01T16:09:35","date_gmt":"2022-07-01T16:09:35","guid":{"rendered":"http:\/\/ameliesamson.com\/?page_id=505"},"modified":"2022-10-18T09:04:24","modified_gmt":"2022-10-18T09:04:24","slug":"data-temoignage","status":"publish","type":"page","link":"http:\/\/ameliesamson.com\/index.php\/data-temoignage\/","title":{"rendered":"Data-t\u00e9moignage"},"content":{"rendered":"\t\t<div data-elementor-type=\"wp-page\" data-elementor-id=\"505\" class=\"elementor elementor-505\">\n\t\t\t\t\t\t<section class=\"elementor-section elementor-top-section elementor-element elementor-element-98581d6 elementor-section-boxed elementor-section-height-default elementor-section-height-default qodef-elementor-content-no\" data-id=\"98581d6\" data-element_type=\"section\">\n\t\t\t\t\t\t<div class=\"elementor-container elementor-column-gap-default\">\n\t\t\t\t\t<div class=\"elementor-column elementor-col-66 elementor-top-column elementor-element elementor-element-0436bf2\" data-id=\"0436bf2\" data-element_type=\"column\">\n\t\t\t<div class=\"elementor-widget-wrap elementor-element-populated\">\n\t\t\t\t\t\t<div class=\"elementor-element elementor-element-0e85c00 elementor-widget elementor-widget-image\" data-id=\"0e85c00\" data-element_type=\"widget\" data-widget_type=\"image.default\">\n\t\t\t\t<div class=\"elementor-widget-container\">\n\t\t\t<style>\/*! elementor - v3.19.0 - 07-02-2024 *\/\n.elementor-widget-image{text-align:center}.elementor-widget-image a{display:inline-block}.elementor-widget-image a img[src$=\".svg\"]{width:48px}.elementor-widget-image img{vertical-align:middle;display:inline-block}<\/style>\t\t\t\t\t\t\t<figure class=\"wp-caption\">\n\t\t\t\t\t\t\t\t\t\t<img fetchpriority=\"high\" decoding=\"async\" width=\"1024\" height=\"1024\" src=\"http:\/\/ameliesamson.com\/wp-content\/uploads\/2022\/06\/bruits_communs.jpg\" class=\"attachment-large size-large wp-image-329\" alt=\"Workshop Bruit Communs \/ La Borne \/ C\u00e9ramique \/ Four Phoenix \/ Data t\u00e9moignage\" \/>\t\t\t\t\t\t\t\t\t\t\t<figcaption class=\"widget-image-caption wp-caption-text\">@Sylvia Frederickson<\/figcaption>\n\t\t\t\t\t\t\t\t\t\t<\/figure>\n\t\t\t\t\t\t\t<\/div>\n\t\t\t\t<\/div>\n\t\t\t\t\t<\/div>\n\t\t<\/div>\n\t\t\t\t<div class=\"elementor-column elementor-col-33 elementor-top-column elementor-element elementor-element-d1552e9\" data-id=\"d1552e9\" data-element_type=\"column\">\n\t\t\t<div class=\"elementor-widget-wrap elementor-element-populated\">\n\t\t\t\t\t\t<div class=\"elementor-element elementor-element-777cb4a elementor-widget elementor-widget-heading\" data-id=\"777cb4a\" data-element_type=\"widget\" data-widget_type=\"heading.default\">\n\t\t\t\t<div class=\"elementor-widget-container\">\n\t\t\t<style>\/*! elementor - v3.19.0 - 07-02-2024 *\/\n.elementor-heading-title{padding:0;margin:0;line-height:1}.elementor-widget-heading .elementor-heading-title[class*=elementor-size-]>a{color:inherit;font-size:inherit;line-height:inherit}.elementor-widget-heading .elementor-heading-title.elementor-size-small{font-size:15px}.elementor-widget-heading .elementor-heading-title.elementor-size-medium{font-size:19px}.elementor-widget-heading .elementor-heading-title.elementor-size-large{font-size:29px}.elementor-widget-heading .elementor-heading-title.elementor-size-xl{font-size:39px}.elementor-widget-heading .elementor-heading-title.elementor-size-xxl{font-size:59px}<\/style><h5 class=\"elementor-heading-title elementor-size-medium\">Data-t\u00e9moignage<\/h5>\t\t<\/div>\n\t\t\t\t<\/div>\n\t\t\t\t<div class=\"elementor-element elementor-element-0cc8f05 elementor-widget elementor-widget-text-editor\" data-id=\"0cc8f05\" data-element_type=\"widget\" data-widget_type=\"text-editor.default\">\n\t\t\t\t<div class=\"elementor-widget-container\">\n\t\t\t<style>\/*! elementor - v3.19.0 - 07-02-2024 *\/\n.elementor-widget-text-editor.elementor-drop-cap-view-stacked .elementor-drop-cap{background-color:#69727d;color:#fff}.elementor-widget-text-editor.elementor-drop-cap-view-framed .elementor-drop-cap{color:#69727d;border:3px solid;background-color:transparent}.elementor-widget-text-editor:not(.elementor-drop-cap-view-default) .elementor-drop-cap{margin-top:8px}.elementor-widget-text-editor:not(.elementor-drop-cap-view-default) .elementor-drop-cap-letter{width:1em;height:1em}.elementor-widget-text-editor .elementor-drop-cap{float:left;text-align:center;line-height:1;font-size:50px}.elementor-widget-text-editor .elementor-drop-cap-letter{display:inline-block}<\/style>\t\t\t\t<p>Ann\u00e9e : 2021<\/p><p><span style=\"color: var( --e-global-color-text ); letter-spacing: 0px; background-color: #ffffff; font-family: 'Zilla Slab', sans-serif;\">\u25ba Avec le <a href=\"http:\/\/occ.esadorleans.fr\/\">programme de recherche Objects, <\/a><a href=\"http:\/\/occ.esadorleans.fr\/\">Craft and Computation<\/a>\u00a0<\/span><\/p><p>Expos\u00e9 \u00e0 :<br \/><span style=\"color: var( --e-global-color-text ); letter-spacing: 0px; background-color: #ffffff; font-weight: bolder; font-family: 'Zilla Slab', sans-serif;\">\u25ba\u00a0<a href=\"https:\/\/esadorleans.fr\/search_bar_2_exposition_ecolab\/\">Search bar # 2 \u2013 une exposition de l\u2019ECOLAB<\/a><\/span><span style=\"color: var( --e-global-color-text ); font-weight: var( --e-global-typography-text-font-weight ); letter-spacing: 0px; font-family: 'Zilla Slab', sans-serif; background-color: #ffffff;\">, dec 2021, Th\u00e9\u00e2tre d\u2019Orl\u00e9ans<\/span><\/p><p>Lorsque vient la question de s\u2019int\u00e9resser \u00e0 \u201cce qui reste\u201d d\u2019un\u00b7e d\u00e9funt\u00b7e, certain\u00b7e\u00b7s pensent \u00e0 la tombe, certains pensent aux cendres, aux os. D\u2019autres penseront aux divers biens mat\u00e9riels ayant appartenu \u00e0 la personne. D\u2019autres encore r\u00e9pondront qu\u2019assur\u00e9ment il leur reste des souvenirs, des r\u00e9cits qui construisent la l\u00e9gende d\u2019un \u00eatre qui a v\u00e9cu. Par les mots, les vivants permettent aux morts de continuer d\u2019exister. C\u2019est ce qu\u2019appuie Vinciane Despret dans son enqu\u00eate \u201cAu bonheur des morts\u201d : il faut consid\u00e9rer le mort comme engag\u00e9 dans des processus de transformation conjointe avec le vivant.<\/p><p>Au sein du notre programme de recherche Object Craft and Computation, nous utilisons les donn\u00e9es pour qu&#8217;elles s\u2019incarnent dans la mati\u00e8re, les datas comme un moyen de former, d\u2019informer des objets. Notre d\u00e9marche est ici une qu\u00eate de t\u00e9moignages, de donn\u00e9es sensibles, mots, \u00e9motions, souvenirs. Comment ces donn\u00e9es immat\u00e9rielles peuvent-elles prendre corps dans la mati\u00e8re et former un objet de comm\u00e9moration ?<\/p><p><span style=\"background-color: #ffffff;\">Tags :\u00a0<\/span><a style=\"background-color: #ffffff;\" href=\"http:\/\/ameliesamson.com\/index.php\/numerique\/\">#Num\u00e9rique <\/a><a style=\"background-color: #ffffff;\" href=\"http:\/\/ameliesamson.com\/index.php\/algorithme\/\">#Algorithme<\/a> <a style=\"background-color: #ffffff;\" href=\"http:\/\/ameliesamson.com\/index.php\/data\/\">#Data<\/a> <a style=\"background-color: #ffffff;\" href=\"http:\/\/ameliesamson.com\/index.php\/impression3d\/\">#Impression3D <\/a><a style=\"background-color: #ffffff;\" href=\"http:\/\/ameliesamson.com\/index.php\/electronique\/\">#\u00c9lectronique<\/a><\/p>\t\t\t\t\t\t<\/div>\n\t\t\t\t<\/div>\n\t\t\t\t\t<\/div>\n\t\t<\/div>\n\t\t\t\t\t<\/div>\n\t\t<\/section>\n\t\t\t\t<section class=\"elementor-section elementor-top-section elementor-element elementor-element-a90deea elementor-section-boxed elementor-section-height-default elementor-section-height-default qodef-elementor-content-no\" data-id=\"a90deea\" data-element_type=\"section\">\n\t\t\t\t\t\t<div class=\"elementor-container elementor-column-gap-default\">\n\t\t\t\t\t<div class=\"elementor-column elementor-col-50 elementor-top-column elementor-element elementor-element-6cc3928\" data-id=\"6cc3928\" data-element_type=\"column\">\n\t\t\t<div class=\"elementor-widget-wrap elementor-element-populated\">\n\t\t\t\t\t\t<div class=\"elementor-element elementor-element-b42f3dd elementor-widget elementor-widget-image\" data-id=\"b42f3dd\" data-element_type=\"widget\" data-widget_type=\"image.default\">\n\t\t\t\t<div class=\"elementor-widget-container\">\n\t\t\t\t\t\t\t\t\t\t\t\t\t<img decoding=\"async\" width=\"1024\" height=\"1024\" src=\"http:\/\/ameliesamson.com\/wp-content\/uploads\/2022\/07\/data-tem.jpg\" class=\"attachment-large size-large wp-image-512\" alt=\"\" \/>\t\t\t\t\t\t\t\t\t\t\t\t\t<\/div>\n\t\t\t\t<\/div>\n\t\t\t\t\t<\/div>\n\t\t<\/div>\n\t\t\t\t<div class=\"elementor-column elementor-col-50 elementor-top-column elementor-element elementor-element-e3c6844\" data-id=\"e3c6844\" data-element_type=\"column\">\n\t\t\t<div class=\"elementor-widget-wrap elementor-element-populated\">\n\t\t\t\t\t\t<div class=\"elementor-element elementor-element-232d51e elementor-widget elementor-widget-image\" data-id=\"232d51e\" data-element_type=\"widget\" data-widget_type=\"image.default\">\n\t\t\t\t<div class=\"elementor-widget-container\">\n\t\t\t\t\t\t\t\t\t\t\t\t\t<img decoding=\"async\" width=\"1024\" height=\"1024\" src=\"http:\/\/ameliesamson.com\/wp-content\/uploads\/2022\/07\/data-tem2.jpg\" class=\"attachment-large size-large wp-image-511\" alt=\"\" \/>\t\t\t\t\t\t\t\t\t\t\t\t\t<\/div>\n\t\t\t\t<\/div>\n\t\t\t\t\t<\/div>\n\t\t<\/div>\n\t\t\t\t\t<\/div>\n\t\t<\/section>\n\t\t\t\t<section class=\"elementor-section elementor-top-section elementor-element elementor-element-26573d4 elementor-section-boxed elementor-section-height-default elementor-section-height-default qodef-elementor-content-no\" data-id=\"26573d4\" data-element_type=\"section\">\n\t\t\t\t\t\t<div class=\"elementor-container elementor-column-gap-default\">\n\t\t\t\t\t<div class=\"elementor-column elementor-col-33 elementor-top-column elementor-element elementor-element-3d6f9bb\" data-id=\"3d6f9bb\" data-element_type=\"column\">\n\t\t\t<div class=\"elementor-widget-wrap elementor-element-populated\">\n\t\t\t\t\t\t<div class=\"elementor-element elementor-element-646ad7a elementor-widget elementor-widget-image\" data-id=\"646ad7a\" data-element_type=\"widget\" data-widget_type=\"image.default\">\n\t\t\t\t<div class=\"elementor-widget-container\">\n\t\t\t\t\t\t\t\t\t\t\t\t\t<img loading=\"lazy\" decoding=\"async\" width=\"1024\" height=\"1024\" src=\"http:\/\/ameliesamson.com\/wp-content\/uploads\/2022\/07\/data-temoignage.jpg\" class=\"attachment-large size-large wp-image-529\" alt=\"\" \/>\t\t\t\t\t\t\t\t\t\t\t\t\t<\/div>\n\t\t\t\t<\/div>\n\t\t\t\t\t<\/div>\n\t\t<\/div>\n\t\t\t\t<div class=\"elementor-column elementor-col-33 elementor-top-column elementor-element elementor-element-1cba920\" data-id=\"1cba920\" data-element_type=\"column\">\n\t\t\t<div class=\"elementor-widget-wrap elementor-element-populated\">\n\t\t\t\t\t\t<div class=\"elementor-element elementor-element-60cc704 elementor-widget elementor-widget-image\" data-id=\"60cc704\" data-element_type=\"widget\" data-widget_type=\"image.default\">\n\t\t\t\t<div class=\"elementor-widget-container\">\n\t\t\t\t\t\t\t\t\t\t\t\t\t<img loading=\"lazy\" decoding=\"async\" width=\"1024\" height=\"1024\" src=\"http:\/\/ameliesamson.com\/wp-content\/uploads\/2022\/07\/data-temoignage-2.jpg\" class=\"attachment-large size-large wp-image-531\" alt=\"\" \/>\t\t\t\t\t\t\t\t\t\t\t\t\t<\/div>\n\t\t\t\t<\/div>\n\t\t\t\t\t<\/div>\n\t\t<\/div>\n\t\t\t\t<div class=\"elementor-column elementor-col-33 elementor-top-column elementor-element elementor-element-c2770fc\" data-id=\"c2770fc\" data-element_type=\"column\">\n\t\t\t<div class=\"elementor-widget-wrap elementor-element-populated\">\n\t\t\t\t\t\t<div class=\"elementor-element elementor-element-59dec75 elementor-widget elementor-widget-text-editor\" data-id=\"59dec75\" data-element_type=\"widget\" data-widget_type=\"text-editor.default\">\n\t\t\t\t<div class=\"elementor-widget-container\">\n\t\t\t\t\t\t\t<p><span style=\"font-family: 'Zilla Slab', sans-serif; background-color: #ffffff;\">Nous avons choisi la st\u00e8le comme support d\u2019exp\u00e9rimentation \u00e0 la mat\u00e9rialisation de ces t\u00e9moignages. Nous avons commenc\u00e9 par exp\u00e9rimenter \u00e0 la main, directement dans la terre avec la forme d\u2019un disque qui doit permettre l\u2019\u00e9coulement de la pluie en son centre, unique contrainte que nous h\u00e9ritons d\u2019une version pr\u00e9c\u00e9dente du projet Data Vessel. Ce disque rappelle une souche o\u00f9 l\u2019on peut lire les lignes de vie, lignes qui ont \u00e9t\u00e9 notre guide, notre objectif formel qui a fa\u00e7onn\u00e9 notre approche sur les logiciels de conception param\u00e9trique. Chaque cercle correspond \u00e0 un t\u00e9moignage audio que nous recevons \u00e0 propos du d\u00e9funt.\u00a0<\/span><span style=\"font-family: 'Zilla Slab', sans-serif; background-color: #ffffff;\">Ces data-t\u00e9moignages ont ensuite \u00e9t\u00e9 imprim\u00e9s en 3D, en plastique et en c\u00e9ramique, puis ont \u00e9t\u00e9 expos\u00e9s au mur de fa\u00e7on \u00e0 cr\u00e9er un dispositif d\u2019\u00e9coute. Lorsque l\u2019on s\u2019approche de la st\u00e8le, la pr\u00e9sence de l\u2019auditeur est d\u00e9tect\u00e9e et l\u2019on peut \u00e9couter les t\u00e9moignages qui ont servi \u00e0 mod\u00e9liser l\u2019objet.<\/span><\/p>\t\t\t\t\t\t<\/div>\n\t\t\t\t<\/div>\n\t\t\t\t\t<\/div>\n\t\t<\/div>\n\t\t\t\t\t<\/div>\n\t\t<\/section>\n\t\t\t\t<\/div>\n\t\t","protected":false},"excerpt":{"rendered":"<p>@Sylvia Frederickson Data-t\u00e9moignage Ann\u00e9e : 2021 \u25ba Avec le programme de recherche Objects, Craft and Computation\u00a0 Expos\u00e9 \u00e0 :\u25ba\u00a0Search bar # 2 \u2013 une exposition de l\u2019ECOLAB, dec 2021, Th\u00e9\u00e2tre d\u2019Orl\u00e9ans Lorsque vient la question de s\u2019int\u00e9resser \u00e0 \u201cce qui reste\u201d d\u2019un\u00b7e d\u00e9funt\u00b7e, certain\u00b7e\u00b7s pensent \u00e0 la tombe, certains pensent aux cendres, aux os. D\u2019autres [&hellip;]<\/p>\n","protected":false},"author":1,"featured_media":0,"parent":0,"menu_order":0,"comment_status":"closed","ping_status":"closed","template":"","meta":{"footnotes":""},"class_list":["post-505","page","type-page","status-publish","hentry"],"yoast_head":"<!-- This site is optimized with the Yoast SEO plugin v26.8 - https:\/\/yoast.com\/product\/yoast-seo-wordpress\/ -->\n<title>Data-t\u00e9moignage - Amelie Samson<\/title>\n<meta name=\"robots\" content=\"index, follow, max-snippet:-1, max-image-preview:large, max-video-preview:-1\" \/>\n<link rel=\"canonical\" href=\"http:\/\/ameliesamson.com\/index.php\/data-temoignage\/\" \/>\n<meta property=\"og:locale\" content=\"fr_FR\" \/>\n<meta property=\"og:type\" content=\"article\" \/>\n<meta property=\"og:title\" content=\"Data-t\u00e9moignage - Amelie Samson\" \/>\n<meta property=\"og:description\" content=\"@Sylvia Frederickson Data-t\u00e9moignage Ann\u00e9e : 2021 \u25ba Avec le programme de recherche Objects, Craft and Computation\u00a0 Expos\u00e9 \u00e0 :\u25ba\u00a0Search bar # 2 \u2013 une exposition de l\u2019ECOLAB, dec 2021, Th\u00e9\u00e2tre d\u2019Orl\u00e9ans Lorsque vient la question de s\u2019int\u00e9resser \u00e0 \u201cce qui reste\u201d d\u2019un\u00b7e d\u00e9funt\u00b7e, certain\u00b7e\u00b7s pensent \u00e0 la tombe, certains pensent aux cendres, aux os. D\u2019autres [&hellip;]\" \/>\n<meta property=\"og:url\" content=\"http:\/\/ameliesamson.com\/index.php\/data-temoignage\/\" \/>\n<meta property=\"og:site_name\" content=\"Amelie Samson\" \/>\n<meta property=\"article:modified_time\" content=\"2022-10-18T09:04:24+00:00\" \/>\n<meta property=\"og:image\" content=\"http:\/\/ameliesamson.com\/wp-content\/uploads\/2022\/06\/bruits_communs.jpg\" \/>\n<meta name=\"twitter:card\" content=\"summary_large_image\" \/>\n<meta name=\"twitter:site\" content=\"@AmlieSamson\" \/>\n<meta name=\"twitter:label1\" content=\"Dur\u00e9e de lecture estim\u00e9e\" \/>\n\t<meta name=\"twitter:data1\" content=\"3 minutes\" \/>\n<script type=\"application\/ld+json\" class=\"yoast-schema-graph\">{\"@context\":\"https:\/\/schema.org\",\"@graph\":[{\"@type\":\"WebPage\",\"@id\":\"http:\/\/ameliesamson.com\/index.php\/data-temoignage\/\",\"url\":\"http:\/\/ameliesamson.com\/index.php\/data-temoignage\/\",\"name\":\"Data-t\u00e9moignage - Amelie Samson\",\"isPartOf\":{\"@id\":\"http:\/\/ameliesamson.com\/#website\"},\"primaryImageOfPage\":{\"@id\":\"http:\/\/ameliesamson.com\/index.php\/data-temoignage\/#primaryimage\"},\"image\":{\"@id\":\"http:\/\/ameliesamson.com\/index.php\/data-temoignage\/#primaryimage\"},\"thumbnailUrl\":\"http:\/\/ameliesamson.com\/wp-content\/uploads\/2022\/06\/bruits_communs.jpg\",\"datePublished\":\"2022-07-01T16:09:35+00:00\",\"dateModified\":\"2022-10-18T09:04:24+00:00\",\"breadcrumb\":{\"@id\":\"http:\/\/ameliesamson.com\/index.php\/data-temoignage\/#breadcrumb\"},\"inLanguage\":\"fr-FR\",\"potentialAction\":[{\"@type\":\"ReadAction\",\"target\":[\"http:\/\/ameliesamson.com\/index.php\/data-temoignage\/\"]}]},{\"@type\":\"ImageObject\",\"inLanguage\":\"fr-FR\",\"@id\":\"http:\/\/ameliesamson.com\/index.php\/data-temoignage\/#primaryimage\",\"url\":\"http:\/\/ameliesamson.com\/wp-content\/uploads\/2022\/06\/bruits_communs.jpg\",\"contentUrl\":\"http:\/\/ameliesamson.com\/wp-content\/uploads\/2022\/06\/bruits_communs.jpg\",\"width\":1080,\"height\":1080,\"caption\":\"Workshop Bruit Communs \/ La Borne \/ C\u00e9ramique \/ Four Phoenix \/ Data t\u00e9moignage\"},{\"@type\":\"BreadcrumbList\",\"@id\":\"http:\/\/ameliesamson.com\/index.php\/data-temoignage\/#breadcrumb\",\"itemListElement\":[{\"@type\":\"ListItem\",\"position\":1,\"name\":\"Accueil\",\"item\":\"http:\/\/ameliesamson.com\/\"},{\"@type\":\"ListItem\",\"position\":2,\"name\":\"Data-t\u00e9moignage\"}]},{\"@type\":\"WebSite\",\"@id\":\"http:\/\/ameliesamson.com\/#website\",\"url\":\"http:\/\/ameliesamson.com\/\",\"name\":\"Amelie Samson\",\"description\":\"\",\"publisher\":{\"@id\":\"http:\/\/ameliesamson.com\/#\/schema\/person\/894f5f1404401bc140412a7266c729ef\"},\"potentialAction\":[{\"@type\":\"SearchAction\",\"target\":{\"@type\":\"EntryPoint\",\"urlTemplate\":\"http:\/\/ameliesamson.com\/?s={search_term_string}\"},\"query-input\":{\"@type\":\"PropertyValueSpecification\",\"valueRequired\":true,\"valueName\":\"search_term_string\"}}],\"inLanguage\":\"fr-FR\"},{\"@type\":[\"Person\",\"Organization\"],\"@id\":\"http:\/\/ameliesamson.com\/#\/schema\/person\/894f5f1404401bc140412a7266c729ef\",\"name\":\"Amelie\",\"image\":{\"@type\":\"ImageObject\",\"inLanguage\":\"fr-FR\",\"@id\":\"http:\/\/ameliesamson.com\/#\/schema\/person\/image\/\",\"url\":\"http:\/\/ameliesamson.com\/wp-content\/uploads\/2024\/09\/LOGO-2024-BQ.jpg\",\"contentUrl\":\"http:\/\/ameliesamson.com\/wp-content\/uploads\/2024\/09\/LOGO-2024-BQ.jpg\",\"width\":1080,\"height\":1080,\"caption\":\"Amelie\"},\"logo\":{\"@id\":\"http:\/\/ameliesamson.com\/#\/schema\/person\/image\/\"},\"sameAs\":[\"http:\/\/ameliesamson.com\/\",\"https:\/\/www.instagram.com\/am.sam_design\/\",\"https:\/\/fr.linkedin.com\/in\/amlie-samson-a4b9ba166\",\"https:\/\/x.com\/https:\/\/twitter.com\/AmlieSamson\"]}]}<\/script>\n<!-- \/ Yoast SEO plugin. -->","yoast_head_json":{"title":"Data-t\u00e9moignage - Amelie Samson","robots":{"index":"index","follow":"follow","max-snippet":"max-snippet:-1","max-image-preview":"max-image-preview:large","max-video-preview":"max-video-preview:-1"},"canonical":"http:\/\/ameliesamson.com\/index.php\/data-temoignage\/","og_locale":"fr_FR","og_type":"article","og_title":"Data-t\u00e9moignage - Amelie Samson","og_description":"@Sylvia Frederickson Data-t\u00e9moignage Ann\u00e9e : 2021 \u25ba Avec le programme de recherche Objects, Craft and Computation\u00a0 Expos\u00e9 \u00e0 :\u25ba\u00a0Search bar # 2 \u2013 une exposition de l\u2019ECOLAB, dec 2021, Th\u00e9\u00e2tre d\u2019Orl\u00e9ans Lorsque vient la question de s\u2019int\u00e9resser \u00e0 \u201cce qui reste\u201d d\u2019un\u00b7e d\u00e9funt\u00b7e, certain\u00b7e\u00b7s pensent \u00e0 la tombe, certains pensent aux cendres, aux os. D\u2019autres [&hellip;]","og_url":"http:\/\/ameliesamson.com\/index.php\/data-temoignage\/","og_site_name":"Amelie Samson","article_modified_time":"2022-10-18T09:04:24+00:00","og_image":[{"url":"http:\/\/ameliesamson.com\/wp-content\/uploads\/2022\/06\/bruits_communs.jpg","type":"","width":"","height":""}],"twitter_card":"summary_large_image","twitter_site":"@AmlieSamson","twitter_misc":{"Dur\u00e9e de lecture estim\u00e9e":"3 minutes"},"schema":{"@context":"https:\/\/schema.org","@graph":[{"@type":"WebPage","@id":"http:\/\/ameliesamson.com\/index.php\/data-temoignage\/","url":"http:\/\/ameliesamson.com\/index.php\/data-temoignage\/","name":"Data-t\u00e9moignage - Amelie Samson","isPartOf":{"@id":"http:\/\/ameliesamson.com\/#website"},"primaryImageOfPage":{"@id":"http:\/\/ameliesamson.com\/index.php\/data-temoignage\/#primaryimage"},"image":{"@id":"http:\/\/ameliesamson.com\/index.php\/data-temoignage\/#primaryimage"},"thumbnailUrl":"http:\/\/ameliesamson.com\/wp-content\/uploads\/2022\/06\/bruits_communs.jpg","datePublished":"2022-07-01T16:09:35+00:00","dateModified":"2022-10-18T09:04:24+00:00","breadcrumb":{"@id":"http:\/\/ameliesamson.com\/index.php\/data-temoignage\/#breadcrumb"},"inLanguage":"fr-FR","potentialAction":[{"@type":"ReadAction","target":["http:\/\/ameliesamson.com\/index.php\/data-temoignage\/"]}]},{"@type":"ImageObject","inLanguage":"fr-FR","@id":"http:\/\/ameliesamson.com\/index.php\/data-temoignage\/#primaryimage","url":"http:\/\/ameliesamson.com\/wp-content\/uploads\/2022\/06\/bruits_communs.jpg","contentUrl":"http:\/\/ameliesamson.com\/wp-content\/uploads\/2022\/06\/bruits_communs.jpg","width":1080,"height":1080,"caption":"Workshop Bruit Communs \/ La Borne \/ C\u00e9ramique \/ Four Phoenix \/ Data t\u00e9moignage"},{"@type":"BreadcrumbList","@id":"http:\/\/ameliesamson.com\/index.php\/data-temoignage\/#breadcrumb","itemListElement":[{"@type":"ListItem","position":1,"name":"Accueil","item":"http:\/\/ameliesamson.com\/"},{"@type":"ListItem","position":2,"name":"Data-t\u00e9moignage"}]},{"@type":"WebSite","@id":"http:\/\/ameliesamson.com\/#website","url":"http:\/\/ameliesamson.com\/","name":"Amelie Samson","description":"","publisher":{"@id":"http:\/\/ameliesamson.com\/#\/schema\/person\/894f5f1404401bc140412a7266c729ef"},"potentialAction":[{"@type":"SearchAction","target":{"@type":"EntryPoint","urlTemplate":"http:\/\/ameliesamson.com\/?s={search_term_string}"},"query-input":{"@type":"PropertyValueSpecification","valueRequired":true,"valueName":"search_term_string"}}],"inLanguage":"fr-FR"},{"@type":["Person","Organization"],"@id":"http:\/\/ameliesamson.com\/#\/schema\/person\/894f5f1404401bc140412a7266c729ef","name":"Amelie","image":{"@type":"ImageObject","inLanguage":"fr-FR","@id":"http:\/\/ameliesamson.com\/#\/schema\/person\/image\/","url":"http:\/\/ameliesamson.com\/wp-content\/uploads\/2024\/09\/LOGO-2024-BQ.jpg","contentUrl":"http:\/\/ameliesamson.com\/wp-content\/uploads\/2024\/09\/LOGO-2024-BQ.jpg","width":1080,"height":1080,"caption":"Amelie"},"logo":{"@id":"http:\/\/ameliesamson.com\/#\/schema\/person\/image\/"},"sameAs":["http:\/\/ameliesamson.com\/","https:\/\/www.instagram.com\/am.sam_design\/","https:\/\/fr.linkedin.com\/in\/amlie-samson-a4b9ba166","https:\/\/x.com\/https:\/\/twitter.com\/AmlieSamson"]}]}},"_links":{"self":[{"href":"http:\/\/ameliesamson.com\/index.php\/wp-json\/wp\/v2\/pages\/505","targetHints":{"allow":["GET"]}}],"collection":[{"href":"http:\/\/ameliesamson.com\/index.php\/wp-json\/wp\/v2\/pages"}],"about":[{"href":"http:\/\/ameliesamson.com\/index.php\/wp-json\/wp\/v2\/types\/page"}],"author":[{"embeddable":true,"href":"http:\/\/ameliesamson.com\/index.php\/wp-json\/wp\/v2\/users\/1"}],"replies":[{"embeddable":true,"href":"http:\/\/ameliesamson.com\/index.php\/wp-json\/wp\/v2\/comments?post=505"}],"version-history":[{"count":32,"href":"http:\/\/ameliesamson.com\/index.php\/wp-json\/wp\/v2\/pages\/505\/revisions"}],"predecessor-version":[{"id":896,"href":"http:\/\/ameliesamson.com\/index.php\/wp-json\/wp\/v2\/pages\/505\/revisions\/896"}],"wp:attachment":[{"href":"http:\/\/ameliesamson.com\/index.php\/wp-json\/wp\/v2\/media?parent=505"}],"curies":[{"name":"wp","href":"https:\/\/api.w.org\/{rel}","templated":true}]}}